{"id":57505,"date":"2024-02-05T09:22:58","date_gmt":"2024-02-05T09:22:58","guid":{"rendered":"https:\/\/otosoket.com\/?page_id=57505"},"modified":"2024-02-05T09:22:58","modified_gmt":"2024-02-05T09:22:58","slug":"geri-odeme-ve-iade-kosullari","status":"publish","type":"page","link":"https:\/\/otosoket.com\/index.php\/geri-odeme-ve-iade-kosullari\/","title":{"rendered":"Geri \u00d6deme ve \u0130ade Ko\u015fullar\u0131"},"content":{"rendered":"<p><strong>otosoket.com<\/strong>, t\u00fcketici lehine hareket etmeyi, her t\u00fcrl\u00fc sorunu yasaca belirlenmi\u015f s\u00fcreden daha erken ve kalite politikas\u0131na uygun olarak \u00e7\u00f6zmeyi temel ilke edinmi\u015ftir.<\/p>\n<p><strong>otosoket.com<\/strong>\u00a0&#8216;dan sat\u0131n al\u0131nan \u00fcr\u00fcnler, teslim tarihinden itibaren (7) g\u00fcn i\u00e7erisinde iade edilebilir.<\/p>\n<p>&nbsp;<\/p>\n<p><strong>Bir \u00fcr\u00fcn\u00fcn iade edilebilmesi genel olarak a\u015fa\u011f\u0131daki \u015fartlara ba\u011fl\u0131d\u0131r:<\/strong><\/p>\n<ul class=\"std\">\n<li>Sat\u0131n ald\u0131\u011f\u0131n\u0131z \u00fcr\u00fcnleri tahrip etmeden, kullanmadan ve \u00fcr\u00fcn\u00fcn tekrar sat\u0131labilirli\u011fini bozmadan, teslim tarihinden itibaren yedi (7) g\u00fcnl\u00fck s\u00fcre i\u00e7inde neden belirterek iade edebilirsiniz.<\/li>\n<li>Kullan\u0131lm\u0131\u015f, ambalaj\u0131 a\u00e7\u0131lm\u0131\u015f, tahrip edilmi\u015f vb. \u015fekildeki \u00fcr\u00fcnler iade edilemez.<\/li>\n<li>Orijinal ambalaja sahip \u00fcr\u00fcnlerin iadesi, orijinal ambalaj ile yap\u0131lmal\u0131d\u0131r.<\/li>\n<li>\u0130ade edilecek \u00fcr\u00fcn\u00fcn \u015firketimiz ad\u0131na kesilecek bir iade faturas\u0131 ile iade faturas\u0131 d\u00fczenleme imkan\u0131 bulunmayan durumlarda, \u00fcr\u00fcne ait fatura ve sevk irsaliyesinin asl\u0131yla birlikte iade edilmesi gerekmektedir. \u0130ade faturas\u0131 ya da fatura ve sevk irsaliyesi as\u0131llar\u0131n\u0131n temin edilemedi\u011fi durumlarda, bundan kaynaklanan KDV vb. mali y\u00fck\u00fcml\u00fcl\u00fckler iade edilecek bedelden indirilir.<\/li>\n<li>\u00dcr\u00fcnde ve ambalaj\u0131nda herhangi bir yaz\u0131 yazma, a\u00e7\u0131lma, bozulma, k\u0131r\u0131lma, tahrip, y\u0131rt\u0131lma, kullan\u0131lma vb. durumlar tespit edildi\u011fi hallerde ve \u00fcr\u00fcn\u00fcn m\u00fc\u015fteriye teslim edildi\u011fi andaki hali ile iade edilememesi durumunda, \u00fcr\u00fcn iade al\u0131nmaz ve bedeli iade edilmez.<\/li>\n<li>\u0130adesi yap\u0131lacak olan \u00fcr\u00fcnler,\u00a0otosoket.com&#8217;un sipari\u015finizi size g\u00f6nderdi\u011fi kargo \u015firketleri taraf\u0131ndan bize ula\u015ft\u0131r\u0131lmal\u0131d\u0131r.\u00a0Hasarl\u0131 ve ar\u0131zal\u0131 \u00fcr\u00fcnler, teslimat tarihinden sonra ilk 7 (yedi) g\u00fcn i\u00e7erisinde elimize ge\u00e7ti\u011fi taktirde ula\u015f\u0131m masraf\u0131 taraf\u0131m\u0131zdan kar\u015f\u0131lanacakt\u0131r. Aksi taktirde ula\u015f\u0131m masraf\u0131 m\u00fc\u015fterimize aittir.<\/li>\n<li>\u0130ade edilecek \u00fcr\u00fcnler i\u00e7in al\u0131c\u0131; &#8220;OTOSOKET ATATE\u015e\u0130R\/\u0130STANBUL&#8221; olarak belirtilmelidir.<\/li>\n<\/ul>\n<div><strong>\u0130ade Adresi:<\/strong>M.Sinan Mh.Yedpa Tic.Mrkz.E\u00a0Cad.No:62<\/p>\n<p>ATA\u015eEH\u0130R\/\u0130STANBUL<\/p>\n<\/div>\n","protected":false},"excerpt":{"rendered":"<p>otosoket.com, t\u00fcketici lehine hareket etmeyi, her t\u00fcrl\u00fc sorunu yasaca belirlenmi\u015f s\u00fcreden daha erken ve kalite politikas\u0131na uygun olarak \u00e7\u00f6zmeyi temel ilke edinmi\u015ftir. otosoket.com\u00a0&#8216;dan sat\u0131n al\u0131nan \u00fcr\u00fcnler, teslim tarihinden itibaren (7) g\u00fcn i\u00e7erisinde iade edilebilir. &nbsp; Bir \u00fcr\u00fcn\u00fcn iade edilebilmesi genel olarak a\u015fa\u011f\u0131daki \u015fartlara ba\u011fl\u0131d\u0131r: Sat\u0131n ald\u0131\u011f\u0131n\u0131z \u00fcr\u00fcnleri tahrip etmeden, kullanmadan ve \u00fcr\u00fcn\u00fcn tekrar sat\u0131labilirli\u011fini bozmadan,<\/p>\n<div class=\"klb-readmore\"><a href=\"https:\/\/otosoket.com\/index.php\/geri-odeme-ve-iade-kosullari\/\" class=\"btn btn-upper btn-primary read-more\">READ MORE<\/a><\/div>\n","protected":false},"author":1,"featured_media":0,"parent":0,"menu_order":0,"comment_status":"closed","ping_status":"closed","template":"","meta":{"footnotes":""},"class_list":["post-57505","page","type-page","status-publish","hentry"],"_links":{"self":[{"href":"https:\/\/otosoket.com\/index.php\/wp-json\/wp\/v2\/pages\/57505","targetHints":{"allow":["GET"]}}],"collection":[{"href":"https:\/\/otosoket.com\/index.php\/wp-json\/wp\/v2\/pages"}],"about":[{"href":"https:\/\/otosoket.com\/index.php\/wp-json\/wp\/v2\/types\/page"}],"author":[{"embeddable":true,"href":"https:\/\/otosoket.com\/index.php\/wp-json\/wp\/v2\/users\/1"}],"replies":[{"embeddable":true,"href":"https:\/\/otosoket.com\/index.php\/wp-json\/wp\/v2\/comments?post=57505"}],"version-history":[{"count":0,"href":"https:\/\/otosoket.com\/index.php\/wp-json\/wp\/v2\/pages\/57505\/revisions"}],"wp:attachment":[{"href":"https:\/\/otosoket.com\/index.php\/wp-json\/wp\/v2\/media?parent=57505"}],"curies":[{"name":"wp","href":"https:\/\/api.w.org\/{rel}","templated":true}]}}