{"id":55976,"date":"2023-10-29T10:01:42","date_gmt":"2023-10-29T10:01:42","guid":{"rendered":"https:\/\/otosoket.com\/index.php\/product\/yag-musur-soketi-karsiligi\/"},"modified":"2026-03-10T06:59:15","modified_gmt":"2026-03-10T06:59:15","slug":"yag-musur-soketi-karsiligi","status":"publish","type":"product","link":"https:\/\/otosoket.com\/index.php\/product\/yag-musur-soketi-karsiligi\/","title":{"rendered":"1K001 E"},"content":{"rendered":"<p>________________________________________________________________________________________________________________________________________________________<\/p>\n<p><strong>OEM:<\/strong>\u00a0<span style=\"color: #ffffff;\"> 4026736026639\/4026736478681<\/span><\/p>\n<p>________________________________________________________________________________________________________________________________________________________<\/p>\n","protected":false},"excerpt":{"rendered":"<ul>\n<li><strong>Ya\u011f M\u00fc\u015f\u00fcr Soketi Kar\u015f\u0131l\u0131\u011f\u0131<\/strong><\/li>\n<\/ul>\n","protected":false},"featured_media":62774,"template":"","meta":[],"product_brand":[],"product_cat":[90,87,114,115,124,89,104],"product_tag":[],"class_list":{"0":"post-55976","1":"product","2":"type-product","3":"status-publish","4":"has-post-thumbnail","6":"product_cat-1-kablolu-soketler","7":"product_cat-arac-grubu","8":"product_cat-fiat","9":"product_cat-opel","10":"product_cat-peugeot","11":"product_cat-soket-grubu","12":"product_cat-universal","14":"first","15":"instock","16":"taxable","17":"shipping-taxable","18":"purchasable","19":"product-type-simple"},"_links":{"self":[{"href":"https:\/\/otosoket.com\/index.php\/wp-json\/wp\/v2\/product\/55976","targetHints":{"allow":["GET"]}}],"collection":[{"href":"https:\/\/otosoket.com\/index.php\/wp-json\/wp\/v2\/product"}],"about":[{"href":"https:\/\/otosoket.com\/index.php\/wp-json\/wp\/v2\/types\/product"}],"wp:featuredmedia":[{"embeddable":true,"href":"https:\/\/otosoket.com\/index.php\/wp-json\/wp\/v2\/media\/62774"}],"wp:attachment":[{"href":"https:\/\/otosoket.com\/index.php\/wp-json\/wp\/v2\/media?parent=55976"}],"wp:term":[{"taxonomy":"product_brand","embeddable":true,"href":"https:\/\/otosoket.com\/index.php\/wp-json\/wp\/v2\/product_brand?post=55976"},{"taxonomy":"product_cat","embeddable":true,"href":"https:\/\/otosoket.com\/index.php\/wp-json\/wp\/v2\/product_cat?post=55976"},{"taxonomy":"product_tag","embeddable":true,"href":"https:\/\/otosoket.com\/index.php\/wp-json\/wp\/v2\/product_tag?post=55976"}],"curies":[{"name":"wp","href":"https:\/\/api.w.org\/{rel}","templated":true}]}}