{"id":56032,"date":"2023-10-29T10:02:15","date_gmt":"2023-10-29T10:02:15","guid":{"rendered":"https:\/\/otosoket.com\/index.php\/product\/fan-musur-soketi-kahve\/"},"modified":"2026-03-12T11:28:54","modified_gmt":"2026-03-12T11:28:54","slug":"fan-musur-soketi-kahve","status":"publish","type":"product","link":"https:\/\/otosoket.com\/index.php\/product\/fan-musur-soketi-kahve\/","title":{"rendered":"2K011 A"},"content":{"rendered":"<p>________________________________________________________________________________________________________________________________________________________OEM Fan M\u00fc\u015f\u00fcr Soketi<\/p>\n<p>________________________________________________________________________________________________________________________________________________________<\/p>\n","protected":false},"excerpt":{"rendered":"<ul>\n<li>FAN M\u00dc\u015e\u00dcR SOKET\u0130 KAHVE<\/li>\n<\/ul>\n","protected":false},"featured_media":62862,"template":"","meta":[],"product_brand":[],"product_cat":[91,87,130,129,89],"product_tag":[],"class_list":{"0":"post-56032","1":"product","2":"type-product","3":"status-publish","4":"has-post-thumbnail","6":"product_cat-2-kablolu-soketler","7":"product_cat-arac-grubu","8":"product_cat-dacia","9":"product_cat-renault","10":"product_cat-soket-grubu","12":"first","13":"instock","14":"taxable","15":"shipping-taxable","16":"purchasable","17":"product-type-simple"},"_links":{"self":[{"href":"https:\/\/otosoket.com\/index.php\/wp-json\/wp\/v2\/product\/56032","targetHints":{"allow":["GET"]}}],"collection":[{"href":"https:\/\/otosoket.com\/index.php\/wp-json\/wp\/v2\/product"}],"about":[{"href":"https:\/\/otosoket.com\/index.php\/wp-json\/wp\/v2\/types\/product"}],"wp:featuredmedia":[{"embeddable":true,"href":"https:\/\/otosoket.com\/index.php\/wp-json\/wp\/v2\/media\/62862"}],"wp:attachment":[{"href":"https:\/\/otosoket.com\/index.php\/wp-json\/wp\/v2\/media?parent=56032"}],"wp:term":[{"taxonomy":"product_brand","embeddable":true,"href":"https:\/\/otosoket.com\/index.php\/wp-json\/wp\/v2\/product_brand?post=56032"},{"taxonomy":"product_cat","embeddable":true,"href":"https:\/\/otosoket.com\/index.php\/wp-json\/wp\/v2\/product_cat?post=56032"},{"taxonomy":"product_tag","embeddable":true,"href":"https:\/\/otosoket.com\/index.php\/wp-json\/wp\/v2\/product_tag?post=56032"}],"curies":[{"name":"wp","href":"https:\/\/api.w.org\/{rel}","templated":true}]}}