{"id":56048,"date":"2023-10-29T10:02:23","date_gmt":"2023-10-29T10:02:23","guid":{"rendered":"https:\/\/otosoket.com\/index.php\/product\/soket-17\/"},"modified":"2026-03-10T08:31:12","modified_gmt":"2026-03-10T08:31:12","slug":"soket-17","status":"publish","type":"product","link":"https:\/\/otosoket.com\/index.php\/product\/soket-17\/","title":{"rendered":"2K018 F"},"content":{"rendered":"<p>________________________________________________________________________________________________________________________________________________________<\/p>\n<p><strong>OEM ABS Teker H\u0131z Sens\u00f6r\u00fc Soketi :<\/strong> <span style=\"color: #ffffff;\">340620026 \/4779980AC\/<\/span><\/p>\n<p>________________________________________________________________________________________________________________________________________________________<\/p>\n","protected":false},"excerpt":{"rendered":"<ul>\n<li>ABS Tekerlek H\u0131z Sens\u00f6r\u00fc Soketi<\/li>\n<\/ul>\n","protected":false},"featured_media":62878,"template":"","meta":[],"product_brand":[],"product_cat":[91,87,89],"product_tag":[],"class_list":{"0":"post-56048","1":"product","2":"type-product","3":"status-publish","4":"has-post-thumbnail","6":"product_cat-2-kablolu-soketler","7":"product_cat-arac-grubu","8":"product_cat-soket-grubu","10":"first","11":"instock","12":"taxable","13":"shipping-taxable","14":"purchasable","15":"product-type-simple"},"_links":{"self":[{"href":"https:\/\/otosoket.com\/index.php\/wp-json\/wp\/v2\/product\/56048","targetHints":{"allow":["GET"]}}],"collection":[{"href":"https:\/\/otosoket.com\/index.php\/wp-json\/wp\/v2\/product"}],"about":[{"href":"https:\/\/otosoket.com\/index.php\/wp-json\/wp\/v2\/types\/product"}],"wp:featuredmedia":[{"embeddable":true,"href":"https:\/\/otosoket.com\/index.php\/wp-json\/wp\/v2\/media\/62878"}],"wp:attachment":[{"href":"https:\/\/otosoket.com\/index.php\/wp-json\/wp\/v2\/media?parent=56048"}],"wp:term":[{"taxonomy":"product_brand","embeddable":true,"href":"https:\/\/otosoket.com\/index.php\/wp-json\/wp\/v2\/product_brand?post=56048"},{"taxonomy":"product_cat","embeddable":true,"href":"https:\/\/otosoket.com\/index.php\/wp-json\/wp\/v2\/product_cat?post=56048"},{"taxonomy":"product_tag","embeddable":true,"href":"https:\/\/otosoket.com\/index.php\/wp-json\/wp\/v2\/product_tag?post=56048"}],"curies":[{"name":"wp","href":"https:\/\/api.w.org\/{rel}","templated":true}]}}