{"id":56061,"date":"2023-10-29T10:02:32","date_gmt":"2023-10-29T10:02:32","guid":{"rendered":"https:\/\/otosoket.com\/index.php\/product\/sis-soket-karsiligi\/"},"modified":"2026-04-08T12:42:05","modified_gmt":"2026-04-08T12:42:05","slug":"sis-soket-karsiligi","status":"publish","type":"product","link":"https:\/\/otosoket.com\/index.php\/product\/sis-soket-karsiligi\/","title":{"rendered":"2K024 E"},"content":{"rendered":"<p>FIAT DOBLO<\/p>\n","protected":false},"excerpt":{"rendered":"<ul>\n<li>S\u0130S SOKET KAR\u015eILI\u011eI<\/li>\n<\/ul>\n","protected":false},"featured_media":62899,"template":"","meta":[],"product_brand":[],"product_cat":[91,87,130,114,115,129,89],"product_tag":[],"class_list":{"0":"post-56061","1":"product","2":"type-product","3":"status-publish","4":"has-post-thumbnail","6":"product_cat-2-kablolu-soketler","7":"product_cat-arac-grubu","8":"product_cat-dacia","9":"product_cat-fiat","10":"product_cat-opel","11":"product_cat-renault","12":"product_cat-soket-grubu","14":"first","15":"instock","16":"taxable","17":"shipping-taxable","18":"purchasable","19":"product-type-simple"},"_links":{"self":[{"href":"https:\/\/otosoket.com\/index.php\/wp-json\/wp\/v2\/product\/56061","targetHints":{"allow":["GET"]}}],"collection":[{"href":"https:\/\/otosoket.com\/index.php\/wp-json\/wp\/v2\/product"}],"about":[{"href":"https:\/\/otosoket.com\/index.php\/wp-json\/wp\/v2\/types\/product"}],"wp:featuredmedia":[{"embeddable":true,"href":"https:\/\/otosoket.com\/index.php\/wp-json\/wp\/v2\/media\/62899"}],"wp:attachment":[{"href":"https:\/\/otosoket.com\/index.php\/wp-json\/wp\/v2\/media?parent=56061"}],"wp:term":[{"taxonomy":"product_brand","embeddable":true,"href":"https:\/\/otosoket.com\/index.php\/wp-json\/wp\/v2\/product_brand?post=56061"},{"taxonomy":"product_cat","embeddable":true,"href":"https:\/\/otosoket.com\/index.php\/wp-json\/wp\/v2\/product_cat?post=56061"},{"taxonomy":"product_tag","embeddable":true,"href":"https:\/\/otosoket.com\/index.php\/wp-json\/wp\/v2\/product_tag?post=56061"}],"curies":[{"name":"wp","href":"https:\/\/api.w.org\/{rel}","templated":true}]}}