{"id":56067,"date":"2023-10-29T10:02:35","date_gmt":"2023-10-29T10:02:35","guid":{"rendered":"https:\/\/otosoket.com\/index.php\/product\/sarj-dinamo-donusturucu-soket\/"},"modified":"2026-03-11T13:02:23","modified_gmt":"2026-03-11T13:02:23","slug":"sarj-dinamo-donusturucu-soket","status":"publish","type":"product","link":"https:\/\/otosoket.com\/index.php\/product\/sarj-dinamo-donusturucu-soket\/","title":{"rendered":"2K027 B"},"content":{"rendered":"","protected":false},"excerpt":{"rendered":"<p>\u015eARJ D\u0130NAMO D\u00d6N\u00dc\u015eT\u00dcR\u00dcC\u00dc SOKET<\/p>\n","protected":false},"featured_media":62907,"template":"","meta":[],"product_brand":[],"product_cat":[91,87,111,113,105,89,112],"product_tag":[],"class_list":{"0":"post-56067","1":"product","2":"type-product","3":"status-publish","4":"has-post-thumbnail","6":"product_cat-2-kablolu-soketler","7":"product_cat-arac-grubu","8":"product_cat-honda","9":"product_cat-mazda","10":"product_cat-nissan","11":"product_cat-soket-grubu","12":"product_cat-toyota","14":"first","15":"instock","16":"taxable","17":"shipping-taxable","18":"purchasable","19":"product-type-simple"},"_links":{"self":[{"href":"https:\/\/otosoket.com\/index.php\/wp-json\/wp\/v2\/product\/56067","targetHints":{"allow":["GET"]}}],"collection":[{"href":"https:\/\/otosoket.com\/index.php\/wp-json\/wp\/v2\/product"}],"about":[{"href":"https:\/\/otosoket.com\/index.php\/wp-json\/wp\/v2\/types\/product"}],"wp:featuredmedia":[{"embeddable":true,"href":"https:\/\/otosoket.com\/index.php\/wp-json\/wp\/v2\/media\/62907"}],"wp:attachment":[{"href":"https:\/\/otosoket.com\/index.php\/wp-json\/wp\/v2\/media?parent=56067"}],"wp:term":[{"taxonomy":"product_brand","embeddable":true,"href":"https:\/\/otosoket.com\/index.php\/wp-json\/wp\/v2\/product_brand?post=56067"},{"taxonomy":"product_cat","embeddable":true,"href":"https:\/\/otosoket.com\/index.php\/wp-json\/wp\/v2\/product_cat?post=56067"},{"taxonomy":"product_tag","embeddable":true,"href":"https:\/\/otosoket.com\/index.php\/wp-json\/wp\/v2\/product_tag?post=56067"}],"curies":[{"name":"wp","href":"https:\/\/api.w.org\/{rel}","templated":true}]}}