{"id":56072,"date":"2023-10-29T10:02:38","date_gmt":"2023-10-29T10:02:38","guid":{"rendered":"https:\/\/otosoket.com\/index.php\/product\/soket-23\/"},"modified":"2026-03-10T09:15:50","modified_gmt":"2026-03-10T09:15:50","slug":"soket-23","status":"publish","type":"product","link":"https:\/\/otosoket.com\/index.php\/product\/soket-23\/","title":{"rendered":"2K030 B"},"content":{"rendered":"<p>________________________________________________________________________________________________________________________________________________________<\/p>\n<p><strong>OEM Yak\u0131t Enjekt\u00f6r\u00fc Soketi :<\/strong> <span style=\"color: #ffffff;\">6189-6904\/<\/span><\/p>\n<ul>\n<li>HONDA Yak\u0131t Enjekt\u00f6r\u00fc Soketi\u00a0 <span style=\"color: #ffffff;\">CB400\u00a0<\/span><\/li>\n<li>NISSAN Yak\u0131t Enjekt\u00f6r\u00fc Soketi \u00a0<span style=\"color: #ffffff;\">2pc 37577<\/span><\/li>\n<\/ul>\n<p>________________________________________________________________________________________________________________________________________________________<\/p>\n<p>&nbsp;<\/p>\n<p>________________________________________________________________________________________________________________________________________________________<\/p>\n","protected":false},"excerpt":{"rendered":"<ul>\n<li><strong>Yak\u0131t Enjekt\u00f6r\u00fc Soketi<\/strong><\/li>\n<\/ul>\n","protected":false},"featured_media":62938,"template":"","meta":[],"product_brand":[],"product_cat":[91,87,111,105,89,172],"product_tag":[],"class_list":{"0":"post-56072","1":"product","2":"type-product","3":"status-publish","4":"has-post-thumbnail","6":"product_cat-2-kablolu-soketler","7":"product_cat-arac-grubu","8":"product_cat-honda","9":"product_cat-nissan","10":"product_cat-soket-grubu","11":"product_cat-suzuki","13":"first","14":"instock","15":"taxable","16":"shipping-taxable","17":"purchasable","18":"product-type-simple"},"_links":{"self":[{"href":"https:\/\/otosoket.com\/index.php\/wp-json\/wp\/v2\/product\/56072","targetHints":{"allow":["GET"]}}],"collection":[{"href":"https:\/\/otosoket.com\/index.php\/wp-json\/wp\/v2\/product"}],"about":[{"href":"https:\/\/otosoket.com\/index.php\/wp-json\/wp\/v2\/types\/product"}],"wp:featuredmedia":[{"embeddable":true,"href":"https:\/\/otosoket.com\/index.php\/wp-json\/wp\/v2\/media\/62938"}],"wp:attachment":[{"href":"https:\/\/otosoket.com\/index.php\/wp-json\/wp\/v2\/media?parent=56072"}],"wp:term":[{"taxonomy":"product_brand","embeddable":true,"href":"https:\/\/otosoket.com\/index.php\/wp-json\/wp\/v2\/product_brand?post=56072"},{"taxonomy":"product_cat","embeddable":true,"href":"https:\/\/otosoket.com\/index.php\/wp-json\/wp\/v2\/product_cat?post=56072"},{"taxonomy":"product_tag","embeddable":true,"href":"https:\/\/otosoket.com\/index.php\/wp-json\/wp\/v2\/product_tag?post=56072"}],"curies":[{"name":"wp","href":"https:\/\/api.w.org\/{rel}","templated":true}]}}