{"id":56076,"date":"2023-10-29T10:02:40","date_gmt":"2023-10-29T10:02:40","guid":{"rendered":"https:\/\/otosoket.com\/index.php\/product\/park-lamba-kapi-swic-soketi\/"},"modified":"2026-04-10T16:25:23","modified_gmt":"2026-04-10T16:25:23","slug":"park-lamba-kapi-swic-soketi","status":"publish","type":"product","link":"https:\/\/otosoket.com\/index.php\/product\/park-lamba-kapi-swic-soketi\/","title":{"rendered":"2K032 A"},"content":{"rendered":"","protected":false},"excerpt":{"rendered":"<p>PARK LAMBA \/ KAP\u0130 SW\u0130C SOKET\u0130<\/p>\n","protected":false},"featured_media":62920,"template":"","meta":[],"product_brand":[],"product_cat":[91,87,130,129,89],"product_tag":[],"class_list":{"0":"post-56076","1":"product","2":"type-product","3":"status-publish","4":"has-post-thumbnail","6":"product_cat-2-kablolu-soketler","7":"product_cat-arac-grubu","8":"product_cat-dacia","9":"product_cat-renault","10":"product_cat-soket-grubu","12":"first","13":"instock","14":"taxable","15":"shipping-taxable","16":"purchasable","17":"product-type-simple"},"_links":{"self":[{"href":"https:\/\/otosoket.com\/index.php\/wp-json\/wp\/v2\/product\/56076","targetHints":{"allow":["GET"]}}],"collection":[{"href":"https:\/\/otosoket.com\/index.php\/wp-json\/wp\/v2\/product"}],"about":[{"href":"https:\/\/otosoket.com\/index.php\/wp-json\/wp\/v2\/types\/product"}],"wp:featuredmedia":[{"embeddable":true,"href":"https:\/\/otosoket.com\/index.php\/wp-json\/wp\/v2\/media\/62920"}],"wp:attachment":[{"href":"https:\/\/otosoket.com\/index.php\/wp-json\/wp\/v2\/media?parent=56076"}],"wp:term":[{"taxonomy":"product_brand","embeddable":true,"href":"https:\/\/otosoket.com\/index.php\/wp-json\/wp\/v2\/product_brand?post=56076"},{"taxonomy":"product_cat","embeddable":true,"href":"https:\/\/otosoket.com\/index.php\/wp-json\/wp\/v2\/product_cat?post=56076"},{"taxonomy":"product_tag","embeddable":true,"href":"https:\/\/otosoket.com\/index.php\/wp-json\/wp\/v2\/product_tag?post=56076"}],"curies":[{"name":"wp","href":"https:\/\/api.w.org\/{rel}","templated":true}]}}