{"id":56087,"date":"2023-10-29T10:02:47","date_gmt":"2023-10-29T10:02:47","guid":{"rendered":"https:\/\/otosoket.com\/index.php\/product\/soket-29\/"},"modified":"2026-03-10T09:19:16","modified_gmt":"2026-03-10T09:19:16","slug":"soket-29","status":"publish","type":"product","link":"https:\/\/otosoket.com\/index.php\/product\/soket-29\/","title":{"rendered":"2K037 C"},"content":{"rendered":"<p>________________________________________________________________________________________________________________________________________________________<\/p>\n<p><strong>\u00a0OEM\u00a0<span id=\"productTitle\" class=\"a-size-large product-title-word-break\">Krank Mili Konum Sens\u00f6r\u00fc Soketi\u00a0<\/span>:<\/strong>\u00a0<span style=\"color: #ffffff;\"> 7283-7026-30\/90980-10887\/<\/span><\/p>\n<ul>\n<li class=\"s-item__title\"><span role=\"heading\" aria-level=\"3\">Toyota <span id=\"productTitle\" class=\"a-size-large product-title-word-break\">Krank Mili Konum Sens\u00f6r\u00fc Soketi<\/span><\/span><\/li>\n<li class=\"s-item__title\">Lexus <span id=\"productTitle\" class=\"a-size-large product-title-word-break\">Krank Mili Konum Sens\u00f6r\u00fc Soketi<\/span><\/li>\n<\/ul>\n<p>________________________________________________________________________________________________________________________________________________________<\/p>\n<p>________________________________________________________________________________________________________________________________________________________<\/p>\n","protected":false},"excerpt":{"rendered":"<ul>\n<li><strong><span id=\"productTitle\" class=\"a-size-large product-title-word-break\">Krank Mili Konum Sens\u00f6r\u00fc Soketi<\/span><\/strong><\/li>\n<li><strong>Sis Lambas\u0131 Ba\u011flant\u0131 Soketi<\/strong><\/li>\n<\/ul>\n","protected":false},"featured_media":62932,"template":"","meta":[],"product_brand":[],"product_cat":[91,87,89,112],"product_tag":[],"class_list":{"0":"post-56087","1":"product","2":"type-product","3":"status-publish","4":"has-post-thumbnail","6":"product_cat-2-kablolu-soketler","7":"product_cat-arac-grubu","8":"product_cat-soket-grubu","9":"product_cat-toyota","11":"first","12":"instock","13":"taxable","14":"shipping-taxable","15":"purchasable","16":"product-type-simple"},"_links":{"self":[{"href":"https:\/\/otosoket.com\/index.php\/wp-json\/wp\/v2\/product\/56087","targetHints":{"allow":["GET"]}}],"collection":[{"href":"https:\/\/otosoket.com\/index.php\/wp-json\/wp\/v2\/product"}],"about":[{"href":"https:\/\/otosoket.com\/index.php\/wp-json\/wp\/v2\/types\/product"}],"wp:featuredmedia":[{"embeddable":true,"href":"https:\/\/otosoket.com\/index.php\/wp-json\/wp\/v2\/media\/62932"}],"wp:attachment":[{"href":"https:\/\/otosoket.com\/index.php\/wp-json\/wp\/v2\/media?parent=56087"}],"wp:term":[{"taxonomy":"product_brand","embeddable":true,"href":"https:\/\/otosoket.com\/index.php\/wp-json\/wp\/v2\/product_brand?post=56087"},{"taxonomy":"product_cat","embeddable":true,"href":"https:\/\/otosoket.com\/index.php\/wp-json\/wp\/v2\/product_cat?post=56087"},{"taxonomy":"product_tag","embeddable":true,"href":"https:\/\/otosoket.com\/index.php\/wp-json\/wp\/v2\/product_tag?post=56087"}],"curies":[{"name":"wp","href":"https:\/\/api.w.org\/{rel}","templated":true}]}}