{"id":56092,"date":"2023-10-29T10:02:50","date_gmt":"2023-10-29T10:02:50","guid":{"rendered":"https:\/\/otosoket.com\/index.php\/product\/musur-soketi-7\/"},"modified":"2026-03-10T09:19:52","modified_gmt":"2026-03-10T09:19:52","slug":"musur-soketi-7","status":"publish","type":"product","link":"https:\/\/otosoket.com\/index.php\/product\/musur-soketi-7\/","title":{"rendered":"2K038 D"},"content":{"rendered":"<p>________________________________________________________________________________________________________________________________________________________<\/p>\n<p><strong>OEM VVT De\u011fi\u015fken Valf Zamanlamas\u0131 Solenoid&amp;Kumanda supab\u0131, eksantrik mili ayarlama\u00a0 Soketi :<\/strong> <span style=\"color: #ffffff;\">5400608628579\/4046001751257\/0609843984951\/6915093187894\/4251789117663\/<\/span><\/p>\n<ul>\n<li><span class=\"mat-content ng-tns-c249-26504 mat-content-hide-toggle\">FORD De\u011fi\u015fken Valf Zamanlamas\u0131 Solenoid&amp;Kumanda supab\u0131, eksantrik mili ayarlama\u00a0 Soketi <\/span><span style=\"color: #ffffff;\">3L3Z6M280EA\/8L3Z6M280A\/8L3Z6M280B<\/span><\/li>\n<li>FORD USA <span class=\"mat-content ng-tns-c249-26504 mat-content-hide-toggle\">De\u011fi\u015fken Valf Zamanlamas\u0131 Solenoid&amp;Kumanda supab\u0131, eksantrik mili ayarlama\u00a0 Soketi <\/span><span style=\"color: #ffffff;\">8L3Z6M280B<\/span><\/li>\n<li><span class=\"mat-content ng-tns-c249-26655 mat-content-hide-toggle\">GENERAL MOTORS <span class=\"mat-content ng-tns-c249-26504 mat-content-hide-toggle\">De\u011fi\u015fken Valf Zamanlamas\u0131 Solenoid&amp;Kumanda supab\u0131, eksantrik mili ayarlama\u00a0 <\/span><\/span><span style=\"color: #ffffff;\">3L3Z6M280EA\/8L3Z6M280A\/8L3Z6M280B\/8L3Z6M280EA<\/span><\/li>\n<\/ul>\n<p>________________________________________________________________________________________________________________________________________________________<\/p>\n<div class=\"node-name\">FORD AUSTRALIA<span class=\"mat-content ng-tns-c249-26655 mat-content-hide-toggle\"> <span class=\"mat-content ng-tns-c249-26504 mat-content-hide-toggle\">De\u011fi\u015fken Valf Zamanlamas\u0131 Solenoid&amp;Kumanda supab\u0131, eksantrik mili ayarlama<\/span><\/span><\/div>\n<div class=\"node-name\">MUSTANG Coupe<span class=\"mat-content ng-tns-c249-26655 mat-content-hide-toggle\"> <span class=\"mat-content ng-tns-c249-26504 mat-content-hide-toggle\">De\u011fi\u015fken Valf Zamanlamas\u0131 Solenoid&amp;Kumanda supab\u0131, eksantrik mili ayarlama<\/span><\/span><\/div>\n<div class=\"linkage-target-data-table linkage-target-data-table--passengerCar ng-star-inserted\">\n<table class=\"mat-mdc-table mdc-data-table__table cdk-table mat-sort vehicle-table\" role=\"table\" aria-label=\"Linkage Target Data Table\">\n<thead role=\"rowgroup\">\n<tr class=\"mat-mdc-header-row mdc-data-table__header-row cdk-header-row ng-star-inserted\" role=\"row\">\n<th class=\"mat-sort-header mat-mdc-header-cell mdc-data-table__header-cell cdk-header-cell ng-tns-c271-26525 cdk-column-linkageTarget mat-column-linkageTarget mat-sort-header-disabled ng-star-inserted mat-mdc-table-sticky mat-mdc-table-sticky-border-elem-top\" role=\"columnheader\" scope=\"col\" aria-sort=\"none\">\n<div class=\"mat-sort-header-container mat-focus-indicator ng-tns-c271-26525\" aria-describedby=\"cdk-describedby-message-rxpApp-1-2\">\n<div class=\"mat-sort-header-content ng-tns-c271-26525\">Bilgi<\/div>\n<\/div>\n<\/th>\n<th class=\"mat-sort-header mat-mdc-header-cell mdc-data-table__header-cell cdk-header-cell ng-tns-c271-26526 cdk-column-name mat-column-name ng-star-inserted mat-mdc-table-sticky mat-mdc-table-sticky-border-elem-top\" role=\"columnheader\" scope=\"col\" aria-sort=\"none\">\n<div class=\"mat-sort-header-container mat-focus-indicator ng-tns-c271-26526\" tabindex=\"0\" role=\"button\" aria-describedby=\"cdk-describedby-message-rxpApp-1-2\">\n<div class=\"mat-sort-header-content ng-tns-c271-26526\">Tip<\/div>\n<div class=\"mat-sort-header-arrow ng-trigger ng-trigger-arrowPosition ng-tns-c271-26526 ng-star-inserted\">\n<div class=\"mat-sort-header-stem ng-tns-c271-26526\"><\/div>\n<div class=\"mat-sort-header-indicator ng-tns-c271-26526 ng-trigger ng-trigger-indicator\">\n<div class=\"mat-sort-header-pointer-left ng-tns-c271-26526 ng-trigger ng-trigger-leftPointer\"><\/div>\n<div class=\"mat-sort-header-pointer-right ng-tns-c271-26526 ng-trigger ng-trigger-rightPointer\"><\/div>\n<div class=\"mat-sort-header-pointer-middle ng-tns-c271-26526\"><\/div>\n<\/div>\n<\/div>\n<\/div>\n<\/th>\n<th class=\"mat-sort-header mat-mdc-header-cell mdc-data-table__header-cell cdk-header-cell ng-tns-c271-26527 cdk-column-constructionYears mat-column-constructionYears ng-star-inserted mat-mdc-table-sticky mat-mdc-table-sticky-border-elem-top\" role=\"columnheader\" scope=\"col\" aria-sort=\"none\">\n<div class=\"mat-sort-header-container mat-focus-indicator ng-tns-c271-26527\" tabindex=\"0\" role=\"button\" aria-describedby=\"cdk-describedby-message-rxpApp-1-2\">\n<div class=\"mat-sort-header-content ng-tns-c271-26527\">\u00dcretim y\u0131l\u0131<\/div>\n<div class=\"mat-sort-header-arrow ng-trigger ng-trigger-arrowPosition ng-tns-c271-26527 ng-star-inserted\">\n<div class=\"mat-sort-header-stem ng-tns-c271-26527\"><\/div>\n<div class=\"mat-sort-header-indicator ng-tns-c271-26527 ng-trigger ng-trigger-indicator\">\n<div class=\"mat-sort-header-pointer-left ng-tns-c271-26527 ng-trigger ng-trigger-leftPointer\"><\/div>\n<div class=\"mat-sort-header-pointer-right ng-tns-c271-26527 ng-trigger ng-trigger-rightPointer\"><\/div>\n<div class=\"mat-sort-header-pointer-middle ng-tns-c271-26527\"><\/div>\n<\/div>\n<\/div>\n<\/div>\n<\/th>\n<th class=\"mat-sort-header mat-mdc-header-cell mdc-data-table__header-cell cdk-header-cell ng-tns-c271-26528 cdk-column-enginePowerKW mat-column-enginePowerKW ng-star-inserted mat-mdc-table-sticky mat-mdc-table-sticky-border-elem-top\" role=\"columnheader\" scope=\"col\" aria-sort=\"none\">\n<div class=\"mat-sort-header-container mat-focus-indicator ng-tns-c271-26528\" tabindex=\"0\" role=\"button\" aria-describedby=\"cdk-describedby-message-rxpApp-1-2\">\n<div class=\"mat-sort-header-content ng-tns-c271-26528\">kW<\/div>\n<div class=\"mat-sort-header-arrow ng-trigger ng-trigger-arrowPosition ng-tns-c271-26528 ng-star-inserted\">\n<div class=\"mat-sort-header-stem ng-tns-c271-26528\"><\/div>\n<div class=\"mat-sort-header-indicator ng-tns-c271-26528 ng-trigger ng-trigger-indicator\">\n<div class=\"mat-sort-header-pointer-left ng-tns-c271-26528 ng-trigger ng-trigger-leftPointer\"><\/div>\n<div class=\"mat-sort-header-pointer-right ng-tns-c271-26528 ng-trigger ng-trigger-rightPointer\"><\/div>\n<div class=\"mat-sort-header-pointer-middle ng-tns-c271-26528\"><\/div>\n<\/div>\n<\/div>\n<\/div>\n<\/th>\n<th class=\"mat-sort-header mat-mdc-header-cell mdc-data-table__header-cell cdk-header-cell ng-tns-c271-26529 cdk-column-enginePowerHP mat-column-enginePowerHP ng-star-inserted mat-mdc-table-sticky mat-mdc-table-sticky-border-elem-top\" role=\"columnheader\" scope=\"col\" aria-sort=\"none\">\n<div class=\"mat-sort-header-container mat-focus-indicator ng-tns-c271-26529\" tabindex=\"0\" role=\"button\" aria-describedby=\"cdk-describedby-message-rxpApp-1-2\">\n<div class=\"mat-sort-header-content ng-tns-c271-26529\">Beygir g\u00fcc\u00fc<\/div>\n<div class=\"mat-sort-header-arrow ng-trigger ng-trigger-arrowPosition ng-tns-c271-26529 ng-star-inserted\">\n<div class=\"mat-sort-header-stem ng-tns-c271-26529\"><\/div>\n<div class=\"mat-sort-header-indicator ng-tns-c271-26529 ng-trigger ng-trigger-indicator\">\n<div class=\"mat-sort-header-pointer-left ng-tns-c271-26529 ng-trigger ng-trigger-leftPointer\"><\/div>\n<div class=\"mat-sort-header-pointer-right ng-tns-c271-26529 ng-trigger ng-trigger-rightPointer\"><\/div>\n<div class=\"mat-sort-header-pointer-middle ng-tns-c271-26529\"><\/div>\n<\/div>\n<\/div>\n<\/div>\n<\/th>\n<th class=\"mat-sort-header mat-mdc-header-cell mdc-data-table__header-cell cdk-header-cell ng-tns-c271-26530 cdk-column-displacementCCM mat-column-displacementCCM ng-star-inserted mat-mdc-table-sticky mat-mdc-table-sticky-border-elem-top\" role=\"columnheader\" scope=\"col\" aria-sort=\"none\">\n<div class=\"mat-sort-header-container mat-focus-indicator ng-tns-c271-26530\" tabindex=\"0\" role=\"button\" aria-describedby=\"cdk-describedby-message-rxpApp-1-2\">\n<div class=\"mat-sort-header-content ng-tns-c271-26530\">cc<\/div>\n<div class=\"mat-sort-header-arrow ng-trigger ng-trigger-arrowPosition ng-tns-c271-26530 ng-star-inserted\">\n<div class=\"mat-sort-header-stem ng-tns-c271-26530\"><\/div>\n<div class=\"mat-sort-header-indicator ng-tns-c271-26530 ng-trigger ng-trigger-indicator\">\n<div class=\"mat-sort-header-pointer-left ng-tns-c271-26530 ng-trigger ng-trigger-leftPointer\"><\/div>\n<div class=\"mat-sort-header-pointer-right ng-tns-c271-26530 ng-trigger ng-trigger-rightPointer\"><\/div>\n<div class=\"mat-sort-header-pointer-middle ng-tns-c271-26530\"><\/div>\n<\/div>\n<\/div>\n<\/div>\n<\/th>\n<th class=\"mat-sort-header mat-mdc-header-cell mdc-data-table__header-cell cdk-header-cell ng-tns-c271-26531 cdk-column-engineCodes mat-column-engineCodes ng-star-inserted mat-mdc-table-sticky mat-mdc-table-sticky-border-elem-top\" role=\"columnheader\" scope=\"col\" aria-sort=\"none\">\n<div class=\"mat-sort-header-container mat-focus-indicator ng-tns-c271-26531\" tabindex=\"0\" role=\"button\" aria-describedby=\"cdk-describedby-message-rxpApp-1-2\">\n<div class=\"mat-sort-header-content ng-tns-c271-26531\">Motor kodu\/kodlar\u0131<\/div>\n<div class=\"mat-sort-header-arrow ng-trigger ng-trigger-arrowPosition ng-tns-c271-26531 ng-star-inserted\">\n<div class=\"mat-sort-header-stem ng-tns-c271-26531\"><\/div>\n<div class=\"mat-sort-header-indicator ng-tns-c271-26531 ng-trigger ng-trigger-indicator\">\n<div class=\"mat-sort-header-pointer-left ng-tns-c271-26531 ng-trigger ng-trigger-leftPointer\"><\/div>\n<div class=\"mat-sort-header-pointer-right ng-tns-c271-26531 ng-trigger ng-trigger-rightPointer\"><\/div>\n<div class=\"mat-sort-header-pointer-middle ng-tns-c271-26531\"><\/div>\n<\/div>\n<\/div>\n<\/div>\n<\/th>\n<th class=\"mat-sort-header mat-mdc-header-cell mdc-data-table__header-cell cdk-header-cell ng-tns-c271-26532 cdk-column-kbaNumbers mat-column-kbaNumbers ng-star-inserted mat-mdc-table-sticky mat-mdc-table-sticky-border-elem-top\" role=\"columnheader\" scope=\"col\" aria-sort=\"none\">\n<div class=\"mat-sort-header-container mat-focus-indicator ng-tns-c271-26532\" tabindex=\"0\" role=\"button\" aria-describedby=\"cdk-describedby-message-rxpApp-1-2\">\n<div class=\"mat-sort-header-content ng-tns-c271-26532\">KBA numaras\u0131 (Almanya)<\/div>\n<div class=\"mat-sort-header-arrow ng-trigger ng-trigger-arrowPosition ng-tns-c271-26532 ng-star-inserted\">\n<div class=\"mat-sort-header-stem ng-tns-c271-26532\"><\/div>\n<div class=\"mat-sort-header-indicator ng-tns-c271-26532 ng-trigger ng-trigger-indicator\">\n<div class=\"mat-sort-header-pointer-left ng-tns-c271-26532 ng-trigger ng-trigger-leftPointer\"><\/div>\n<div class=\"mat-sort-header-pointer-right ng-tns-c271-26532 ng-trigger ng-trigger-rightPointer\"><\/div>\n<div class=\"mat-sort-header-pointer-middle ng-tns-c271-26532\"><\/div>\n<\/div>\n<\/div>\n<\/div>\n<\/th>\n<\/tr>\n<\/thead>\n<tbody class=\"mdc-data-table__content\" role=\"rowgroup\">\n<tr class=\"mat-mdc-row mdc-data-table__row cdk-row ng-star-inserted\" tabindex=\"0\" role=\"row\">\n<td class=\"mat-mdc-cell mdc-data-table__cell cdk-cell cdk-column-linkageTarget mat-column-linkageTarget ng-star-inserted\" role=\"cell\"><\/td>\n<td class=\"mat-mdc-cell mdc-data-table__cell cdk-cell cdk-column-name mat-column-name ng-star-inserted\" role=\"cell\">4.6 V8<\/td>\n<td class=\"mat-mdc-cell mdc-data-table__cell cdk-cell cdk-column-constructionYears mat-column-constructionYears ng-star-inserted\" role=\"cell\">09.2004 &#8211; 07.2014<\/td>\n<td class=\"mat-mdc-cell mdc-data-table__cell cdk-cell cdk-column-enginePowerKW mat-column-enginePowerKW ng-star-inserted\" role=\"cell\">224<\/td>\n<td class=\"mat-mdc-cell mdc-data-table__cell cdk-cell cdk-column-enginePowerHP mat-column-enginePowerHP ng-star-inserted\" role=\"cell\">305<\/td>\n<td class=\"mat-mdc-cell mdc-data-table__cell cdk-cell cdk-column-displacementCCM mat-column-displacementCCM ng-star-inserted\" role=\"cell\">4601<\/td>\n<td class=\"mat-mdc-cell mdc-data-table__cell cdk-cell cdk-column-engineCodes mat-column-engineCodes ng-star-inserted\" role=\"cell\">\n<div class=\"saam-cell--line-clamp ng-star-inserted\"><\/div>\n<\/td>\n<td class=\"mat-mdc-cell mdc-data-table__cell cdk-cell cdk-column-kbaNumbers mat-column-kbaNumbers ng-star-inserted\" role=\"cell\">\n<div class=\"saam-cell--line-clamp ng-star-inserted\"><\/div>\n<\/td>\n<\/tr>\n<\/tbody>\n<\/table>\n<\/div>\n<div class=\"node-name\">FORD USA<span class=\"mat-content ng-tns-c249-26655 mat-content-hide-toggle\"> <span class=\"mat-content ng-tns-c249-26504 mat-content-hide-toggle\">De\u011fi\u015fken Valf Zamanlamas\u0131 Solenoid&amp;Kumanda supab\u0131, eksantrik mili ayarlama<\/span><\/span><\/div>\n<div class=\"node-name\">MUSTANG Coupe<span class=\"mat-content ng-tns-c249-26655 mat-content-hide-toggle\"> <span class=\"mat-content ng-tns-c249-26504 mat-content-hide-toggle\">De\u011fi\u015fken Valf Zamanlamas\u0131 Solenoid&amp;Kumanda supab\u0131, eksantrik mili ayarlama<\/span><\/span><\/div>\n<div class=\"linkage-target-data-table linkage-target-data-table--passengerCar ng-star-inserted\">\n<table class=\"mat-mdc-table mdc-data-table__table cdk-table mat-sort vehicle-table\" role=\"table\" aria-label=\"Linkage Target Data Table\">\n<thead role=\"rowgroup\">\n<tr class=\"mat-mdc-header-row mdc-data-table__header-row cdk-header-row ng-star-inserted\" role=\"row\">\n<th class=\"mat-sort-header mat-mdc-header-cell mdc-data-table__header-cell cdk-header-cell ng-tns-c271-26533 cdk-column-linkageTarget mat-column-linkageTarget mat-sort-header-disabled ng-star-inserted mat-mdc-table-sticky mat-mdc-table-sticky-border-elem-top\" role=\"columnheader\" scope=\"col\" aria-sort=\"none\">\n<div class=\"mat-sort-header-container mat-focus-indicator ng-tns-c271-26533\" aria-describedby=\"cdk-describedby-message-rxpApp-1-2\">\n<div class=\"mat-sort-header-content ng-tns-c271-26533\">Bilgi<\/div>\n<\/div>\n<\/th>\n<th class=\"mat-sort-header mat-mdc-header-cell mdc-data-table__header-cell cdk-header-cell ng-tns-c271-26534 cdk-column-name mat-column-name ng-star-inserted mat-mdc-table-sticky mat-mdc-table-sticky-border-elem-top\" role=\"columnheader\" scope=\"col\" aria-sort=\"none\">\n<div class=\"mat-sort-header-container mat-focus-indicator ng-tns-c271-26534\" tabindex=\"0\" role=\"button\" aria-describedby=\"cdk-describedby-message-rxpApp-1-2\">\n<div class=\"mat-sort-header-content ng-tns-c271-26534\">Tip<\/div>\n<div class=\"mat-sort-header-arrow ng-trigger ng-trigger-arrowPosition ng-tns-c271-26534 ng-star-inserted\">\n<div class=\"mat-sort-header-stem ng-tns-c271-26534\"><\/div>\n<div class=\"mat-sort-header-indicator ng-tns-c271-26534 ng-trigger ng-trigger-indicator\">\n<div class=\"mat-sort-header-pointer-left ng-tns-c271-26534 ng-trigger ng-trigger-leftPointer\"><\/div>\n<div class=\"mat-sort-header-pointer-right ng-tns-c271-26534 ng-trigger ng-trigger-rightPointer\"><\/div>\n<div class=\"mat-sort-header-pointer-middle ng-tns-c271-26534\"><\/div>\n<\/div>\n<\/div>\n<\/div>\n<\/th>\n<th class=\"mat-sort-header mat-mdc-header-cell mdc-data-table__header-cell cdk-header-cell ng-tns-c271-26535 cdk-column-constructionYears mat-column-constructionYears ng-star-inserted mat-mdc-table-sticky mat-mdc-table-sticky-border-elem-top\" role=\"columnheader\" scope=\"col\" aria-sort=\"none\">\n<div class=\"mat-sort-header-container mat-focus-indicator ng-tns-c271-26535\" tabindex=\"0\" role=\"button\" aria-describedby=\"cdk-describedby-message-rxpApp-1-2\">\n<div class=\"mat-sort-header-content ng-tns-c271-26535\">\u00dcretim y\u0131l\u0131<\/div>\n<div class=\"mat-sort-header-arrow ng-trigger ng-trigger-arrowPosition ng-tns-c271-26535 ng-star-inserted\">\n<div class=\"mat-sort-header-stem ng-tns-c271-26535\"><\/div>\n<div class=\"mat-sort-header-indicator ng-tns-c271-26535 ng-trigger ng-trigger-indicator\">\n<div class=\"mat-sort-header-pointer-left ng-tns-c271-26535 ng-trigger ng-trigger-leftPointer\"><\/div>\n<div class=\"mat-sort-header-pointer-right ng-tns-c271-26535 ng-trigger ng-trigger-rightPointer\"><\/div>\n<div class=\"mat-sort-header-pointer-middle ng-tns-c271-26535\"><\/div>\n<\/div>\n<\/div>\n<\/div>\n<\/th>\n<th class=\"mat-sort-header mat-mdc-header-cell mdc-data-table__header-cell cdk-header-cell ng-tns-c271-26536 cdk-column-enginePowerKW mat-column-enginePowerKW ng-star-inserted mat-mdc-table-sticky mat-mdc-table-sticky-border-elem-top\" role=\"columnheader\" scope=\"col\" aria-sort=\"none\">\n<div class=\"mat-sort-header-container mat-focus-indicator ng-tns-c271-26536\" tabindex=\"0\" role=\"button\" aria-describedby=\"cdk-describedby-message-rxpApp-1-2\">\n<div class=\"mat-sort-header-content ng-tns-c271-26536\">kW<\/div>\n<div class=\"mat-sort-header-arrow ng-trigger ng-trigger-arrowPosition ng-tns-c271-26536 ng-star-inserted\">\n<div class=\"mat-sort-header-stem ng-tns-c271-26536\"><\/div>\n<div class=\"mat-sort-header-indicator ng-tns-c271-26536 ng-trigger ng-trigger-indicator\">\n<div class=\"mat-sort-header-pointer-left ng-tns-c271-26536 ng-trigger ng-trigger-leftPointer\"><\/div>\n<div class=\"mat-sort-header-pointer-right ng-tns-c271-26536 ng-trigger ng-trigger-rightPointer\"><\/div>\n<div class=\"mat-sort-header-pointer-middle ng-tns-c271-26536\"><\/div>\n<\/div>\n<\/div>\n<\/div>\n<\/th>\n<th class=\"mat-sort-header mat-mdc-header-cell mdc-data-table__header-cell cdk-header-cell ng-tns-c271-26537 cdk-column-enginePowerHP mat-column-enginePowerHP ng-star-inserted mat-mdc-table-sticky mat-mdc-table-sticky-border-elem-top\" role=\"columnheader\" scope=\"col\" aria-sort=\"none\">\n<div class=\"mat-sort-header-container mat-focus-indicator ng-tns-c271-26537\" tabindex=\"0\" role=\"button\" aria-describedby=\"cdk-describedby-message-rxpApp-1-2\">\n<div class=\"mat-sort-header-content ng-tns-c271-26537\">Beygir g\u00fcc\u00fc<\/div>\n<div class=\"mat-sort-header-arrow ng-trigger ng-trigger-arrowPosition ng-tns-c271-26537 ng-star-inserted\">\n<div class=\"mat-sort-header-stem ng-tns-c271-26537\"><\/div>\n<div class=\"mat-sort-header-indicator ng-tns-c271-26537 ng-trigger ng-trigger-indicator\">\n<div class=\"mat-sort-header-pointer-left ng-tns-c271-26537 ng-trigger ng-trigger-leftPointer\"><\/div>\n<div class=\"mat-sort-header-pointer-right ng-tns-c271-26537 ng-trigger ng-trigger-rightPointer\"><\/div>\n<div class=\"mat-sort-header-pointer-middle ng-tns-c271-26537\"><\/div>\n<\/div>\n<\/div>\n<\/div>\n<\/th>\n<th class=\"mat-sort-header mat-mdc-header-cell mdc-data-table__header-cell cdk-header-cell ng-tns-c271-26538 cdk-column-displacementCCM mat-column-displacementCCM ng-star-inserted mat-mdc-table-sticky mat-mdc-table-sticky-border-elem-top\" role=\"columnheader\" scope=\"col\" aria-sort=\"none\">\n<div class=\"mat-sort-header-container mat-focus-indicator ng-tns-c271-26538\" tabindex=\"0\" role=\"button\" aria-describedby=\"cdk-describedby-message-rxpApp-1-2\">\n<div class=\"mat-sort-header-content ng-tns-c271-26538\">cc<\/div>\n<div class=\"mat-sort-header-arrow ng-trigger ng-trigger-arrowPosition ng-tns-c271-26538 ng-star-inserted\">\n<div class=\"mat-sort-header-stem ng-tns-c271-26538\"><\/div>\n<div class=\"mat-sort-header-indicator ng-tns-c271-26538 ng-trigger ng-trigger-indicator\">\n<div class=\"mat-sort-header-pointer-left ng-tns-c271-26538 ng-trigger ng-trigger-leftPointer\"><\/div>\n<div class=\"mat-sort-header-pointer-right ng-tns-c271-26538 ng-trigger ng-trigger-rightPointer\"><\/div>\n<div class=\"mat-sort-header-pointer-middle ng-tns-c271-26538\"><\/div>\n<\/div>\n<\/div>\n<\/div>\n<\/th>\n<th class=\"mat-sort-header mat-mdc-header-cell mdc-data-table__header-cell cdk-header-cell ng-tns-c271-26539 cdk-column-engineCodes mat-column-engineCodes ng-star-inserted mat-mdc-table-sticky mat-mdc-table-sticky-border-elem-top\" role=\"columnheader\" scope=\"col\" aria-sort=\"none\">\n<div class=\"mat-sort-header-container mat-focus-indicator ng-tns-c271-26539\" tabindex=\"0\" role=\"button\" aria-describedby=\"cdk-describedby-message-rxpApp-1-2\">\n<div class=\"mat-sort-header-content ng-tns-c271-26539\">Motor kodu\/kodlar\u0131<\/div>\n<div class=\"mat-sort-header-arrow ng-trigger ng-trigger-arrowPosition ng-tns-c271-26539 ng-star-inserted\">\n<div class=\"mat-sort-header-stem ng-tns-c271-26539\"><\/div>\n<div class=\"mat-sort-header-indicator ng-tns-c271-26539 ng-trigger ng-trigger-indicator\">\n<div class=\"mat-sort-header-pointer-left ng-tns-c271-26539 ng-trigger ng-trigger-leftPointer\"><\/div>\n<div class=\"mat-sort-header-pointer-right ng-tns-c271-26539 ng-trigger ng-trigger-rightPointer\"><\/div>\n<div class=\"mat-sort-header-pointer-middle ng-tns-c271-26539\"><\/div>\n<\/div>\n<\/div>\n<\/div>\n<\/th>\n<th class=\"mat-sort-header mat-mdc-header-cell mdc-data-table__header-cell cdk-header-cell ng-tns-c271-26540 cdk-column-kbaNumbers mat-column-kbaNumbers ng-star-inserted mat-mdc-table-sticky mat-mdc-table-sticky-border-elem-top\" role=\"columnheader\" scope=\"col\" aria-sort=\"none\">\n<div class=\"mat-sort-header-container mat-focus-indicator ng-tns-c271-26540\" tabindex=\"0\" role=\"button\" aria-describedby=\"cdk-describedby-message-rxpApp-1-2\">\n<div class=\"mat-sort-header-content ng-tns-c271-26540\">KBA numaras\u0131 (Almanya)<\/div>\n<div class=\"mat-sort-header-arrow ng-trigger ng-trigger-arrowPosition ng-tns-c271-26540 ng-star-inserted\">\n<div class=\"mat-sort-header-stem ng-tns-c271-26540\"><\/div>\n<div class=\"mat-sort-header-indicator ng-tns-c271-26540 ng-trigger ng-trigger-indicator\">\n<div class=\"mat-sort-header-pointer-left ng-tns-c271-26540 ng-trigger ng-trigger-leftPointer\"><\/div>\n<div class=\"mat-sort-header-pointer-right ng-tns-c271-26540 ng-trigger ng-trigger-rightPointer\"><\/div>\n<div class=\"mat-sort-header-pointer-middle ng-tns-c271-26540\"><\/div>\n<\/div>\n<\/div>\n<\/div>\n<\/th>\n<\/tr>\n<\/thead>\n<tbody class=\"mdc-data-table__content\" role=\"rowgroup\">\n<tr class=\"mat-mdc-row mdc-data-table__row cdk-row ng-star-inserted\" tabindex=\"0\" role=\"row\">\n<td class=\"mat-mdc-cell mdc-data-table__cell cdk-cell cdk-column-linkageTarget mat-column-linkageTarget ng-star-inserted\" role=\"cell\"><\/td>\n<td class=\"mat-mdc-cell mdc-data-table__cell cdk-cell cdk-column-name mat-column-name ng-star-inserted\" role=\"cell\">4.6 V8<\/td>\n<td class=\"mat-mdc-cell mdc-data-table__cell cdk-cell cdk-column-constructionYears mat-column-constructionYears ng-star-inserted\" role=\"cell\">Ba\u015flang\u0131\u00e7 12.2004<\/td>\n<td class=\"mat-mdc-cell mdc-data-table__cell cdk-cell cdk-column-enginePowerKW mat-column-enginePowerKW ng-star-inserted\" role=\"cell\">224<\/td>\n<td class=\"mat-mdc-cell mdc-data-table__cell cdk-cell cdk-column-enginePowerHP mat-column-enginePowerHP ng-star-inserted\" role=\"cell\">305<\/td>\n<td class=\"mat-mdc-cell mdc-data-table__cell cdk-cell cdk-column-displacementCCM mat-column-displacementCCM ng-star-inserted\" role=\"cell\">4601<\/td>\n<td class=\"mat-mdc-cell mdc-data-table__cell cdk-cell cdk-column-engineCodes mat-column-engineCodes ng-star-inserted\" role=\"cell\">\n<div class=\"saam-cell--line-clamp ng-star-inserted\"><span class=\"csv ng-star-inserted\">C46USEM<\/span><\/div>\n<\/td>\n<td class=\"mat-mdc-cell mdc-data-table__cell cdk-cell cdk-column-kbaNumbers mat-column-kbaNumbers ng-star-inserted\" role=\"cell\">\n<div class=\"saam-cell--line-clamp ng-star-inserted\"><\/div>\n<\/td>\n<\/tr>\n<\/tbody>\n<\/table>\n<\/div>\n<p>________________________________________________________________________________________________________________________________________________________<\/p>\n","protected":false},"excerpt":{"rendered":"<ul>\n<li>VVT De\u011fi\u015fken Valf Zamanlamas\u0131 Solenoid&amp;Kumanda supab\u0131, eksantrik mili ayarlama Soketi<\/li>\n<\/ul>\n","protected":false},"featured_media":62937,"template":"","meta":[],"product_brand":[],"product_cat":[91,87,106,89],"product_tag":[],"class_list":{"0":"post-56092","1":"product","2":"type-product","3":"status-publish","4":"has-post-thumbnail","6":"product_cat-2-kablolu-soketler","7":"product_cat-arac-grubu","8":"product_cat-ford","9":"product_cat-soket-grubu","11":"first","12":"instock","13":"taxable","14":"shipping-taxable","15":"purchasable","16":"product-type-simple"},"_links":{"self":[{"href":"https:\/\/otosoket.com\/index.php\/wp-json\/wp\/v2\/product\/56092","targetHints":{"allow":["GET"]}}],"collection":[{"href":"https:\/\/otosoket.com\/index.php\/wp-json\/wp\/v2\/product"}],"about":[{"href":"https:\/\/otosoket.com\/index.php\/wp-json\/wp\/v2\/types\/product"}],"wp:featuredmedia":[{"embeddable":true,"href":"https:\/\/otosoket.com\/index.php\/wp-json\/wp\/v2\/media\/62937"}],"wp:attachment":[{"href":"https:\/\/otosoket.com\/index.php\/wp-json\/wp\/v2\/media?parent=56092"}],"wp:term":[{"taxonomy":"product_brand","embeddable":true,"href":"https:\/\/otosoket.com\/index.php\/wp-json\/wp\/v2\/product_brand?post=56092"},{"taxonomy":"product_cat","embeddable":true,"href":"https:\/\/otosoket.com\/index.php\/wp-json\/wp\/v2\/product_cat?post=56092"},{"taxonomy":"product_tag","embeddable":true,"href":"https:\/\/otosoket.com\/index.php\/wp-json\/wp\/v2\/product_tag?post=56092"}],"curies":[{"name":"wp","href":"https:\/\/api.w.org\/{rel}","templated":true}]}}