{"id":56093,"date":"2023-10-29T10:02:50","date_gmt":"2023-10-29T10:02:50","guid":{"rendered":"https:\/\/otosoket.com\/index.php\/product\/musur-soketi-8\/"},"modified":"2026-03-10T09:46:57","modified_gmt":"2026-03-10T09:46:57","slug":"musur-soketi-8","status":"publish","type":"product","link":"https:\/\/otosoket.com\/index.php\/product\/musur-soketi-8\/","title":{"rendered":"2K038 F"},"content":{"rendered":"","protected":false},"excerpt":{"rendered":"<p>M\u00dc\u015e\u00dcR SOKET\u0130<\/p>\n","protected":false},"featured_media":62963,"template":"","meta":[],"product_brand":[],"product_cat":[91,87,106,89],"product_tag":[],"class_list":{"0":"post-56093","1":"product","2":"type-product","3":"status-publish","4":"has-post-thumbnail","6":"product_cat-2-kablolu-soketler","7":"product_cat-arac-grubu","8":"product_cat-ford","9":"product_cat-soket-grubu","11":"first","12":"instock","13":"taxable","14":"shipping-taxable","15":"purchasable","16":"product-type-simple"},"_links":{"self":[{"href":"https:\/\/otosoket.com\/index.php\/wp-json\/wp\/v2\/product\/56093","targetHints":{"allow":["GET"]}}],"collection":[{"href":"https:\/\/otosoket.com\/index.php\/wp-json\/wp\/v2\/product"}],"about":[{"href":"https:\/\/otosoket.com\/index.php\/wp-json\/wp\/v2\/types\/product"}],"wp:featuredmedia":[{"embeddable":true,"href":"https:\/\/otosoket.com\/index.php\/wp-json\/wp\/v2\/media\/62963"}],"wp:attachment":[{"href":"https:\/\/otosoket.com\/index.php\/wp-json\/wp\/v2\/media?parent=56093"}],"wp:term":[{"taxonomy":"product_brand","embeddable":true,"href":"https:\/\/otosoket.com\/index.php\/wp-json\/wp\/v2\/product_brand?post=56093"},{"taxonomy":"product_cat","embeddable":true,"href":"https:\/\/otosoket.com\/index.php\/wp-json\/wp\/v2\/product_cat?post=56093"},{"taxonomy":"product_tag","embeddable":true,"href":"https:\/\/otosoket.com\/index.php\/wp-json\/wp\/v2\/product_tag?post=56093"}],"curies":[{"name":"wp","href":"https:\/\/api.w.org\/{rel}","templated":true}]}}