{"id":56094,"date":"2023-10-29T10:02:51","date_gmt":"2023-10-29T10:02:51","guid":{"rendered":"https:\/\/otosoket.com\/index.php\/product\/musur-soketi-9\/"},"modified":"2026-04-10T10:47:15","modified_gmt":"2026-04-10T10:47:15","slug":"musur-soketi-9","status":"publish","type":"product","link":"https:\/\/otosoket.com\/index.php\/product\/musur-soketi-9\/","title":{"rendered":"2K038 G"},"content":{"rendered":"","protected":false},"excerpt":{"rendered":"<p>M\u00dc\u015e\u00dcR SOKET\u0130<\/p>\n","protected":false},"featured_media":62940,"template":"","meta":[],"product_brand":[],"product_cat":[91,87,89],"product_tag":[],"class_list":{"0":"post-56094","1":"product","2":"type-product","3":"status-publish","4":"has-post-thumbnail","6":"product_cat-2-kablolu-soketler","7":"product_cat-arac-grubu","8":"product_cat-soket-grubu","10":"first","11":"instock","12":"taxable","13":"shipping-taxable","14":"purchasable","15":"product-type-simple"},"_links":{"self":[{"href":"https:\/\/otosoket.com\/index.php\/wp-json\/wp\/v2\/product\/56094","targetHints":{"allow":["GET"]}}],"collection":[{"href":"https:\/\/otosoket.com\/index.php\/wp-json\/wp\/v2\/product"}],"about":[{"href":"https:\/\/otosoket.com\/index.php\/wp-json\/wp\/v2\/types\/product"}],"wp:featuredmedia":[{"embeddable":true,"href":"https:\/\/otosoket.com\/index.php\/wp-json\/wp\/v2\/media\/62940"}],"wp:attachment":[{"href":"https:\/\/otosoket.com\/index.php\/wp-json\/wp\/v2\/media?parent=56094"}],"wp:term":[{"taxonomy":"product_brand","embeddable":true,"href":"https:\/\/otosoket.com\/index.php\/wp-json\/wp\/v2\/product_brand?post=56094"},{"taxonomy":"product_cat","embeddable":true,"href":"https:\/\/otosoket.com\/index.php\/wp-json\/wp\/v2\/product_cat?post=56094"},{"taxonomy":"product_tag","embeddable":true,"href":"https:\/\/otosoket.com\/index.php\/wp-json\/wp\/v2\/product_tag?post=56094"}],"curies":[{"name":"wp","href":"https:\/\/api.w.org\/{rel}","templated":true}]}}