{"id":56100,"date":"2023-10-29T10:02:54","date_gmt":"2023-10-29T10:02:54","guid":{"rendered":"https:\/\/otosoket.com\/index.php\/product\/soket-33\/"},"modified":"2026-03-10T09:37:57","modified_gmt":"2026-03-10T09:37:57","slug":"soket-33","status":"publish","type":"product","link":"https:\/\/otosoket.com\/index.php\/product\/soket-33\/","title":{"rendered":"2K042 A"},"content":{"rendered":"<p>________________________________________________________________________________________________________________________________________________________<\/p>\n<p><strong>OEM Emme Hava S\u0131cakl\u0131\u011f\u0131 Sens\u00f6r\u00fc Soketi :<\/strong> <span style=\"color: #ffffff;\">\u00a0<span class=\"base\" data-ui-id=\"page-title-wrapper\">90980-11401\/<\/span><span style=\"font-size: 16px;\">7283-7929\/<strong>9098011025\/<\/strong><\/span><\/span><\/p>\n<ul>\n<li>Lexus Emme Hava S\u0131cakl\u0131\u011f\u0131 Sens\u00f6r\u00fc Soketi<\/li>\n<li>Toyota Emme Hava S\u0131cakl\u0131\u011f\u0131 Sens\u00f6r\u00fc Soketi<\/li>\n<\/ul>\n<div class=\"ux-layout-section-evo__col\">\n<dl class=\"ux-labels-values ux-labels-values--inline col-6 ux-labels-values--connectorType\" data-testid=\"ux-labels-values\">\n<dt class=\"ux-labels-values__labels\">\n<div class=\"ux-labels-values__labels-content\"><\/div>\n<\/dt>\n<\/dl>\n<\/div>\n<p>________________________________________________________________________________________________________________________________________________________<\/p>\n<p>&nbsp;<\/p>\n<p>________________________________________________________________________________________________________________________________________________________<\/p>\n","protected":false},"excerpt":{"rendered":"<ul>\n<li><strong> Emme Hava S\u0131cakl\u0131\u011f\u0131 Sens\u00f6r\u00fc Soketi<\/strong><\/li>\n<\/ul>\n","protected":false},"featured_media":62955,"template":"","meta":[],"product_brand":[],"product_cat":[91,87,89,112],"product_tag":[],"class_list":{"0":"post-56100","1":"product","2":"type-product","3":"status-publish","4":"has-post-thumbnail","6":"product_cat-2-kablolu-soketler","7":"product_cat-arac-grubu","8":"product_cat-soket-grubu","9":"product_cat-toyota","11":"first","12":"instock","13":"taxable","14":"shipping-taxable","15":"purchasable","16":"product-type-simple"},"_links":{"self":[{"href":"https:\/\/otosoket.com\/index.php\/wp-json\/wp\/v2\/product\/56100","targetHints":{"allow":["GET"]}}],"collection":[{"href":"https:\/\/otosoket.com\/index.php\/wp-json\/wp\/v2\/product"}],"about":[{"href":"https:\/\/otosoket.com\/index.php\/wp-json\/wp\/v2\/types\/product"}],"wp:featuredmedia":[{"embeddable":true,"href":"https:\/\/otosoket.com\/index.php\/wp-json\/wp\/v2\/media\/62955"}],"wp:attachment":[{"href":"https:\/\/otosoket.com\/index.php\/wp-json\/wp\/v2\/media?parent=56100"}],"wp:term":[{"taxonomy":"product_brand","embeddable":true,"href":"https:\/\/otosoket.com\/index.php\/wp-json\/wp\/v2\/product_brand?post=56100"},{"taxonomy":"product_cat","embeddable":true,"href":"https:\/\/otosoket.com\/index.php\/wp-json\/wp\/v2\/product_cat?post=56100"},{"taxonomy":"product_tag","embeddable":true,"href":"https:\/\/otosoket.com\/index.php\/wp-json\/wp\/v2\/product_tag?post=56100"}],"curies":[{"name":"wp","href":"https:\/\/api.w.org\/{rel}","templated":true}]}}