{"id":56104,"date":"2023-10-29T10:02:56","date_gmt":"2023-10-29T10:02:56","guid":{"rendered":"https:\/\/otosoket.com\/index.php\/product\/soket-36\/"},"modified":"2026-03-11T13:02:23","modified_gmt":"2026-03-11T13:02:23","slug":"soket-36","status":"publish","type":"product","link":"https:\/\/otosoket.com\/index.php\/product\/soket-36\/","title":{"rendered":"2K045"},"content":{"rendered":"<p>________________________________________________________________________________________________________________________________________________________<\/p>\n<p><strong>OEM Hararet M\u00fc\u015f\u00fcr\u00fc Soketi :<\/strong> <span style=\"color: #ffffff;\">6189-0033\/LU021792\/7020-150600\/ DJ7025-2-21\/<\/span><\/p>\n<ul>\n<li>TOYOTA Hararet M\u00fc\u015f\u00fcr\u00fc Soketi<\/li>\n<\/ul>\n<p>________________________________________________________________________________________________________________________________________________________<\/p>\n<p>&nbsp;<\/p>\n<p>________________________________________________________________________________________________________________________________________________________<\/p>\n","protected":false},"excerpt":{"rendered":"<ul>\n<li><strong>Hararet M\u00fc\u015f\u00fcr\u00fc<\/strong><\/li>\n<\/ul>\n","protected":false},"featured_media":62960,"template":"","meta":[],"product_brand":[],"product_cat":[91,87,111,113,105,89,112],"product_tag":[],"class_list":{"0":"post-56104","1":"product","2":"type-product","3":"status-publish","4":"has-post-thumbnail","6":"product_cat-2-kablolu-soketler","7":"product_cat-arac-grubu","8":"product_cat-honda","9":"product_cat-mazda","10":"product_cat-nissan","11":"product_cat-soket-grubu","12":"product_cat-toyota","14":"first","15":"instock","16":"taxable","17":"shipping-taxable","18":"purchasable","19":"product-type-simple"},"_links":{"self":[{"href":"https:\/\/otosoket.com\/index.php\/wp-json\/wp\/v2\/product\/56104","targetHints":{"allow":["GET"]}}],"collection":[{"href":"https:\/\/otosoket.com\/index.php\/wp-json\/wp\/v2\/product"}],"about":[{"href":"https:\/\/otosoket.com\/index.php\/wp-json\/wp\/v2\/types\/product"}],"wp:featuredmedia":[{"embeddable":true,"href":"https:\/\/otosoket.com\/index.php\/wp-json\/wp\/v2\/media\/62960"}],"wp:attachment":[{"href":"https:\/\/otosoket.com\/index.php\/wp-json\/wp\/v2\/media?parent=56104"}],"wp:term":[{"taxonomy":"product_brand","embeddable":true,"href":"https:\/\/otosoket.com\/index.php\/wp-json\/wp\/v2\/product_brand?post=56104"},{"taxonomy":"product_cat","embeddable":true,"href":"https:\/\/otosoket.com\/index.php\/wp-json\/wp\/v2\/product_cat?post=56104"},{"taxonomy":"product_tag","embeddable":true,"href":"https:\/\/otosoket.com\/index.php\/wp-json\/wp\/v2\/product_tag?post=56104"}],"curies":[{"name":"wp","href":"https:\/\/api.w.org\/{rel}","templated":true}]}}