{"id":56113,"date":"2023-10-29T10:03:00","date_gmt":"2023-10-29T10:03:00","guid":{"rendered":"https:\/\/otosoket.com\/index.php\/product\/deutsch-2-li-is-makinasi-2\/"},"modified":"2026-04-07T09:51:11","modified_gmt":"2026-04-07T09:51:11","slug":"deutsch-2-li-is-makinasi-2","status":"publish","type":"product","link":"https:\/\/otosoket.com\/index.php\/product\/deutsch-2-li-is-makinasi-2\/","title":{"rendered":"2K049 A"},"content":{"rendered":"","protected":false},"excerpt":{"rendered":"<p>DEUTSCH 2 L\u0130 \u0130\u015e MAK\u0130NASI<\/p>\n","protected":false},"featured_media":62968,"template":"","meta":[],"product_brand":[],"product_cat":[91,87,88,89],"product_tag":[],"class_list":{"0":"post-56113","1":"product","2":"type-product","3":"status-publish","4":"has-post-thumbnail","6":"product_cat-2-kablolu-soketler","7":"product_cat-arac-grubu","8":"product_cat-is-makinasi","9":"product_cat-soket-grubu","11":"first","12":"instock","13":"taxable","14":"shipping-taxable","15":"purchasable","16":"product-type-simple"},"_links":{"self":[{"href":"https:\/\/otosoket.com\/index.php\/wp-json\/wp\/v2\/product\/56113","targetHints":{"allow":["GET"]}}],"collection":[{"href":"https:\/\/otosoket.com\/index.php\/wp-json\/wp\/v2\/product"}],"about":[{"href":"https:\/\/otosoket.com\/index.php\/wp-json\/wp\/v2\/types\/product"}],"wp:featuredmedia":[{"embeddable":true,"href":"https:\/\/otosoket.com\/index.php\/wp-json\/wp\/v2\/media\/62968"}],"wp:attachment":[{"href":"https:\/\/otosoket.com\/index.php\/wp-json\/wp\/v2\/media?parent=56113"}],"wp:term":[{"taxonomy":"product_brand","embeddable":true,"href":"https:\/\/otosoket.com\/index.php\/wp-json\/wp\/v2\/product_brand?post=56113"},{"taxonomy":"product_cat","embeddable":true,"href":"https:\/\/otosoket.com\/index.php\/wp-json\/wp\/v2\/product_cat?post=56113"},{"taxonomy":"product_tag","embeddable":true,"href":"https:\/\/otosoket.com\/index.php\/wp-json\/wp\/v2\/product_tag?post=56113"}],"curies":[{"name":"wp","href":"https:\/\/api.w.org\/{rel}","templated":true}]}}