{"id":56168,"date":"2023-10-29T10:03:33","date_gmt":"2023-10-29T10:03:33","guid":{"rendered":"https:\/\/otosoket.com\/index.php\/product\/soket-73\/"},"modified":"2026-03-11T13:02:24","modified_gmt":"2026-03-11T13:02:24","slug":"soket-73","status":"publish","type":"product","link":"https:\/\/otosoket.com\/index.php\/product\/soket-73\/","title":{"rendered":"2K084"},"content":{"rendered":"<p>________________________________________________________________________________________________________________________________________________________<\/p>\n<p class=\"pd-title\"><strong>OEM \u0130\u015f Makinas\u0131 Soketi :<\/strong> <span style=\"color: #ffffff;\">6195-0060\u00a0<\/span><\/p>\n<p>________________________________________________________________________________________________________________________________________________________<\/p>\n","protected":false},"excerpt":{"rendered":"<ul>\n<li><strong>\u0130\u015f Makinas\u0131 Soketi<\/strong><\/li>\n<\/ul>\n","protected":false},"featured_media":63035,"template":"","meta":[],"product_brand":[],"product_cat":[91,87,89],"product_tag":[],"class_list":{"0":"post-56168","1":"product","2":"type-product","3":"status-publish","4":"has-post-thumbnail","6":"product_cat-2-kablolu-soketler","7":"product_cat-arac-grubu","8":"product_cat-soket-grubu","10":"first","11":"instock","12":"taxable","13":"shipping-taxable","14":"purchasable","15":"product-type-simple"},"_links":{"self":[{"href":"https:\/\/otosoket.com\/index.php\/wp-json\/wp\/v2\/product\/56168","targetHints":{"allow":["GET"]}}],"collection":[{"href":"https:\/\/otosoket.com\/index.php\/wp-json\/wp\/v2\/product"}],"about":[{"href":"https:\/\/otosoket.com\/index.php\/wp-json\/wp\/v2\/types\/product"}],"wp:featuredmedia":[{"embeddable":true,"href":"https:\/\/otosoket.com\/index.php\/wp-json\/wp\/v2\/media\/63035"}],"wp:attachment":[{"href":"https:\/\/otosoket.com\/index.php\/wp-json\/wp\/v2\/media?parent=56168"}],"wp:term":[{"taxonomy":"product_brand","embeddable":true,"href":"https:\/\/otosoket.com\/index.php\/wp-json\/wp\/v2\/product_brand?post=56168"},{"taxonomy":"product_cat","embeddable":true,"href":"https:\/\/otosoket.com\/index.php\/wp-json\/wp\/v2\/product_cat?post=56168"},{"taxonomy":"product_tag","embeddable":true,"href":"https:\/\/otosoket.com\/index.php\/wp-json\/wp\/v2\/product_tag?post=56168"}],"curies":[{"name":"wp","href":"https:\/\/api.w.org\/{rel}","templated":true}]}}