{"id":56172,"date":"2023-10-29T10:03:36","date_gmt":"2023-10-29T10:03:36","guid":{"rendered":"https:\/\/otosoket.com\/index.php\/product\/soket-76\/"},"modified":"2026-03-11T13:02:24","modified_gmt":"2026-03-11T13:02:24","slug":"soket-76","status":"publish","type":"product","link":"https:\/\/otosoket.com\/index.php\/product\/soket-76\/","title":{"rendered":"2K086 A"},"content":{"rendered":"<p>________________________________________________________________________________________________________________________________________________________<\/p>\n<p><strong>OEM \u00d6n \u00c7arp\u0131\u015fma Darbe Sens\u00f6r\u00fc Soketi\u00a0:<\/strong><span style=\"color: #ffffff;\"> 31402-2110\/FR3T-14B006-AA\/EG1314B006AA\/13574936\/BBM457K1X BBM4-57-K1X\/14a688-ac 31402-2110\/<\/span><\/p>\n<ul>\n<li>FORD \u00d6n \u00c7arp\u0131\u015fma Darbe Sens\u00f6r\u00fc Soketi<\/li>\n<li>MAZDA \u00d6n \u00c7arp\u0131\u015fma Darbe Sens\u00f6r\u00fc Soketi<\/li>\n<\/ul>\n<p>________________________________________________________________________________________________________________________________________________________<\/p>\n","protected":false},"excerpt":{"rendered":"<ul>\n<li><strong>\u00d6n \u00c7arp\u0131\u015fma Darbe Sens\u00f6r\u00fc Soketi<\/strong><\/li>\n<\/ul>\n","protected":false},"featured_media":63039,"template":"","meta":[],"product_brand":[],"product_cat":[91,87,106,113,89],"product_tag":[],"class_list":{"0":"post-56172","1":"product","2":"type-product","3":"status-publish","4":"has-post-thumbnail","6":"product_cat-2-kablolu-soketler","7":"product_cat-arac-grubu","8":"product_cat-ford","9":"product_cat-mazda","10":"product_cat-soket-grubu","12":"first","13":"instock","14":"taxable","15":"shipping-taxable","16":"purchasable","17":"product-type-simple"},"_links":{"self":[{"href":"https:\/\/otosoket.com\/index.php\/wp-json\/wp\/v2\/product\/56172","targetHints":{"allow":["GET"]}}],"collection":[{"href":"https:\/\/otosoket.com\/index.php\/wp-json\/wp\/v2\/product"}],"about":[{"href":"https:\/\/otosoket.com\/index.php\/wp-json\/wp\/v2\/types\/product"}],"wp:featuredmedia":[{"embeddable":true,"href":"https:\/\/otosoket.com\/index.php\/wp-json\/wp\/v2\/media\/63039"}],"wp:attachment":[{"href":"https:\/\/otosoket.com\/index.php\/wp-json\/wp\/v2\/media?parent=56172"}],"wp:term":[{"taxonomy":"product_brand","embeddable":true,"href":"https:\/\/otosoket.com\/index.php\/wp-json\/wp\/v2\/product_brand?post=56172"},{"taxonomy":"product_cat","embeddable":true,"href":"https:\/\/otosoket.com\/index.php\/wp-json\/wp\/v2\/product_cat?post=56172"},{"taxonomy":"product_tag","embeddable":true,"href":"https:\/\/otosoket.com\/index.php\/wp-json\/wp\/v2\/product_tag?post=56172"}],"curies":[{"name":"wp","href":"https:\/\/api.w.org\/{rel}","templated":true}]}}