{"id":56173,"date":"2023-10-29T10:03:37","date_gmt":"2023-10-29T10:03:37","guid":{"rendered":"https:\/\/otosoket.com\/index.php\/product\/soket-77\/"},"modified":"2026-03-11T13:02:24","modified_gmt":"2026-03-11T13:02:24","slug":"soket-77","status":"publish","type":"product","link":"https:\/\/otosoket.com\/index.php\/product\/soket-77\/","title":{"rendered":"2K086 B"},"content":{"rendered":"<p>________________________________________________________________________________________________________________________________________________________<\/p>\n<p><strong>OEM\u00a0Otomatik \u00c7arp\u0131\u015fma Vuruntu Sens\u00f6r\u00fc Soketi :<\/strong> <span style=\"color: #ffffff;\">31403-2210 1s01834603<\/span><\/p>\n<ul>\n<li>Cadillac Otomatik \u00c7arp\u0131\u015fma Vuruntu Sens\u00f6r\u00fc Soketi<\/li>\n<\/ul>\n<p>________________________________________________________________________________________________________________________________________________________<\/p>\n<p><strong>OEM D\u0131\u015f Ortam Hava S\u0131cakl\u0131k Sens\u00f6r\u00fc\u00a0 Soketi :<\/strong><\/p>\n<ul>\n<li>Ford D\u0131\u015f Ortam Hava S\u0131cakl\u0131k Sens\u00f6r\u00fc\u00a0 Soketi<\/li>\n<li>Lincoln D\u0131\u015f Ortam Hava S\u0131cakl\u0131k Sens\u00f6r\u00fc\u00a0 Soketi<\/li>\n<\/ul>\n<p>________________________________________________________________________________________________________________________________________________________<\/p>\n","protected":false},"excerpt":{"rendered":"<ul>\n<li><strong>Otomatik \u00c7arp\u0131\u015fma Vuruntu Sens\u00f6r\u00fc Soketi<\/strong><\/li>\n<li><strong>D\u0131\u015f Ortam Hava S\u0131cakl\u0131k Sens\u00f6r\u00fc\u00a0 Soketi<\/strong><\/li>\n<\/ul>\n","protected":false},"featured_media":63041,"template":"","meta":[],"product_brand":[],"product_cat":[91,87,177,106,89],"product_tag":[],"class_list":{"0":"post-56173","1":"product","2":"type-product","3":"status-publish","4":"has-post-thumbnail","6":"product_cat-2-kablolu-soketler","7":"product_cat-arac-grubu","8":"product_cat-cadillac","9":"product_cat-ford","10":"product_cat-soket-grubu","12":"first","13":"instock","14":"taxable","15":"shipping-taxable","16":"purchasable","17":"product-type-simple"},"_links":{"self":[{"href":"https:\/\/otosoket.com\/index.php\/wp-json\/wp\/v2\/product\/56173","targetHints":{"allow":["GET"]}}],"collection":[{"href":"https:\/\/otosoket.com\/index.php\/wp-json\/wp\/v2\/product"}],"about":[{"href":"https:\/\/otosoket.com\/index.php\/wp-json\/wp\/v2\/types\/product"}],"wp:featuredmedia":[{"embeddable":true,"href":"https:\/\/otosoket.com\/index.php\/wp-json\/wp\/v2\/media\/63041"}],"wp:attachment":[{"href":"https:\/\/otosoket.com\/index.php\/wp-json\/wp\/v2\/media?parent=56173"}],"wp:term":[{"taxonomy":"product_brand","embeddable":true,"href":"https:\/\/otosoket.com\/index.php\/wp-json\/wp\/v2\/product_brand?post=56173"},{"taxonomy":"product_cat","embeddable":true,"href":"https:\/\/otosoket.com\/index.php\/wp-json\/wp\/v2\/product_cat?post=56173"},{"taxonomy":"product_tag","embeddable":true,"href":"https:\/\/otosoket.com\/index.php\/wp-json\/wp\/v2\/product_tag?post=56173"}],"curies":[{"name":"wp","href":"https:\/\/api.w.org\/{rel}","templated":true}]}}