{"id":56187,"date":"2023-10-29T10:03:46","date_gmt":"2023-10-29T10:03:46","guid":{"rendered":"https:\/\/otosoket.com\/index.php\/product\/enjeksiyon-soketi-cift-kanalli\/"},"modified":"2026-03-11T07:59:22","modified_gmt":"2026-03-11T07:59:22","slug":"enjeksiyon-soketi-cift-kanalli","status":"publish","type":"product","link":"https:\/\/otosoket.com\/index.php\/product\/enjeksiyon-soketi-cift-kanalli\/","title":{"rendered":"3K006 A"},"content":{"rendered":"<p>________________________________________________________________________________________________________________________________________________________<\/p>\n<p><strong>OEM Otomatik \u015eanz\u0131man Vuruntu Sens\u00f6r Sok<\/strong><span style=\"color: #000000;\"><strong>eti :<\/strong>\u00a0<span style=\"color: #ffffff;\"> 368215-1\/<\/span><\/span><\/p>\n<p>________________________________________________________________________________________________________________________________________________________<\/p>\n<p>________________________________________________________________________________________________________________________________________________________<\/p>\n","protected":false},"excerpt":{"rendered":"<ul>\n<li>ENJEKS\u0130YON SOKET\u0130 \u00c7\u0130FT KANALLI<\/li>\n<li>Otomatik \u015eanz\u0131man Sens\u00f6r Soketi<\/li>\n<\/ul>\n","protected":false},"featured_media":63108,"template":"","meta":[],"product_brand":[],"product_cat":[92,87,130,114,129,89],"product_tag":[],"class_list":{"0":"post-56187","1":"product","2":"type-product","3":"status-publish","4":"has-post-thumbnail","6":"product_cat-3-kablolu-soketler","7":"product_cat-arac-grubu","8":"product_cat-dacia","9":"product_cat-fiat","10":"product_cat-renault","11":"product_cat-soket-grubu","13":"first","14":"instock","15":"taxable","16":"shipping-taxable","17":"purchasable","18":"product-type-simple"},"_links":{"self":[{"href":"https:\/\/otosoket.com\/index.php\/wp-json\/wp\/v2\/product\/56187","targetHints":{"allow":["GET"]}}],"collection":[{"href":"https:\/\/otosoket.com\/index.php\/wp-json\/wp\/v2\/product"}],"about":[{"href":"https:\/\/otosoket.com\/index.php\/wp-json\/wp\/v2\/types\/product"}],"wp:featuredmedia":[{"embeddable":true,"href":"https:\/\/otosoket.com\/index.php\/wp-json\/wp\/v2\/media\/63108"}],"wp:attachment":[{"href":"https:\/\/otosoket.com\/index.php\/wp-json\/wp\/v2\/media?parent=56187"}],"wp:term":[{"taxonomy":"product_brand","embeddable":true,"href":"https:\/\/otosoket.com\/index.php\/wp-json\/wp\/v2\/product_brand?post=56187"},{"taxonomy":"product_cat","embeddable":true,"href":"https:\/\/otosoket.com\/index.php\/wp-json\/wp\/v2\/product_cat?post=56187"},{"taxonomy":"product_tag","embeddable":true,"href":"https:\/\/otosoket.com\/index.php\/wp-json\/wp\/v2\/product_tag?post=56187"}],"curies":[{"name":"wp","href":"https:\/\/api.w.org\/{rel}","templated":true}]}}