{"id":56195,"date":"2023-10-29T10:03:50","date_gmt":"2023-10-29T10:03:50","guid":{"rendered":"https:\/\/otosoket.com\/index.php\/product\/d-tip-3-lu-kalin-terminal\/"},"modified":"2026-04-08T10:07:47","modified_gmt":"2026-04-08T10:07:47","slug":"d-tip-3-lu-kalin-terminal","status":"publish","type":"product","link":"https:\/\/otosoket.com\/index.php\/product\/d-tip-3-lu-kalin-terminal\/","title":{"rendered":"3K011 A"},"content":{"rendered":"","protected":false},"excerpt":{"rendered":"<p>D T\u0130P 3 L\u00dc KALIN TERM\u0130NAL<\/p>\n","protected":false},"featured_media":63120,"template":"","meta":[],"product_brand":[],"product_cat":[92,107,108,109,89,110],"product_tag":[],"class_list":{"0":"post-56195","1":"product","2":"type-product","3":"status-publish","4":"has-post-thumbnail","6":"product_cat-3-kablolu-soketler","7":"product_cat-audi","8":"product_cat-seat","9":"product_cat-skoda","10":"product_cat-soket-grubu","11":"product_cat-volkswagen","13":"first","14":"instock","15":"taxable","16":"shipping-taxable","17":"purchasable","18":"product-type-simple"},"_links":{"self":[{"href":"https:\/\/otosoket.com\/index.php\/wp-json\/wp\/v2\/product\/56195","targetHints":{"allow":["GET"]}}],"collection":[{"href":"https:\/\/otosoket.com\/index.php\/wp-json\/wp\/v2\/product"}],"about":[{"href":"https:\/\/otosoket.com\/index.php\/wp-json\/wp\/v2\/types\/product"}],"wp:featuredmedia":[{"embeddable":true,"href":"https:\/\/otosoket.com\/index.php\/wp-json\/wp\/v2\/media\/63120"}],"wp:attachment":[{"href":"https:\/\/otosoket.com\/index.php\/wp-json\/wp\/v2\/media?parent=56195"}],"wp:term":[{"taxonomy":"product_brand","embeddable":true,"href":"https:\/\/otosoket.com\/index.php\/wp-json\/wp\/v2\/product_brand?post=56195"},{"taxonomy":"product_cat","embeddable":true,"href":"https:\/\/otosoket.com\/index.php\/wp-json\/wp\/v2\/product_cat?post=56195"},{"taxonomy":"product_tag","embeddable":true,"href":"https:\/\/otosoket.com\/index.php\/wp-json\/wp\/v2\/product_tag?post=56195"}],"curies":[{"name":"wp","href":"https:\/\/api.w.org\/{rel}","templated":true}]}}