{"id":56232,"date":"2023-10-29T10:04:12","date_gmt":"2023-10-29T10:04:12","guid":{"rendered":"https:\/\/otosoket.com\/index.php\/product\/deutsch-3-lu-is-makinasi-erkek\/"},"modified":"2026-03-11T08:41:11","modified_gmt":"2026-03-11T08:41:11","slug":"deutsch-3-lu-is-makinasi-erkek","status":"publish","type":"product","link":"https:\/\/otosoket.com\/index.php\/product\/deutsch-3-lu-is-makinasi-erkek\/","title":{"rendered":"3K031 AE"},"content":{"rendered":"","protected":false},"excerpt":{"rendered":"<p>DEUTSCH 3 L\u00dc \u0130\u015e MAK\u0130NASI ERKEK<\/p>\n","protected":false},"featured_media":63163,"template":"","meta":[],"product_brand":[],"product_cat":[92,88,89],"product_tag":[],"class_list":{"0":"post-56232","1":"product","2":"type-product","3":"status-publish","4":"has-post-thumbnail","6":"product_cat-3-kablolu-soketler","7":"product_cat-is-makinasi","8":"product_cat-soket-grubu","10":"first","11":"instock","12":"taxable","13":"shipping-taxable","14":"purchasable","15":"product-type-simple"},"_links":{"self":[{"href":"https:\/\/otosoket.com\/index.php\/wp-json\/wp\/v2\/product\/56232","targetHints":{"allow":["GET"]}}],"collection":[{"href":"https:\/\/otosoket.com\/index.php\/wp-json\/wp\/v2\/product"}],"about":[{"href":"https:\/\/otosoket.com\/index.php\/wp-json\/wp\/v2\/types\/product"}],"wp:featuredmedia":[{"embeddable":true,"href":"https:\/\/otosoket.com\/index.php\/wp-json\/wp\/v2\/media\/63163"}],"wp:attachment":[{"href":"https:\/\/otosoket.com\/index.php\/wp-json\/wp\/v2\/media?parent=56232"}],"wp:term":[{"taxonomy":"product_brand","embeddable":true,"href":"https:\/\/otosoket.com\/index.php\/wp-json\/wp\/v2\/product_brand?post=56232"},{"taxonomy":"product_cat","embeddable":true,"href":"https:\/\/otosoket.com\/index.php\/wp-json\/wp\/v2\/product_cat?post=56232"},{"taxonomy":"product_tag","embeddable":true,"href":"https:\/\/otosoket.com\/index.php\/wp-json\/wp\/v2\/product_tag?post=56232"}],"curies":[{"name":"wp","href":"https:\/\/api.w.org\/{rel}","templated":true}]}}