{"id":56244,"date":"2023-10-29T10:04:21","date_gmt":"2023-10-29T10:04:21","guid":{"rendered":"https:\/\/otosoket.com\/index.php\/product\/soket-97\/"},"modified":"2026-04-20T12:31:05","modified_gmt":"2026-04-20T12:31:05","slug":"soket-97","status":"publish","type":"product","link":"https:\/\/otosoket.com\/index.php\/product\/soket-97\/","title":{"rendered":"3K042"},"content":{"rendered":"<p>________________________________________________________________________________________________________________________________________________________<\/p>\n<p><strong>OEM Sis Lambas\u0131 Ba\u011flant\u0131 Soketi :<\/strong><span style=\"color: #ffffff;\"> 7123-7434-40\/MG610327 \/MG610327-5<\/span><\/p>\n<p>&nbsp;<\/p>\n<p>________________________________________________________________________________________________________________________________________________________<\/p>\n<p>&nbsp;<\/p>\n","protected":false},"excerpt":{"rendered":"<ul>\n<li><strong>Sis Lambas\u0131 Ba\u011flant\u0131 Soketi<\/strong><\/li>\n<\/ul>\n","protected":false},"featured_media":63180,"template":"","meta":[],"product_brand":[],"product_cat":[92,89],"product_tag":[],"class_list":{"0":"post-56244","1":"product","2":"type-product","3":"status-publish","4":"has-post-thumbnail","6":"product_cat-3-kablolu-soketler","7":"product_cat-soket-grubu","9":"first","10":"instock","11":"taxable","12":"shipping-taxable","13":"purchasable","14":"product-type-simple"},"_links":{"self":[{"href":"https:\/\/otosoket.com\/index.php\/wp-json\/wp\/v2\/product\/56244","targetHints":{"allow":["GET"]}}],"collection":[{"href":"https:\/\/otosoket.com\/index.php\/wp-json\/wp\/v2\/product"}],"about":[{"href":"https:\/\/otosoket.com\/index.php\/wp-json\/wp\/v2\/types\/product"}],"wp:featuredmedia":[{"embeddable":true,"href":"https:\/\/otosoket.com\/index.php\/wp-json\/wp\/v2\/media\/63180"}],"wp:attachment":[{"href":"https:\/\/otosoket.com\/index.php\/wp-json\/wp\/v2\/media?parent=56244"}],"wp:term":[{"taxonomy":"product_brand","embeddable":true,"href":"https:\/\/otosoket.com\/index.php\/wp-json\/wp\/v2\/product_brand?post=56244"},{"taxonomy":"product_cat","embeddable":true,"href":"https:\/\/otosoket.com\/index.php\/wp-json\/wp\/v2\/product_cat?post=56244"},{"taxonomy":"product_tag","embeddable":true,"href":"https:\/\/otosoket.com\/index.php\/wp-json\/wp\/v2\/product_tag?post=56244"}],"curies":[{"name":"wp","href":"https:\/\/api.w.org\/{rel}","templated":true}]}}