{"id":56257,"date":"2023-10-29T10:04:28","date_gmt":"2023-10-29T10:04:28","guid":{"rendered":"https:\/\/otosoket.com\/index.php\/product\/soket-110\/"},"modified":"2026-04-07T11:37:12","modified_gmt":"2026-04-07T11:37:12","slug":"soket-3k051-a","status":"publish","type":"product","link":"https:\/\/otosoket.com\/index.php\/product\/soket-3k051-a\/","title":{"rendered":"3K051 A"},"content":{"rendered":"<p>________________________________________________________________________________________________________________________________________________________<\/p>\n<p><strong>OEM Alternat\u00f6r redres\u00f6r\u00fc :<\/strong> <span style=\"color: #ffffff;\">0609843872241\/<\/span><\/p>\n<div class=\"saam-product-detail__content-nav\" role=\"presentation\" aria-hidden=\"true\">\n<div class=\"saam-product-detail__content-nav__item\">\n<ul>\n<li class=\"article-number\"><span class=\"mat-content ng-tns-c272-42424 mat-content-hide-toggle\">TRIUMPH Alternat\u00f6r redres\u00f6r\u00fc <\/span><span style=\"color: #ffffff;\">T1300022\/T1300675<\/span><\/li>\n<li><span class=\"mat-content ng-tns-c272-42488 mat-content-hide-toggle\">POLARIS <span class=\"mat-content ng-tns-c272-42424 mat-content-hide-toggle\"> Alternat\u00f6r redres\u00f6r\u00fc <\/span><\/span><span style=\"color: #ffffff;\">4012941<\/span><\/li>\n<\/ul>\n<div class=\"saam-product-detail__content-nav\" role=\"presentation\" aria-hidden=\"true\">\n<div class=\"saam-product-detail__content-nav__item\">________________________________________________________________________________________________________________________________________________________<\/div>\n<\/div>\n<\/div>\n<\/div>\n","protected":false},"excerpt":{"rendered":"<ul>\n<li>\n<div class=\"article-number\">\n<div>Alternat\u00f6r redres\u00f6r\u00fc<\/div>\n<\/div>\n<div class=\"saam-product-detail__content-nav\" role=\"presentation\" aria-hidden=\"true\">\n<div class=\"saam-product-detail__content-nav__item\"><\/div>\n<\/div>\n<\/li>\n<\/ul>\n","protected":false},"featured_media":63194,"template":"","meta":[],"product_brand":[],"product_cat":[92,89],"product_tag":[],"class_list":{"0":"post-56257","1":"product","2":"type-product","3":"status-publish","4":"has-post-thumbnail","6":"product_cat-3-kablolu-soketler","7":"product_cat-soket-grubu","9":"first","10":"instock","11":"taxable","12":"shipping-taxable","13":"purchasable","14":"product-type-simple"},"_links":{"self":[{"href":"https:\/\/otosoket.com\/index.php\/wp-json\/wp\/v2\/product\/56257","targetHints":{"allow":["GET"]}}],"collection":[{"href":"https:\/\/otosoket.com\/index.php\/wp-json\/wp\/v2\/product"}],"about":[{"href":"https:\/\/otosoket.com\/index.php\/wp-json\/wp\/v2\/types\/product"}],"wp:featuredmedia":[{"embeddable":true,"href":"https:\/\/otosoket.com\/index.php\/wp-json\/wp\/v2\/media\/63194"}],"wp:attachment":[{"href":"https:\/\/otosoket.com\/index.php\/wp-json\/wp\/v2\/media?parent=56257"}],"wp:term":[{"taxonomy":"product_brand","embeddable":true,"href":"https:\/\/otosoket.com\/index.php\/wp-json\/wp\/v2\/product_brand?post=56257"},{"taxonomy":"product_cat","embeddable":true,"href":"https:\/\/otosoket.com\/index.php\/wp-json\/wp\/v2\/product_cat?post=56257"},{"taxonomy":"product_tag","embeddable":true,"href":"https:\/\/otosoket.com\/index.php\/wp-json\/wp\/v2\/product_tag?post=56257"}],"curies":[{"name":"wp","href":"https:\/\/api.w.org\/{rel}","templated":true}]}}