{"id":56258,"date":"2023-10-29T10:04:28","date_gmt":"2023-10-29T10:04:28","guid":{"rendered":"https:\/\/otosoket.com\/index.php\/product\/soket-111\/"},"modified":"2026-03-11T09:50:02","modified_gmt":"2026-03-11T09:50:02","slug":"soket-3k052","status":"publish","type":"product","link":"https:\/\/otosoket.com\/index.php\/product\/soket-3k052\/","title":{"rendered":"3K052"},"content":{"rendered":"<p>OEM\u00a0 :\u00a0 PB015-03320<\/p>\n<ul>\n<li>HITACHI ekskavat\u00f6r ZX200-1 gaz motoru<\/li>\n<li>KATO ekskavat\u00f6r sens\u00f6r\u00fc<\/li>\n<\/ul>\n","protected":false},"excerpt":{"rendered":"<ul>\n<li><strong>MAP H\u0131z Sens\u00f6r\u00fc Soketi<\/strong><\/li>\n<\/ul>\n","protected":false},"featured_media":63195,"template":"","meta":[],"product_brand":[],"product_cat":[92,89],"product_tag":[],"class_list":{"0":"post-56258","1":"product","2":"type-product","3":"status-publish","4":"has-post-thumbnail","6":"product_cat-3-kablolu-soketler","7":"product_cat-soket-grubu","9":"first","10":"instock","11":"taxable","12":"shipping-taxable","13":"purchasable","14":"product-type-simple"},"_links":{"self":[{"href":"https:\/\/otosoket.com\/index.php\/wp-json\/wp\/v2\/product\/56258","targetHints":{"allow":["GET"]}}],"collection":[{"href":"https:\/\/otosoket.com\/index.php\/wp-json\/wp\/v2\/product"}],"about":[{"href":"https:\/\/otosoket.com\/index.php\/wp-json\/wp\/v2\/types\/product"}],"wp:featuredmedia":[{"embeddable":true,"href":"https:\/\/otosoket.com\/index.php\/wp-json\/wp\/v2\/media\/63195"}],"wp:attachment":[{"href":"https:\/\/otosoket.com\/index.php\/wp-json\/wp\/v2\/media?parent=56258"}],"wp:term":[{"taxonomy":"product_brand","embeddable":true,"href":"https:\/\/otosoket.com\/index.php\/wp-json\/wp\/v2\/product_brand?post=56258"},{"taxonomy":"product_cat","embeddable":true,"href":"https:\/\/otosoket.com\/index.php\/wp-json\/wp\/v2\/product_cat?post=56258"},{"taxonomy":"product_tag","embeddable":true,"href":"https:\/\/otosoket.com\/index.php\/wp-json\/wp\/v2\/product_tag?post=56258"}],"curies":[{"name":"wp","href":"https:\/\/api.w.org\/{rel}","templated":true}]}}