{"id":56270,"date":"2023-10-29T10:04:37","date_gmt":"2023-10-29T10:04:37","guid":{"rendered":"https:\/\/otosoket.com\/index.php\/product\/bobin-soketi-karsiligi-erkek\/"},"modified":"2026-03-11T10:20:01","modified_gmt":"2026-03-11T10:20:01","slug":"bobin-soketi-karsiligi-erkek","status":"publish","type":"product","link":"https:\/\/otosoket.com\/index.php\/product\/bobin-soketi-karsiligi-erkek\/","title":{"rendered":"4K008 E"},"content":{"rendered":"","protected":false},"excerpt":{"rendered":"<p>BOB\u0130N SOKET\u0130 KAR\u015eILI\u011eI ERKEK<\/p>\n","protected":false},"featured_media":63252,"template":"","meta":[],"product_brand":[],"product_cat":[93,89],"product_tag":[],"class_list":{"0":"post-56270","1":"product","2":"type-product","3":"status-publish","4":"has-post-thumbnail","6":"product_cat-4-kablolu-soketler","7":"product_cat-soket-grubu","9":"first","10":"instock","11":"taxable","12":"shipping-taxable","13":"purchasable","14":"product-type-simple"},"_links":{"self":[{"href":"https:\/\/otosoket.com\/index.php\/wp-json\/wp\/v2\/product\/56270","targetHints":{"allow":["GET"]}}],"collection":[{"href":"https:\/\/otosoket.com\/index.php\/wp-json\/wp\/v2\/product"}],"about":[{"href":"https:\/\/otosoket.com\/index.php\/wp-json\/wp\/v2\/types\/product"}],"wp:featuredmedia":[{"embeddable":true,"href":"https:\/\/otosoket.com\/index.php\/wp-json\/wp\/v2\/media\/63252"}],"wp:attachment":[{"href":"https:\/\/otosoket.com\/index.php\/wp-json\/wp\/v2\/media?parent=56270"}],"wp:term":[{"taxonomy":"product_brand","embeddable":true,"href":"https:\/\/otosoket.com\/index.php\/wp-json\/wp\/v2\/product_brand?post=56270"},{"taxonomy":"product_cat","embeddable":true,"href":"https:\/\/otosoket.com\/index.php\/wp-json\/wp\/v2\/product_cat?post=56270"},{"taxonomy":"product_tag","embeddable":true,"href":"https:\/\/otosoket.com\/index.php\/wp-json\/wp\/v2\/product_tag?post=56270"}],"curies":[{"name":"wp","href":"https:\/\/api.w.org\/{rel}","templated":true}]}}