{"id":56294,"date":"2023-10-29T10:04:50","date_gmt":"2023-10-29T10:04:50","guid":{"rendered":"https:\/\/otosoket.com\/index.php\/product\/soket-124\/"},"modified":"2026-03-11T11:04:52","modified_gmt":"2026-03-11T11:04:52","slug":"soket-124","status":"publish","type":"product","link":"https:\/\/otosoket.com\/index.php\/product\/soket-124\/","title":{"rendered":"4K024"},"content":{"rendered":"<p>________________________________________________________________________________________________________________________________________________________<\/p>\n<p>&nbsp;<\/p>\n<ul>\n<li>Mazda RX7 FD Gaz Kelebe\u011fi Konum Sens\u00f6r\u00fc Soketi TPS tak Soketi <span style=\"color: #ffffff;\">6195-0030\/N3A1-18-911<\/span><\/li>\n<li>MITSUBISHI Gaz Kelebe\u011fi Konum Sens\u00f6r\u00fc Soketi <span style=\"color: #ffffff;\">6195-0030<\/span><\/li>\n<li>Toyota Prado Alternat\u00f6r Soketi<\/li>\n<\/ul>\n<p>________________________________________________________________________________________________________________________________________________________<\/p>\n","protected":false},"excerpt":{"rendered":"<ul>\n<li><strong>Gaz Kelebe\u011fi Konum Soketi <span style=\"color: #ffffff;\">6195-0030<\/span><\/strong><\/li>\n<li><strong>Ate\u015fleme Bobin Soketi <span style=\"color: #ffffff;\">PB427-04125<\/span><\/strong><\/li>\n<\/ul>\n","protected":false},"featured_media":63282,"template":"","meta":[],"product_brand":[],"product_cat":[93,111,113,105,89,112],"product_tag":[],"class_list":{"0":"post-56294","1":"product","2":"type-product","3":"status-publish","4":"has-post-thumbnail","6":"product_cat-4-kablolu-soketler","7":"product_cat-honda","8":"product_cat-mazda","9":"product_cat-nissan","10":"product_cat-soket-grubu","11":"product_cat-toyota","13":"first","14":"instock","15":"taxable","16":"shipping-taxable","17":"purchasable","18":"product-type-simple"},"_links":{"self":[{"href":"https:\/\/otosoket.com\/index.php\/wp-json\/wp\/v2\/product\/56294","targetHints":{"allow":["GET"]}}],"collection":[{"href":"https:\/\/otosoket.com\/index.php\/wp-json\/wp\/v2\/product"}],"about":[{"href":"https:\/\/otosoket.com\/index.php\/wp-json\/wp\/v2\/types\/product"}],"wp:featuredmedia":[{"embeddable":true,"href":"https:\/\/otosoket.com\/index.php\/wp-json\/wp\/v2\/media\/63282"}],"wp:attachment":[{"href":"https:\/\/otosoket.com\/index.php\/wp-json\/wp\/v2\/media?parent=56294"}],"wp:term":[{"taxonomy":"product_brand","embeddable":true,"href":"https:\/\/otosoket.com\/index.php\/wp-json\/wp\/v2\/product_brand?post=56294"},{"taxonomy":"product_cat","embeddable":true,"href":"https:\/\/otosoket.com\/index.php\/wp-json\/wp\/v2\/product_cat?post=56294"},{"taxonomy":"product_tag","embeddable":true,"href":"https:\/\/otosoket.com\/index.php\/wp-json\/wp\/v2\/product_tag?post=56294"}],"curies":[{"name":"wp","href":"https:\/\/api.w.org\/{rel}","templated":true}]}}