{"id":56386,"date":"2023-10-29T10:05:50","date_gmt":"2023-10-29T10:05:50","guid":{"rendered":"https:\/\/otosoket.com\/index.php\/product\/stop-soketi-karsiligi\/"},"modified":"2026-03-12T06:40:51","modified_gmt":"2026-03-12T06:40:51","slug":"stop-soketi-karsiligi","status":"publish","type":"product","link":"https:\/\/otosoket.com\/index.php\/product\/stop-soketi-karsiligi\/","title":{"rendered":"6K016 A"},"content":{"rendered":"<ul>\n<li>FIAT STOP SOKET\u0130<\/li>\n<\/ul>\n","protected":false},"excerpt":{"rendered":"<ul>\n<li><strong>Stop Soketi Kar\u015f\u0131l\u0131\u011f\u0131<\/strong><\/li>\n<\/ul>\n","protected":false},"featured_media":63458,"template":"","meta":[],"product_brand":[],"product_cat":[94,114,89],"product_tag":[],"class_list":{"0":"post-56386","1":"product","2":"type-product","3":"status-publish","4":"has-post-thumbnail","6":"product_cat-6-kablolu-soketler","7":"product_cat-fiat","8":"product_cat-soket-grubu","10":"first","11":"instock","12":"taxable","13":"shipping-taxable","14":"purchasable","15":"product-type-simple"},"_links":{"self":[{"href":"https:\/\/otosoket.com\/index.php\/wp-json\/wp\/v2\/product\/56386","targetHints":{"allow":["GET"]}}],"collection":[{"href":"https:\/\/otosoket.com\/index.php\/wp-json\/wp\/v2\/product"}],"about":[{"href":"https:\/\/otosoket.com\/index.php\/wp-json\/wp\/v2\/types\/product"}],"wp:featuredmedia":[{"embeddable":true,"href":"https:\/\/otosoket.com\/index.php\/wp-json\/wp\/v2\/media\/63458"}],"wp:attachment":[{"href":"https:\/\/otosoket.com\/index.php\/wp-json\/wp\/v2\/media?parent=56386"}],"wp:term":[{"taxonomy":"product_brand","embeddable":true,"href":"https:\/\/otosoket.com\/index.php\/wp-json\/wp\/v2\/product_brand?post=56386"},{"taxonomy":"product_cat","embeddable":true,"href":"https:\/\/otosoket.com\/index.php\/wp-json\/wp\/v2\/product_cat?post=56386"},{"taxonomy":"product_tag","embeddable":true,"href":"https:\/\/otosoket.com\/index.php\/wp-json\/wp\/v2\/product_tag?post=56386"}],"curies":[{"name":"wp","href":"https:\/\/api.w.org\/{rel}","templated":true}]}}