{"id":56393,"date":"2023-10-29T10:05:54","date_gmt":"2023-10-29T10:05:54","guid":{"rendered":"https:\/\/otosoket.com\/index.php\/product\/deutsch-6-li-is-makinasi-erkek-2\/"},"modified":"2026-04-07T09:51:11","modified_gmt":"2026-04-07T09:51:11","slug":"deutsch-6-li-is-makinasi-erkek-2","status":"publish","type":"product","link":"https:\/\/otosoket.com\/index.php\/product\/deutsch-6-li-is-makinasi-erkek-2\/","title":{"rendered":"6K018 AE"},"content":{"rendered":"","protected":false},"excerpt":{"rendered":"<p>DEUTSCH 6 LI \u0130\u015e MAK\u0130NASI ERKEK<\/p>\n","protected":false},"featured_media":63463,"template":"","meta":[],"product_brand":[],"product_cat":[94,88,89],"product_tag":[],"class_list":{"0":"post-56393","1":"product","2":"type-product","3":"status-publish","4":"has-post-thumbnail","6":"product_cat-6-kablolu-soketler","7":"product_cat-is-makinasi","8":"product_cat-soket-grubu","10":"first","11":"instock","12":"taxable","13":"shipping-taxable","14":"purchasable","15":"product-type-simple"},"_links":{"self":[{"href":"https:\/\/otosoket.com\/index.php\/wp-json\/wp\/v2\/product\/56393","targetHints":{"allow":["GET"]}}],"collection":[{"href":"https:\/\/otosoket.com\/index.php\/wp-json\/wp\/v2\/product"}],"about":[{"href":"https:\/\/otosoket.com\/index.php\/wp-json\/wp\/v2\/types\/product"}],"wp:featuredmedia":[{"embeddable":true,"href":"https:\/\/otosoket.com\/index.php\/wp-json\/wp\/v2\/media\/63463"}],"wp:attachment":[{"href":"https:\/\/otosoket.com\/index.php\/wp-json\/wp\/v2\/media?parent=56393"}],"wp:term":[{"taxonomy":"product_brand","embeddable":true,"href":"https:\/\/otosoket.com\/index.php\/wp-json\/wp\/v2\/product_brand?post=56393"},{"taxonomy":"product_cat","embeddable":true,"href":"https:\/\/otosoket.com\/index.php\/wp-json\/wp\/v2\/product_cat?post=56393"},{"taxonomy":"product_tag","embeddable":true,"href":"https:\/\/otosoket.com\/index.php\/wp-json\/wp\/v2\/product_tag?post=56393"}],"curies":[{"name":"wp","href":"https:\/\/api.w.org\/{rel}","templated":true}]}}