{"id":56396,"date":"2023-10-29T10:05:55","date_gmt":"2023-10-29T10:05:55","guid":{"rendered":"https:\/\/otosoket.com\/index.php\/product\/stop-musur-soketi\/"},"modified":"2026-04-19T12:25:16","modified_gmt":"2026-04-19T12:25:16","slug":"stop-musur-soketi","status":"publish","type":"product","link":"https:\/\/otosoket.com\/index.php\/product\/stop-musur-soketi\/","title":{"rendered":"6K020"},"content":{"rendered":"<p>ISUZU<\/p>\n","protected":false},"excerpt":{"rendered":"<ul>\n<li><strong>ISUZU Stop \/ M\u00fc\u015f\u00fcr Soketi<\/strong><\/li>\n<li><strong>SCAN\u0130A\u00a0 \u00a0Far Soketi<\/strong><\/li>\n<\/ul>\n","protected":false},"featured_media":63468,"template":"","meta":[],"product_brand":[],"product_cat":[94,111,161,113,105,89,112],"product_tag":[],"class_list":{"0":"post-56396","1":"product","2":"type-product","3":"status-publish","4":"has-post-thumbnail","6":"product_cat-6-kablolu-soketler","7":"product_cat-honda","8":"product_cat-isuzu","9":"product_cat-mazda","10":"product_cat-nissan","11":"product_cat-soket-grubu","12":"product_cat-toyota","14":"first","15":"instock","16":"taxable","17":"shipping-taxable","18":"purchasable","19":"product-type-simple"},"_links":{"self":[{"href":"https:\/\/otosoket.com\/index.php\/wp-json\/wp\/v2\/product\/56396","targetHints":{"allow":["GET"]}}],"collection":[{"href":"https:\/\/otosoket.com\/index.php\/wp-json\/wp\/v2\/product"}],"about":[{"href":"https:\/\/otosoket.com\/index.php\/wp-json\/wp\/v2\/types\/product"}],"wp:featuredmedia":[{"embeddable":true,"href":"https:\/\/otosoket.com\/index.php\/wp-json\/wp\/v2\/media\/63468"}],"wp:attachment":[{"href":"https:\/\/otosoket.com\/index.php\/wp-json\/wp\/v2\/media?parent=56396"}],"wp:term":[{"taxonomy":"product_brand","embeddable":true,"href":"https:\/\/otosoket.com\/index.php\/wp-json\/wp\/v2\/product_brand?post=56396"},{"taxonomy":"product_cat","embeddable":true,"href":"https:\/\/otosoket.com\/index.php\/wp-json\/wp\/v2\/product_cat?post=56396"},{"taxonomy":"product_tag","embeddable":true,"href":"https:\/\/otosoket.com\/index.php\/wp-json\/wp\/v2\/product_tag?post=56396"}],"curies":[{"name":"wp","href":"https:\/\/api.w.org\/{rel}","templated":true}]}}