{"id":56398,"date":"2023-10-29T10:05:56","date_gmt":"2023-10-29T10:05:56","guid":{"rendered":"https:\/\/otosoket.com\/index.php\/product\/soket-159\/"},"modified":"2026-03-12T07:01:20","modified_gmt":"2026-03-12T07:01:20","slug":"6k021","status":"publish","type":"product","link":"https:\/\/otosoket.com\/index.php\/product\/6k021\/","title":{"rendered":"6K021"},"content":{"rendered":"<p>________________________________________________________________________________________________________________________________________________________<\/p>\n<p><strong>OEM R\u00f6lanti H\u0131z Kontrol Vanas\u0131 Soketi:<\/strong><span style=\"color: #ffffff;\"> 6189-0029\/90980-11144\/0986JG0701 2227046050 13451010233 22270-46050, 134 51010 233 214-1971 73-4409 2141971 734409, 1903-307069 2H1147 AC4028 AC425, 22270-46050, 2227046060, 90980-11144, 9098011144 IAC<\/span><\/p>\n<ul>\n<li>LEXUS R\u00f6lanti H\u0131z Kontrol Vanas\u0131 Soketi<\/li>\n<li>Toyota R\u00f6lanti H\u0131z Kontrol Vanas\u0131 Soketi<\/li>\n<li>Nissan 350Z Infiniti G35 Gaz Pedal\u0131 Sens\u00f6r\u00fc Soketi<\/li>\n<\/ul>\n<p>________________________________________________________________________________________________________________________________________________________<\/p>\n<table class=\"ux-table-section ux-table-section--html-table\" data-testid=\"ux-table-section\">\n<thead class=\"ux-table-section__head\" data-testid=\"ux-table-section-head\">\n<tr class=\"ux-table-section__row\" data-testid=\"ux-table-section-head-row\">\n<th class=\"ux-table-section__cell ux-table-section__cell--th\" data-testid=\"ux-table-section-head-cell\"><span class=\"ux-textspans\">Y\u0131l<\/span><\/th>\n<th class=\"ux-table-section__cell ux-table-section__cell--th\" data-testid=\"ux-table-section-head-cell\"><span class=\"ux-textspans\">Yapmak<\/span><\/th>\n<th class=\"ux-table-section__cell ux-table-section__cell--th\" data-testid=\"ux-table-section-head-cell\"><span class=\"ux-textspans\">\u00d6rnek<\/span><\/th>\n<th class=\"ux-table-section__cell ux-table-section__cell--th\" data-testid=\"ux-table-section-head-cell\"><span class=\"ux-textspans\">K\u0131rpma<\/span><\/th>\n<th class=\"ux-table-section__cell ux-table-section__cell--th\" data-testid=\"ux-table-section-head-cell\"><span class=\"ux-textspans\">Motor<\/span><\/th>\n<th class=\"ux-table-section__cell ux-table-section__cell--th\" data-testid=\"ux-table-section-head-cell\"><span class=\"ux-textspans\">Notlar<\/span><\/th>\n<\/tr>\n<\/thead>\n<tbody class=\"ux-table-section__body\" data-testid=\"ux-table-section-body\">\n<tr class=\"ux-table-section__row\" data-testid=\"ux-table-section-body-row\">\n<td class=\"ux-table-section__cell\" data-testid=\"ux-table-section-body-cell\"><span class=\"ux-textspans\">1999<\/span><\/td>\n<td class=\"ux-table-section__cell\" data-testid=\"ux-table-section-body-cell\"><span class=\"ux-textspans\">Lexus<\/span><\/td>\n<td class=\"ux-table-section__cell\" data-testid=\"ux-table-section-body-cell\"><span class=\"ux-textspans\">GS300<\/span><\/td>\n<td class=\"ux-table-section__cell\" data-testid=\"ux-table-section-body-cell\"><span class=\"ux-textspans\">Baz Sedan 4 Kap\u0131l\u0131<\/span><\/td>\n<td class=\"ux-table-section__cell\" data-testid=\"ux-table-section-body-cell\"><span class=\"ux-textspans\">3.0L 2997CC l6 GAZ DOHC Do\u011fal Emi\u015fli<\/span><\/td>\n<td class=\"ux-table-section__cell\" data-testid=\"ux-table-section-body-cell\"><\/td>\n<\/tr>\n<tr class=\"ux-table-section__row\" data-testid=\"ux-table-section-body-row\">\n<td class=\"ux-table-section__cell\" data-testid=\"ux-table-section-body-cell\"><span class=\"ux-textspans\">1998<\/span><\/td>\n<td class=\"ux-table-section__cell\" data-testid=\"ux-table-section-body-cell\"><span class=\"ux-textspans\">Lexus<\/span><\/td>\n<td class=\"ux-table-section__cell\" data-testid=\"ux-table-section-body-cell\"><span class=\"ux-textspans\">GS300<\/span><\/td>\n<td class=\"ux-table-section__cell\" data-testid=\"ux-table-section-body-cell\"><span class=\"ux-textspans\">Baz Sedan 4 Kap\u0131l\u0131<\/span><\/td>\n<td class=\"ux-table-section__cell\" data-testid=\"ux-table-section-body-cell\"><span class=\"ux-textspans\">3.0L 2997CC l6 GAZ DOHC Do\u011fal Emi\u015fli<\/span><\/td>\n<td class=\"ux-table-section__cell\" data-testid=\"ux-table-section-body-cell\"><\/td>\n<\/tr>\n<tr class=\"ux-table-section__row\" data-testid=\"ux-table-section-body-row\">\n<td class=\"ux-table-section__cell\" data-testid=\"ux-table-section-body-cell\"><span class=\"ux-textspans\">1998<\/span><\/td>\n<td class=\"ux-table-section__cell\" data-testid=\"ux-table-section-body-cell\"><span class=\"ux-textspans\">Toyota<\/span><\/td>\n<td class=\"ux-table-section__cell\" data-testid=\"ux-table-section-body-cell\"><span class=\"ux-textspans\">Yukar\u0131da<\/span><\/td>\n<td class=\"ux-table-section__cell\" data-testid=\"ux-table-section-body-cell\"><span class=\"ux-textspans\">Baz Hatchback 2 Kap\u0131l\u0131<\/span><\/td>\n<td class=\"ux-table-section__cell\" data-testid=\"ux-table-section-body-cell\"><span class=\"ux-textspans\">3.0L 2997CC l6 GAZ DOHC Do\u011fal Emi\u015fli<\/span><\/td>\n<td class=\"ux-table-section__cell\" data-testid=\"ux-table-section-body-cell\"><\/td>\n<\/tr>\n<tr class=\"ux-table-section__row\" data-testid=\"ux-table-section-body-row\">\n<td class=\"ux-table-section__cell\" data-testid=\"ux-table-section-body-cell\"><span class=\"ux-textspans\">1998<\/span><\/td>\n<td class=\"ux-table-section__cell\" data-testid=\"ux-table-section-body-cell\"><span class=\"ux-textspans\">Toyota<\/span><\/td>\n<td class=\"ux-table-section__cell\" data-testid=\"ux-table-section-body-cell\"><span class=\"ux-textspans\">Yukar\u0131da<\/span><\/td>\n<td class=\"ux-table-section__cell\" data-testid=\"ux-table-section-body-cell\"><span class=\"ux-textspans\">\u00c7ift Turbo Hatchback 2 Kap\u0131l\u0131<\/span><\/td>\n<td class=\"ux-table-section__cell\" data-testid=\"ux-table-section-body-cell\"><span class=\"ux-textspans\">3.0L 2997CC l6 GAZ DOHC Turbo\u015farjl\u0131<\/span><\/td>\n<td class=\"ux-table-section__cell\" data-testid=\"ux-table-section-body-cell\"><\/td>\n<\/tr>\n<tr class=\"ux-table-section__row\" data-testid=\"ux-table-section-body-row\">\n<td class=\"ux-table-section__cell\" data-testid=\"ux-table-section-body-cell\"><span class=\"ux-textspans\">1997<\/span><\/td>\n<td class=\"ux-table-section__cell\" data-testid=\"ux-table-section-body-cell\"><span class=\"ux-textspans\">Lexus<\/span><\/td>\n<td class=\"ux-table-section__cell\" data-testid=\"ux-table-section-body-cell\"><span class=\"ux-textspans\">GS300<\/span><\/td>\n<td class=\"ux-table-section__cell\" data-testid=\"ux-table-section-body-cell\"><span class=\"ux-textspans\">Baz Sedan 4 Kap\u0131l\u0131<\/span><\/td>\n<td class=\"ux-table-section__cell\" data-testid=\"ux-table-section-body-cell\"><span class=\"ux-textspans\">3.0L 2997CC l6 GAZ DOHC Do\u011fal Emi\u015fli<\/span><\/td>\n<td class=\"ux-table-section__cell\" data-testid=\"ux-table-section-body-cell\"><\/td>\n<\/tr>\n<tr class=\"ux-table-section__row\" data-testid=\"ux-table-section-body-row\">\n<td class=\"ux-table-section__cell\" data-testid=\"ux-table-section-body-cell\"><span class=\"ux-textspans\">1997<\/span><\/td>\n<td class=\"ux-table-section__cell\" data-testid=\"ux-table-section-body-cell\"><span class=\"ux-textspans\">Toyota<\/span><\/td>\n<td class=\"ux-table-section__cell\" data-testid=\"ux-table-section-body-cell\"><span class=\"ux-textspans\">Yukar\u0131da<\/span><\/td>\n<td class=\"ux-table-section__cell\" data-testid=\"ux-table-section-body-cell\"><span class=\"ux-textspans\">Baz Hatchback 2 Kap\u0131l\u0131<\/span><\/td>\n<td class=\"ux-table-section__cell\" data-testid=\"ux-table-section-body-cell\"><span class=\"ux-textspans\">3.0L 2997CC l6 GAZ DOHC Do\u011fal Emi\u015fli<\/span><\/td>\n<td class=\"ux-table-section__cell\" data-testid=\"ux-table-section-body-cell\"><\/td>\n<\/tr>\n<tr class=\"ux-table-section__row\" data-testid=\"ux-table-section-body-row\">\n<td class=\"ux-table-section__cell\" data-testid=\"ux-table-section-body-cell\"><span class=\"ux-textspans\">1997<\/span><\/td>\n<td class=\"ux-table-section__cell\" data-testid=\"ux-table-section-body-cell\"><span class=\"ux-textspans\">Toyota<\/span><\/td>\n<td class=\"ux-table-section__cell\" data-testid=\"ux-table-section-body-cell\"><span class=\"ux-textspans\">Yukar\u0131da<\/span><\/td>\n<td class=\"ux-table-section__cell\" data-testid=\"ux-table-section-body-cell\"><span class=\"ux-textspans\">\u00c7ift Turbo Hatchback 2 Kap\u0131l\u0131<\/span><\/td>\n<td class=\"ux-table-section__cell\" data-testid=\"ux-table-section-body-cell\"><span class=\"ux-textspans\">3.0L 2997CC l6 GAZ DOHC Turbo\u015farjl\u0131<\/span><\/td>\n<td class=\"ux-table-section__cell\" data-testid=\"ux-table-section-body-cell\"><\/td>\n<\/tr>\n<tr class=\"ux-table-section__row\" data-testid=\"ux-table-section-body-row\">\n<td class=\"ux-table-section__cell\" data-testid=\"ux-table-section-body-cell\"><span class=\"ux-textspans\">1996<\/span><\/td>\n<td class=\"ux-table-section__cell\" data-testid=\"ux-table-section-body-cell\"><span class=\"ux-textspans\">Lexus<\/span><\/td>\n<td class=\"ux-table-section__cell\" data-testid=\"ux-table-section-body-cell\"><span class=\"ux-textspans\">GS300<\/span><\/td>\n<td class=\"ux-table-section__cell\" data-testid=\"ux-table-section-body-cell\"><span class=\"ux-textspans\">Baz Sedan 4 Kap\u0131l\u0131<\/span><\/td>\n<td class=\"ux-table-section__cell\" data-testid=\"ux-table-section-body-cell\"><span class=\"ux-textspans\">3.0L 2997CC l6 GAZ DOHC Do\u011fal Emi\u015fli<\/span><\/td>\n<td class=\"ux-table-section__cell\" data-testid=\"ux-table-section-body-cell\"><\/td>\n<\/tr>\n<tr class=\"ux-table-section__row\" data-testid=\"ux-table-section-body-row\">\n<td class=\"ux-table-section__cell\" data-testid=\"ux-table-section-body-cell\"><span class=\"ux-textspans\">1996<\/span><\/td>\n<td class=\"ux-table-section__cell\" data-testid=\"ux-table-section-body-cell\"><span class=\"ux-textspans\">Lexus<\/span><\/td>\n<td class=\"ux-table-section__cell\" data-testid=\"ux-table-section-body-cell\"><span class=\"ux-textspans\">SC300<\/span><\/td>\n<td class=\"ux-table-section__cell\" data-testid=\"ux-table-section-body-cell\"><span class=\"ux-textspans\">Baz Coupe 2 Kap\u0131l\u0131<\/span><\/td>\n<td class=\"ux-table-section__cell\" data-testid=\"ux-table-section-body-cell\"><span class=\"ux-textspans\">3.0L 2997CC l6 GAZ DOHC Do\u011fal Emi\u015fli<\/span><\/td>\n<td class=\"ux-table-section__cell\" data-testid=\"ux-table-section-body-cell\"><\/td>\n<\/tr>\n<tr class=\"ux-table-section__row\" data-testid=\"ux-table-section-body-row\">\n<td class=\"ux-table-section__cell\" data-testid=\"ux-table-section-body-cell\"><span class=\"ux-textspans\">1996<\/span><\/td>\n<td class=\"ux-table-section__cell\" data-testid=\"ux-table-section-body-cell\"><span class=\"ux-textspans\">Toyota<\/span><\/td>\n<td class=\"ux-table-section__cell\" data-testid=\"ux-table-section-body-cell\"><span class=\"ux-textspans\">Yukar\u0131da<\/span><\/td>\n<td class=\"ux-table-section__cell\" data-testid=\"ux-table-section-body-cell\"><span class=\"ux-textspans\">Baz Hatchback 2 Kap\u0131l\u0131<\/span><\/td>\n<td class=\"ux-table-section__cell\" data-testid=\"ux-table-section-body-cell\"><span class=\"ux-textspans\">3.0L 2997CC l6 GAZ DOHC Do\u011fal Emi\u015fli<\/span><\/td>\n<td class=\"ux-table-section__cell\" data-testid=\"ux-table-section-body-cell\"><\/td>\n<\/tr>\n<tr class=\"ux-table-section__row\" data-testid=\"ux-table-section-body-row\">\n<td class=\"ux-table-section__cell\" data-testid=\"ux-table-section-body-cell\"><span class=\"ux-textspans\">1996<\/span><\/td>\n<td class=\"ux-table-section__cell\" data-testid=\"ux-table-section-body-cell\"><span class=\"ux-textspans\">Toyota<\/span><\/td>\n<td class=\"ux-table-section__cell\" data-testid=\"ux-table-section-body-cell\"><span class=\"ux-textspans\">Yukar\u0131da<\/span><\/td>\n<td class=\"ux-table-section__cell\" data-testid=\"ux-table-section-body-cell\"><span class=\"ux-textspans\">\u00c7ift Turbo Hatchback 2 Kap\u0131l\u0131<\/span><\/td>\n<td class=\"ux-table-section__cell\" data-testid=\"ux-table-section-body-cell\"><span class=\"ux-textspans\">3.0L 2997CC l6 GAZ DOHC Turbo\u015farjl\u0131<\/span><\/td>\n<td class=\"ux-table-section__cell\" data-testid=\"ux-table-section-body-cell\"><\/td>\n<\/tr>\n<tr class=\"ux-table-section__row\" data-testid=\"ux-table-section-body-row\">\n<td class=\"ux-table-section__cell\" data-testid=\"ux-table-section-body-cell\"><span class=\"ux-textspans\">1995<\/span><\/td>\n<td class=\"ux-table-section__cell\" data-testid=\"ux-table-section-body-cell\"><span class=\"ux-textspans\">Lexus<\/span><\/td>\n<td class=\"ux-table-section__cell\" data-testid=\"ux-table-section-body-cell\"><span class=\"ux-textspans\">GS300<\/span><\/td>\n<td class=\"ux-table-section__cell\" data-testid=\"ux-table-section-body-cell\"><span class=\"ux-textspans\">Baz Sedan 4 Kap\u0131l\u0131<\/span><\/td>\n<td class=\"ux-table-section__cell\" data-testid=\"ux-table-section-body-cell\"><span class=\"ux-textspans\">3.0L 2997CC l6 GAZ DOHC Do\u011fal Emi\u015fli<\/span><\/td>\n<td class=\"ux-table-section__cell\" data-testid=\"ux-table-section-body-cell\"><\/td>\n<\/tr>\n<tr class=\"ux-table-section__row\" data-testid=\"ux-table-section-body-row\">\n<td class=\"ux-table-section__cell\" data-testid=\"ux-table-section-body-cell\"><span class=\"ux-textspans\">1995<\/span><\/td>\n<td class=\"ux-table-section__cell\" data-testid=\"ux-table-section-body-cell\"><span class=\"ux-textspans\">Lexus<\/span><\/td>\n<td class=\"ux-table-section__cell\" data-testid=\"ux-table-section-body-cell\"><span class=\"ux-textspans\">SC300<\/span><\/td>\n<td class=\"ux-table-section__cell\" data-testid=\"ux-table-section-body-cell\"><span class=\"ux-textspans\">Baz Coupe 2 Kap\u0131l\u0131<\/span><\/td>\n<td class=\"ux-table-section__cell\" data-testid=\"ux-table-section-body-cell\"><span class=\"ux-textspans\">3.0L 2997CC l6 GAZ DOHC Do\u011fal Emi\u015fli<\/span><\/td>\n<td class=\"ux-table-section__cell\" data-testid=\"ux-table-section-body-cell\"><\/td>\n<\/tr>\n<tr class=\"ux-table-section__row\" data-testid=\"ux-table-section-body-row\">\n<td class=\"ux-table-section__cell\" data-testid=\"ux-table-section-body-cell\"><span class=\"ux-textspans\">1995<\/span><\/td>\n<td class=\"ux-table-section__cell\" data-testid=\"ux-table-section-body-cell\"><span class=\"ux-textspans\">Toyota<\/span><\/td>\n<td class=\"ux-table-section__cell\" data-testid=\"ux-table-section-body-cell\"><span class=\"ux-textspans\">Yukar\u0131da<\/span><\/td>\n<td class=\"ux-table-section__cell\" data-testid=\"ux-table-section-body-cell\"><span class=\"ux-textspans\">Baz Hatchback 2 Kap\u0131l\u0131<\/span><\/td>\n<td class=\"ux-table-section__cell\" data-testid=\"ux-table-section-body-cell\"><span class=\"ux-textspans\">3.0L 2997CC l6 GAZ DOHC Do\u011fal Emi\u015fli<\/span><\/td>\n<td class=\"ux-table-section__cell\" data-testid=\"ux-table-section-body-cell\"><\/td>\n<\/tr>\n<tr class=\"ux-table-section__row\" data-testid=\"ux-table-section-body-row\">\n<td class=\"ux-table-section__cell\" data-testid=\"ux-table-section-body-cell\"><span class=\"ux-textspans\">1995<\/span><\/td>\n<td class=\"ux-table-section__cell\" data-testid=\"ux-table-section-body-cell\"><span class=\"ux-textspans\">Toyota<\/span><\/td>\n<td class=\"ux-table-section__cell\" data-testid=\"ux-table-section-body-cell\"><span class=\"ux-textspans\">Yukar\u0131da<\/span><\/td>\n<td class=\"ux-table-section__cell\" data-testid=\"ux-table-section-body-cell\"><span class=\"ux-textspans\">\u00c7ift Turbo Hatchback 2 Kap\u0131l\u0131<\/span><\/td>\n<td class=\"ux-table-section__cell\" data-testid=\"ux-table-section-body-cell\"><span class=\"ux-textspans\">3.0L 2997CC l6 GAZ DOHC Turbo\u015farjl\u0131<\/span><\/td>\n<td class=\"ux-table-section__cell\" data-testid=\"ux-table-section-body-cell\"><\/td>\n<\/tr>\n<tr class=\"ux-table-section__row\" data-testid=\"ux-table-section-body-row\">\n<td class=\"ux-table-section__cell\" data-testid=\"ux-table-section-body-cell\"><span class=\"ux-textspans\">1994<\/span><\/td>\n<td class=\"ux-table-section__cell\" data-testid=\"ux-table-section-body-cell\"><span class=\"ux-textspans\">Lexus<\/span><\/td>\n<td class=\"ux-table-section__cell\" data-testid=\"ux-table-section-body-cell\"><span class=\"ux-textspans\">GS300<\/span><\/td>\n<td class=\"ux-table-section__cell\" data-testid=\"ux-table-section-body-cell\"><span class=\"ux-textspans\">Baz Sedan 4 Kap\u0131l\u0131<\/span><\/td>\n<td class=\"ux-table-section__cell\" data-testid=\"ux-table-section-body-cell\"><span class=\"ux-textspans\">3.0L 2997CC l6 GAZ DOHC Do\u011fal Emi\u015fli<\/span><\/td>\n<td class=\"ux-table-section__cell\" data-testid=\"ux-table-section-body-cell\"><\/td>\n<\/tr>\n<tr class=\"ux-table-section__row\" data-testid=\"ux-table-section-body-row\">\n<td class=\"ux-table-section__cell\" data-testid=\"ux-table-section-body-cell\"><span class=\"ux-textspans\">1994<\/span><\/td>\n<td class=\"ux-table-section__cell\" data-testid=\"ux-table-section-body-cell\"><span class=\"ux-textspans\">Lexus<\/span><\/td>\n<td class=\"ux-table-section__cell\" data-testid=\"ux-table-section-body-cell\"><span class=\"ux-textspans\">SC300<\/span><\/td>\n<td class=\"ux-table-section__cell\" data-testid=\"ux-table-section-body-cell\"><span class=\"ux-textspans\">Baz Coupe 2 Kap\u0131l\u0131<\/span><\/td>\n<td class=\"ux-table-section__cell\" data-testid=\"ux-table-section-body-cell\"><span class=\"ux-textspans\">3.0L 2997CC l6 GAZ DOHC Do\u011fal Emi\u015fli<\/span><\/td>\n<td class=\"ux-table-section__cell\" data-testid=\"ux-table-section-body-cell\"><\/td>\n<\/tr>\n<tr class=\"ux-table-section__row\" data-testid=\"ux-table-section-body-row\">\n<td class=\"ux-table-section__cell\" data-testid=\"ux-table-section-body-cell\"><span class=\"ux-textspans\">1994<\/span><\/td>\n<td class=\"ux-table-section__cell\" data-testid=\"ux-table-section-body-cell\"><span class=\"ux-textspans\">Toyota<\/span><\/td>\n<td class=\"ux-table-section__cell\" data-testid=\"ux-table-section-body-cell\"><span class=\"ux-textspans\">Yukar\u0131da<\/span><\/td>\n<td class=\"ux-table-section__cell\" data-testid=\"ux-table-section-body-cell\"><span class=\"ux-textspans\">Baz Hatchback 2 Kap\u0131l\u0131<\/span><\/td>\n<td class=\"ux-table-section__cell\" data-testid=\"ux-table-section-body-cell\"><span class=\"ux-textspans\">3.0L 2997CC l6 GAZ DOHC Do\u011fal Emi\u015fli<\/span><\/td>\n<td class=\"ux-table-section__cell\" data-testid=\"ux-table-section-body-cell\"><\/td>\n<\/tr>\n<tr class=\"ux-table-section__row\" data-testid=\"ux-table-section-body-row\">\n<td class=\"ux-table-section__cell\" data-testid=\"ux-table-section-body-cell\"><span class=\"ux-textspans\">1994<\/span><\/td>\n<td class=\"ux-table-section__cell\" data-testid=\"ux-table-section-body-cell\"><span class=\"ux-textspans\">Toyota<\/span><\/td>\n<td class=\"ux-table-section__cell\" data-testid=\"ux-table-section-body-cell\"><span class=\"ux-textspans\">Yukar\u0131da<\/span><\/td>\n<td class=\"ux-table-section__cell\" data-testid=\"ux-table-section-body-cell\"><span class=\"ux-textspans\">\u00c7ift Turbo Hatchback 2 Kap\u0131l\u0131<\/span><\/td>\n<td class=\"ux-table-section__cell\" data-testid=\"ux-table-section-body-cell\"><span class=\"ux-textspans\">3.0L 2997CC l6 GAZ DOHC Turbo\u015farjl\u0131<\/span><\/td>\n<td class=\"ux-table-section__cell\" data-testid=\"ux-table-section-body-cell\"><\/td>\n<\/tr>\n<tr class=\"ux-table-section__row\" data-testid=\"ux-table-section-body-row\">\n<td class=\"ux-table-section__cell\" data-testid=\"ux-table-section-body-cell\"><span class=\"ux-textspans\">1993<\/span><\/td>\n<td class=\"ux-table-section__cell\" data-testid=\"ux-table-section-body-cell\"><span class=\"ux-textspans\">Lexus<\/span><\/td>\n<td class=\"ux-table-section__cell\" data-testid=\"ux-table-section-body-cell\"><span class=\"ux-textspans\">GS300<\/span><\/td>\n<td class=\"ux-table-section__cell\" data-testid=\"ux-table-section-body-cell\"><span class=\"ux-textspans\">Baz Sedan 4 Kap\u0131l\u0131<\/span><\/td>\n<td class=\"ux-table-section__cell\" data-testid=\"ux-table-section-body-cell\"><span class=\"ux-textspans\">3.0L 2997CC l6 GAZ DOHC Do\u011fal Emi\u015fli<\/span><\/td>\n<td class=\"ux-table-section__cell\" data-testid=\"ux-table-section-body-cell\"><\/td>\n<\/tr>\n<\/tbody>\n<\/table>\n<div class=\"motors-pagination\">\n<table class=\"ux-table-section ux-table-section--html-table\" style=\"height: 148px;\" width=\"762\" data-testid=\"ux-table-section\">\n<tbody class=\"ux-table-section__body\" data-testid=\"ux-table-section-body\">\n<tr class=\"ux-table-section__row\" data-testid=\"ux-table-section-body-row\">\n<td class=\"ux-table-section__cell\" data-testid=\"ux-table-section-body-cell\"><span class=\"ux-textspans\">1993<\/span><\/td>\n<td class=\"ux-table-section__cell\" data-testid=\"ux-table-section-body-cell\"><span class=\"ux-textspans\">Lexus<\/span><\/td>\n<td class=\"ux-table-section__cell\" data-testid=\"ux-table-section-body-cell\"><span class=\"ux-textspans\">SC300<\/span><\/td>\n<td class=\"ux-table-section__cell\" data-testid=\"ux-table-section-body-cell\"><span class=\"ux-textspans\">Baz Coupe 2 Kap\u0131l\u0131<\/span><\/td>\n<td class=\"ux-table-section__cell\" data-testid=\"ux-table-section-body-cell\"><span class=\"ux-textspans\">3.0L 2997CC l6 GAZ DOHC Do\u011fal Emi\u015fli<\/span><\/td>\n<td class=\"ux-table-section__cell\" data-testid=\"ux-table-section-body-cell\"><\/td>\n<\/tr>\n<tr class=\"ux-table-section__row\" data-testid=\"ux-table-section-body-row\">\n<td class=\"ux-table-section__cell\" data-testid=\"ux-table-section-body-cell\"><span class=\"ux-textspans\">1993<\/span><\/td>\n<td class=\"ux-table-section__cell\" data-testid=\"ux-table-section-body-cell\"><span class=\"ux-textspans\">Toyota<\/span><\/td>\n<td class=\"ux-table-section__cell\" data-testid=\"ux-table-section-body-cell\"><span class=\"ux-textspans\">Yukar\u0131da<\/span><\/td>\n<td class=\"ux-table-section__cell\" data-testid=\"ux-table-section-body-cell\"><span class=\"ux-textspans\">Baz Hatchback 2 Kap\u0131l\u0131<\/span><\/td>\n<td class=\"ux-table-section__cell\" data-testid=\"ux-table-section-body-cell\"><span class=\"ux-textspans\">3.0L 2997CC l6 GAZ DOHC Do\u011fal Emi\u015fli<\/span><\/td>\n<td class=\"ux-table-section__cell\" data-testid=\"ux-table-section-body-cell\"><\/td>\n<\/tr>\n<tr class=\"ux-table-section__row\" data-testid=\"ux-table-section-body-row\">\n<td class=\"ux-table-section__cell\" data-testid=\"ux-table-section-body-cell\"><span class=\"ux-textspans\">1993<\/span><\/td>\n<td class=\"ux-table-section__cell\" data-testid=\"ux-table-section-body-cell\"><span class=\"ux-textspans\">Toyota<\/span><\/td>\n<td class=\"ux-table-section__cell\" data-testid=\"ux-table-section-body-cell\"><span class=\"ux-textspans\">Yukar\u0131da<\/span><\/td>\n<td class=\"ux-table-section__cell\" data-testid=\"ux-table-section-body-cell\"><span class=\"ux-textspans\">\u00c7ift Turbo Hatchback 2 Kap\u0131l\u0131<\/span><\/td>\n<td class=\"ux-table-section__cell\" data-testid=\"ux-table-section-body-cell\"><span class=\"ux-textspans\">3.0L 2997CC l6 GAZ DOHC Turbo\u015farjl\u0131<\/span><\/td>\n<td class=\"ux-table-section__cell\" data-testid=\"ux-table-section-body-cell\"><\/td>\n<\/tr>\n<tr class=\"ux-table-section__row\" data-testid=\"ux-table-section-body-row\">\n<td class=\"ux-table-section__cell\" data-testid=\"ux-table-section-body-cell\"><span class=\"ux-textspans\">1992<\/span><\/td>\n<td class=\"ux-table-section__cell\" data-testid=\"ux-table-section-body-cell\"><span class=\"ux-textspans\">Lexus<\/span><\/td>\n<td class=\"ux-table-section__cell\" data-testid=\"ux-table-section-body-cell\"><span class=\"ux-textspans\">SC300<\/span><\/td>\n<td class=\"ux-table-section__cell\" data-testid=\"ux-table-section-body-cell\"><span class=\"ux-textspans\">Baz Coupe 2 Kap\u0131l\u0131<\/span><\/td>\n<td class=\"ux-table-section__cell\" data-testid=\"ux-table-section-body-cell\"><span class=\"ux-textspans\">3.0L 2997CC l6 GAZ DOHC Do\u011fal Emi\u015fli<\/span><\/td>\n<\/tr>\n<\/tbody>\n<\/table>\n<\/div>\n","protected":false},"excerpt":{"rendered":"<ul>\n<li><strong>R\u00f6lanti H\u0131z Kontrol Vanas\u0131 Soketi<\/strong><\/li>\n<\/ul>\n","protected":false},"featured_media":63470,"template":"","meta":[],"product_brand":[],"product_cat":[94,111,113,105,89,112],"product_tag":[],"class_list":{"0":"post-56398","1":"product","2":"type-product","3":"status-publish","4":"has-post-thumbnail","6":"product_cat-6-kablolu-soketler","7":"product_cat-honda","8":"product_cat-mazda","9":"product_cat-nissan","10":"product_cat-soket-grubu","11":"product_cat-toyota","13":"first","14":"instock","15":"taxable","16":"shipping-taxable","17":"purchasable","18":"product-type-simple"},"_links":{"self":[{"href":"https:\/\/otosoket.com\/index.php\/wp-json\/wp\/v2\/product\/56398","targetHints":{"allow":["GET"]}}],"collection":[{"href":"https:\/\/otosoket.com\/index.php\/wp-json\/wp\/v2\/product"}],"about":[{"href":"https:\/\/otosoket.com\/index.php\/wp-json\/wp\/v2\/types\/product"}],"wp:featuredmedia":[{"embeddable":true,"href":"https:\/\/otosoket.com\/index.php\/wp-json\/wp\/v2\/media\/63470"}],"wp:attachment":[{"href":"https:\/\/otosoket.com\/index.php\/wp-json\/wp\/v2\/media?parent=56398"}],"wp:term":[{"taxonomy":"product_brand","embeddable":true,"href":"https:\/\/otosoket.com\/index.php\/wp-json\/wp\/v2\/product_brand?post=56398"},{"taxonomy":"product_cat","embeddable":true,"href":"https:\/\/otosoket.com\/index.php\/wp-json\/wp\/v2\/product_cat?post=56398"},{"taxonomy":"product_tag","embeddable":true,"href":"https:\/\/otosoket.com\/index.php\/wp-json\/wp\/v2\/product_tag?post=56398"}],"curies":[{"name":"wp","href":"https:\/\/api.w.org\/{rel}","templated":true}]}}