{"id":56436,"date":"2023-10-29T10:06:20","date_gmt":"2023-10-29T10:06:20","guid":{"rendered":"https:\/\/otosoket.com\/index.php\/product\/deutsch-8-li-is-makinasi\/"},"modified":"2026-03-12T08:20:13","modified_gmt":"2026-03-12T08:20:13","slug":"8k006","status":"publish","type":"product","link":"https:\/\/otosoket.com\/index.php\/product\/8k006\/","title":{"rendered":"8K006"},"content":{"rendered":"","protected":false},"excerpt":{"rendered":"<ul>\n<li>Deutsch 8&#8217;li \u0130\u015f Makinas\u0131<\/li>\n<\/ul>\n","protected":false},"featured_media":63550,"template":"","meta":[],"product_brand":[],"product_cat":[96,88,89],"product_tag":[],"class_list":{"0":"post-56436","1":"product","2":"type-product","3":"status-publish","4":"has-post-thumbnail","6":"product_cat-8-kablolu-soketler","7":"product_cat-is-makinasi","8":"product_cat-soket-grubu","10":"first","11":"instock","12":"taxable","13":"shipping-taxable","14":"purchasable","15":"product-type-simple"},"_links":{"self":[{"href":"https:\/\/otosoket.com\/index.php\/wp-json\/wp\/v2\/product\/56436","targetHints":{"allow":["GET"]}}],"collection":[{"href":"https:\/\/otosoket.com\/index.php\/wp-json\/wp\/v2\/product"}],"about":[{"href":"https:\/\/otosoket.com\/index.php\/wp-json\/wp\/v2\/types\/product"}],"wp:featuredmedia":[{"embeddable":true,"href":"https:\/\/otosoket.com\/index.php\/wp-json\/wp\/v2\/media\/63550"}],"wp:attachment":[{"href":"https:\/\/otosoket.com\/index.php\/wp-json\/wp\/v2\/media?parent=56436"}],"wp:term":[{"taxonomy":"product_brand","embeddable":true,"href":"https:\/\/otosoket.com\/index.php\/wp-json\/wp\/v2\/product_brand?post=56436"},{"taxonomy":"product_cat","embeddable":true,"href":"https:\/\/otosoket.com\/index.php\/wp-json\/wp\/v2\/product_cat?post=56436"},{"taxonomy":"product_tag","embeddable":true,"href":"https:\/\/otosoket.com\/index.php\/wp-json\/wp\/v2\/product_tag?post=56436"}],"curies":[{"name":"wp","href":"https:\/\/api.w.org\/{rel}","templated":true}]}}