{"id":56453,"date":"2023-10-29T10:06:31","date_gmt":"2023-10-29T10:06:31","guid":{"rendered":"https:\/\/otosoket.com\/index.php\/product\/soket-185\/"},"modified":"2026-04-14T15:51:28","modified_gmt":"2026-04-14T15:51:28","slug":"8k012","status":"publish","type":"product","link":"https:\/\/otosoket.com\/index.php\/product\/8k012\/","title":{"rendered":"8K012"},"content":{"rendered":"<p>OEM: <span style=\"color: #ffffff;\">6195-0051\/8P090WP-DL-M-S\/<\/span><\/p>\n","protected":false},"excerpt":{"rendered":"<ul>\n<li><strong>Mitsubishi \u0130\u015f Makinas\u0131 Soketi<\/strong><\/li>\n<\/ul>\n","protected":false},"featured_media":63590,"template":"","meta":[],"product_brand":[],"product_cat":[96,89],"product_tag":[],"class_list":{"0":"post-56453","1":"product","2":"type-product","3":"status-publish","4":"has-post-thumbnail","6":"product_cat-8-kablolu-soketler","7":"product_cat-soket-grubu","9":"first","10":"instock","11":"taxable","12":"shipping-taxable","13":"purchasable","14":"product-type-simple"},"_links":{"self":[{"href":"https:\/\/otosoket.com\/index.php\/wp-json\/wp\/v2\/product\/56453","targetHints":{"allow":["GET"]}}],"collection":[{"href":"https:\/\/otosoket.com\/index.php\/wp-json\/wp\/v2\/product"}],"about":[{"href":"https:\/\/otosoket.com\/index.php\/wp-json\/wp\/v2\/types\/product"}],"wp:featuredmedia":[{"embeddable":true,"href":"https:\/\/otosoket.com\/index.php\/wp-json\/wp\/v2\/media\/63590"}],"wp:attachment":[{"href":"https:\/\/otosoket.com\/index.php\/wp-json\/wp\/v2\/media?parent=56453"}],"wp:term":[{"taxonomy":"product_brand","embeddable":true,"href":"https:\/\/otosoket.com\/index.php\/wp-json\/wp\/v2\/product_brand?post=56453"},{"taxonomy":"product_cat","embeddable":true,"href":"https:\/\/otosoket.com\/index.php\/wp-json\/wp\/v2\/product_cat?post=56453"},{"taxonomy":"product_tag","embeddable":true,"href":"https:\/\/otosoket.com\/index.php\/wp-json\/wp\/v2\/product_tag?post=56453"}],"curies":[{"name":"wp","href":"https:\/\/api.w.org\/{rel}","templated":true}]}}