{"id":56457,"date":"2023-10-29T10:06:33","date_gmt":"2023-10-29T10:06:33","guid":{"rendered":"https:\/\/otosoket.com\/index.php\/product\/soket-187\/"},"modified":"2026-04-18T08:11:31","modified_gmt":"2026-04-18T08:11:31","slug":"8k015","status":"publish","type":"product","link":"https:\/\/otosoket.com\/index.php\/product\/8k015\/","title":{"rendered":"8K015"},"content":{"rendered":"<p>________________________________________________________________________________________________________________________________________________________<\/p>\n<p><strong>OEM Far Soketi :<\/strong> <span style=\"color: #ffffff;\">7283-2148-30\/<\/span><\/p>\n<ul>\n<li>Honda Far Soketi<\/li>\n<\/ul>\n<p>________________________________________________________________________________________________________________________________________________________<\/p>\n<p><strong>OEM Park Kameras\u0131 Soketi<\/strong> :<span style=\"color: #ffffff;\"> 4062375092369\/4062375092352<\/span><\/p>\n<p><span class=\"mat-content ng-tns-c456-149736\">HONDA Park Kameras\u0131 Soketi <\/span><span style=\"color: #ffffff;\">39530-TBA-A01\/39530-TBG-A01<\/span><\/p>\n<p>________________________________________________________________________________________________________________________________________________________<\/p>\n<div class=\"node-name\"><strong>HONDA <span class=\"mat-content ng-tns-c456-149736\">Park Kameras\u0131 Soketi<\/span><\/strong><\/div>\n<div class=\"node-name\">CIVIC X Hatchback (FC_, FK_)<span class=\"mat-content ng-tns-c456-149736\">Park Kameras\u0131 Soketi<\/span><\/div>\n<div class=\"linkage-target-data-table linkage-target-data-table--passengerCar ng-star-inserted\">\n<table class=\"mat-table cdk-table mat-sort vehicle-table\" role=\"table\" aria-label=\"Linkage Target Data Table\">\n<thead role=\"rowgroup\">\n<tr class=\"mat-header-row cdk-header-row ng-star-inserted\" role=\"row\">\n<th class=\"mat-sort-header mat-header-cell cdk-header-cell ng-tns-c448-149757 cdk-column-linkageTarget mat-column-linkageTarget mat-sort-header-disabled ng-star-inserted mat-table-sticky mat-table-sticky-border-elem-top\" role=\"columnheader\" scope=\"col\" aria-sort=\"none\">\n<div class=\"mat-sort-header-container mat-focus-indicator ng-tns-c448-149757\" role=\"button\">\n<div class=\"mat-sort-header-content ng-tns-c448-149757\">Bilgi<\/div>\n<\/div>\n<\/th>\n<th class=\"mat-sort-header mat-header-cell cdk-header-cell ng-tns-c448-149758 cdk-column-name mat-column-name ng-star-inserted mat-table-sticky mat-table-sticky-border-elem-top\" role=\"columnheader\" scope=\"col\" aria-sort=\"none\">\n<div class=\"mat-sort-header-container mat-focus-indicator ng-tns-c448-149758\" tabindex=\"0\" role=\"button\">\n<div class=\"mat-sort-header-content ng-tns-c448-149758\">Tip<\/div>\n<div class=\"mat-sort-header-arrow ng-trigger ng-trigger-arrowPosition ng-tns-c448-149758 ng-star-inserted\">\n<div class=\"mat-sort-header-stem ng-tns-c448-149758\"><\/div>\n<div class=\"mat-sort-header-indicator ng-tns-c448-149758 ng-trigger ng-trigger-indicator\">\n<div class=\"mat-sort-header-pointer-left ng-tns-c448-149758 ng-trigger ng-trigger-leftPointer\"><\/div>\n<div class=\"mat-sort-header-pointer-right ng-tns-c448-149758 ng-trigger ng-trigger-rightPointer\"><\/div>\n<div class=\"mat-sort-header-pointer-middle ng-tns-c448-149758\"><\/div>\n<\/div>\n<\/div>\n<\/div>\n<\/th>\n<th class=\"mat-sort-header mat-header-cell cdk-header-cell ng-tns-c448-149759 cdk-column-constructionYears mat-column-constructionYears ng-star-inserted mat-table-sticky mat-table-sticky-border-elem-top\" role=\"columnheader\" scope=\"col\" aria-sort=\"none\">\n<div class=\"mat-sort-header-container mat-focus-indicator ng-tns-c448-149759\" tabindex=\"0\" role=\"button\">\n<div class=\"mat-sort-header-content ng-tns-c448-149759\">\u00dcretim y\u0131l\u0131<\/div>\n<div class=\"mat-sort-header-arrow ng-trigger ng-trigger-arrowPosition ng-tns-c448-149759 ng-star-inserted\">\n<div class=\"mat-sort-header-stem ng-tns-c448-149759\"><\/div>\n<div class=\"mat-sort-header-indicator ng-tns-c448-149759 ng-trigger ng-trigger-indicator\">\n<div class=\"mat-sort-header-pointer-left ng-tns-c448-149759 ng-trigger ng-trigger-leftPointer\"><\/div>\n<div class=\"mat-sort-header-pointer-right ng-tns-c448-149759 ng-trigger ng-trigger-rightPointer\"><\/div>\n<div class=\"mat-sort-header-pointer-middle ng-tns-c448-149759\"><\/div>\n<\/div>\n<\/div>\n<\/div>\n<\/th>\n<th class=\"mat-sort-header mat-header-cell cdk-header-cell ng-tns-c448-149760 cdk-column-enginePowerKW mat-column-enginePowerKW ng-star-inserted mat-table-sticky mat-table-sticky-border-elem-top\" role=\"columnheader\" scope=\"col\" aria-sort=\"none\">\n<div class=\"mat-sort-header-container mat-focus-indicator ng-tns-c448-149760\" tabindex=\"0\" role=\"button\">\n<div class=\"mat-sort-header-content ng-tns-c448-149760\">kW<\/div>\n<div class=\"mat-sort-header-arrow ng-trigger ng-trigger-arrowPosition ng-tns-c448-149760 ng-star-inserted\">\n<div class=\"mat-sort-header-stem ng-tns-c448-149760\"><\/div>\n<div class=\"mat-sort-header-indicator ng-tns-c448-149760 ng-trigger ng-trigger-indicator\">\n<div class=\"mat-sort-header-pointer-left ng-tns-c448-149760 ng-trigger ng-trigger-leftPointer\"><\/div>\n<div class=\"mat-sort-header-pointer-right ng-tns-c448-149760 ng-trigger ng-trigger-rightPointer\"><\/div>\n<div class=\"mat-sort-header-pointer-middle ng-tns-c448-149760\"><\/div>\n<\/div>\n<\/div>\n<\/div>\n<\/th>\n<th class=\"mat-sort-header mat-header-cell cdk-header-cell ng-tns-c448-149761 cdk-column-enginePowerHP mat-column-enginePowerHP ng-star-inserted mat-table-sticky mat-table-sticky-border-elem-top\" role=\"columnheader\" scope=\"col\" aria-sort=\"none\">\n<div class=\"mat-sort-header-container mat-focus-indicator ng-tns-c448-149761\" tabindex=\"0\" role=\"button\">\n<div class=\"mat-sort-header-content ng-tns-c448-149761\">Beygir g\u00fcc\u00fc<\/div>\n<div class=\"mat-sort-header-arrow ng-trigger ng-trigger-arrowPosition ng-tns-c448-149761 ng-star-inserted\">\n<div class=\"mat-sort-header-stem ng-tns-c448-149761\"><\/div>\n<div class=\"mat-sort-header-indicator ng-tns-c448-149761 ng-trigger ng-trigger-indicator\">\n<div class=\"mat-sort-header-pointer-left ng-tns-c448-149761 ng-trigger ng-trigger-leftPointer\"><\/div>\n<div class=\"mat-sort-header-pointer-right ng-tns-c448-149761 ng-trigger ng-trigger-rightPointer\"><\/div>\n<div class=\"mat-sort-header-pointer-middle ng-tns-c448-149761\"><\/div>\n<\/div>\n<\/div>\n<\/div>\n<\/th>\n<th class=\"mat-sort-header mat-header-cell cdk-header-cell ng-tns-c448-149762 cdk-column-displacementCCM mat-column-displacementCCM ng-star-inserted mat-table-sticky mat-table-sticky-border-elem-top\" role=\"columnheader\" scope=\"col\" aria-sort=\"none\">\n<div class=\"mat-sort-header-container mat-focus-indicator ng-tns-c448-149762\" tabindex=\"0\" role=\"button\">\n<div class=\"mat-sort-header-content ng-tns-c448-149762\">cc<\/div>\n<div class=\"mat-sort-header-arrow ng-trigger ng-trigger-arrowPosition ng-tns-c448-149762 ng-star-inserted\">\n<div class=\"mat-sort-header-stem ng-tns-c448-149762\"><\/div>\n<div class=\"mat-sort-header-indicator ng-tns-c448-149762 ng-trigger ng-trigger-indicator\">\n<div class=\"mat-sort-header-pointer-left ng-tns-c448-149762 ng-trigger ng-trigger-leftPointer\"><\/div>\n<div class=\"mat-sort-header-pointer-right ng-tns-c448-149762 ng-trigger ng-trigger-rightPointer\"><\/div>\n<div class=\"mat-sort-header-pointer-middle ng-tns-c448-149762\"><\/div>\n<\/div>\n<\/div>\n<\/div>\n<\/th>\n<th class=\"mat-sort-header mat-header-cell cdk-header-cell ng-tns-c448-149763 cdk-column-engineCodes mat-column-engineCodes ng-star-inserted mat-table-sticky mat-table-sticky-border-elem-top\" role=\"columnheader\" scope=\"col\" aria-sort=\"none\">\n<div class=\"mat-sort-header-container mat-focus-indicator ng-tns-c448-149763\" tabindex=\"0\" role=\"button\">\n<div class=\"mat-sort-header-content ng-tns-c448-149763\">Motor kodu\/kodlar\u0131<\/div>\n<div class=\"mat-sort-header-arrow ng-trigger ng-trigger-arrowPosition ng-tns-c448-149763 ng-star-inserted\">\n<div class=\"mat-sort-header-stem ng-tns-c448-149763\"><\/div>\n<div class=\"mat-sort-header-indicator ng-tns-c448-149763 ng-trigger ng-trigger-indicator\">\n<div class=\"mat-sort-header-pointer-left ng-tns-c448-149763 ng-trigger ng-trigger-leftPointer\"><\/div>\n<div class=\"mat-sort-header-pointer-right ng-tns-c448-149763 ng-trigger ng-trigger-rightPointer\"><\/div>\n<div class=\"mat-sort-header-pointer-middle ng-tns-c448-149763\"><\/div>\n<\/div>\n<\/div>\n<\/div>\n<\/th>\n<th class=\"mat-sort-header mat-header-cell cdk-header-cell ng-tns-c448-149764 cdk-column-kbaNumbers mat-column-kbaNumbers ng-star-inserted mat-table-sticky mat-table-sticky-border-elem-top\" role=\"columnheader\" scope=\"col\" aria-sort=\"none\">\n<div class=\"mat-sort-header-container mat-focus-indicator ng-tns-c448-149764\" tabindex=\"0\" role=\"button\">\n<div class=\"mat-sort-header-content ng-tns-c448-149764\">KBA numaras\u0131 (Almanya)<\/div>\n<div class=\"mat-sort-header-arrow ng-trigger ng-trigger-arrowPosition ng-tns-c448-149764 ng-star-inserted\">\n<div class=\"mat-sort-header-stem ng-tns-c448-149764\"><\/div>\n<div class=\"mat-sort-header-indicator ng-tns-c448-149764 ng-trigger ng-trigger-indicator\">\n<div class=\"mat-sort-header-pointer-left ng-tns-c448-149764 ng-trigger ng-trigger-leftPointer\"><\/div>\n<div class=\"mat-sort-header-pointer-right ng-tns-c448-149764 ng-trigger ng-trigger-rightPointer\"><\/div>\n<div class=\"mat-sort-header-pointer-middle ng-tns-c448-149764\"><\/div>\n<\/div>\n<\/div>\n<\/div>\n<\/th>\n<\/tr>\n<\/thead>\n<tbody role=\"rowgroup\">\n<tr class=\"mat-row cdk-row ng-star-inserted\" tabindex=\"0\" role=\"row\">\n<td class=\"mat-cell cdk-cell cdk-column-linkageTarget mat-column-linkageTarget ng-star-inserted\" role=\"cell\"><\/td>\n<td class=\"mat-cell cdk-cell cdk-column-name mat-column-name ng-star-inserted\" role=\"cell\">1.0 VTEC (FK6)<\/td>\n<td class=\"mat-cell cdk-cell cdk-column-constructionYears mat-column-constructionYears ng-star-inserted\" role=\"cell\">02.2017 &#8211; 12.2022<\/td>\n<td class=\"mat-cell cdk-cell cdk-column-enginePowerKW mat-column-enginePowerKW ng-star-inserted\" role=\"cell\">95<\/td>\n<td class=\"mat-cell cdk-cell cdk-column-enginePowerHP mat-column-enginePowerHP ng-star-inserted\" role=\"cell\">129<\/td>\n<td class=\"mat-cell cdk-cell cdk-column-displacementCCM mat-column-displacementCCM ng-star-inserted\" role=\"cell\">988<\/td>\n<td class=\"mat-cell cdk-cell cdk-column-engineCodes mat-column-engineCodes ng-star-inserted\" role=\"cell\">\n<div class=\"saam-cell--line-clamp ng-star-inserted\"><span class=\"csv ng-star-inserted\">P10A2<\/span><\/div>\n<\/td>\n<td class=\"mat-cell cdk-cell cdk-column-kbaNumbers mat-column-kbaNumbers ng-star-inserted\" role=\"cell\">\n<div class=\"saam-cell--line-clamp ng-star-inserted\"><span class=\"csv ng-star-inserted\">7100ADH<\/span><\/div>\n<\/td>\n<\/tr>\n<tr class=\"mat-row cdk-row ng-star-inserted\" tabindex=\"0\" role=\"row\">\n<td class=\"mat-cell cdk-cell cdk-column-linkageTarget mat-column-linkageTarget ng-star-inserted\" role=\"cell\"><\/td>\n<td class=\"mat-cell cdk-cell cdk-column-name mat-column-name ng-star-inserted\" role=\"cell\">1.5 VTEC (FK7)<\/td>\n<td class=\"mat-cell cdk-cell cdk-column-constructionYears mat-column-constructionYears ng-star-inserted\" role=\"cell\">02.2017 &#8211; 12.2022<\/td>\n<td class=\"mat-cell cdk-cell cdk-column-enginePowerKW mat-column-enginePowerKW ng-star-inserted\" role=\"cell\">134<\/td>\n<td class=\"mat-cell cdk-cell cdk-column-enginePowerHP mat-column-enginePowerHP ng-star-inserted\" role=\"cell\">182<\/td>\n<td class=\"mat-cell cdk-cell cdk-column-displacementCCM mat-column-displacementCCM ng-star-inserted\" role=\"cell\">1498<\/td>\n<td class=\"mat-cell cdk-cell cdk-column-engineCodes mat-column-engineCodes ng-star-inserted\" role=\"cell\">\n<div class=\"saam-cell--line-clamp ng-star-inserted\"><span class=\"csv ng-star-inserted\">L15B7<\/span><\/div>\n<\/td>\n<td class=\"mat-cell cdk-cell cdk-column-kbaNumbers mat-column-kbaNumbers ng-star-inserted\" role=\"cell\">\n<div class=\"saam-cell--line-clamp ng-star-inserted\"><span class=\"csv ng-star-inserted\">7100ADG\u00a0<\/span><span class=\"csv ng-star-inserted\">7100AEJ<\/span><\/div>\n<\/td>\n<\/tr>\n<tr class=\"mat-row cdk-row ng-star-inserted\" tabindex=\"0\" role=\"row\">\n<td class=\"mat-cell cdk-cell cdk-column-linkageTarget mat-column-linkageTarget ng-star-inserted\" role=\"cell\"><\/td>\n<td class=\"mat-cell cdk-cell cdk-column-name mat-column-name ng-star-inserted\" role=\"cell\">2.0 Type-R (FK8)<\/td>\n<td class=\"mat-cell cdk-cell cdk-column-constructionYears mat-column-constructionYears ng-star-inserted\" role=\"cell\">06.2017 &#8211; 12.2022<\/td>\n<td class=\"mat-cell cdk-cell cdk-column-enginePowerKW mat-column-enginePowerKW ng-star-inserted\" role=\"cell\">235<\/td>\n<td class=\"mat-cell cdk-cell cdk-column-enginePowerHP mat-column-enginePowerHP ng-star-inserted\" role=\"cell\">320<\/td>\n<td class=\"mat-cell cdk-cell cdk-column-displacementCCM mat-column-displacementCCM ng-star-inserted\" role=\"cell\">1996<\/td>\n<td class=\"mat-cell cdk-cell cdk-column-engineCodes mat-column-engineCodes ng-star-inserted\" role=\"cell\">\n<div class=\"saam-cell--line-clamp ng-star-inserted\"><span class=\"csv ng-star-inserted\">K20C1<\/span><\/div>\n<\/td>\n<td class=\"mat-cell cdk-cell cdk-column-kbaNumbers mat-column-kbaNumbers ng-star-inserted\" role=\"cell\">\n<div class=\"saam-cell--line-clamp ng-star-inserted\"><span class=\"csv ng-star-inserted\">7100ADO\u00a0<\/span><span class=\"csv ng-star-inserted\">7100AEK<\/span><\/div>\n<\/td>\n<\/tr>\n<\/tbody>\n<\/table>\n<\/div>\n<div><\/div>\n<div class=\"node-name\">CIVIC X Sedan (FC_)<span class=\"mat-content ng-tns-c456-149736\">Park Kameras\u0131 Soketi<\/span><\/div>\n<div class=\"linkage-target-data-table linkage-target-data-table--passengerCar ng-star-inserted\">\n<table class=\"mat-table cdk-table mat-sort vehicle-table\" role=\"table\" aria-label=\"Linkage Target Data Table\">\n<thead role=\"rowgroup\">\n<tr class=\"mat-header-row cdk-header-row ng-star-inserted\" role=\"row\">\n<th class=\"mat-sort-header mat-header-cell cdk-header-cell ng-tns-c448-149765 cdk-column-linkageTarget mat-column-linkageTarget mat-sort-header-disabled ng-star-inserted mat-table-sticky mat-table-sticky-border-elem-top\" role=\"columnheader\" scope=\"col\" aria-sort=\"none\">\n<div class=\"mat-sort-header-container mat-focus-indicator ng-tns-c448-149765\" role=\"button\">\n<div class=\"mat-sort-header-content ng-tns-c448-149765\">Bilgi<\/div>\n<\/div>\n<\/th>\n<th class=\"mat-sort-header mat-header-cell cdk-header-cell ng-tns-c448-149766 cdk-column-name mat-column-name ng-star-inserted mat-table-sticky mat-table-sticky-border-elem-top\" role=\"columnheader\" scope=\"col\" aria-sort=\"none\">\n<div class=\"mat-sort-header-container mat-focus-indicator ng-tns-c448-149766\" tabindex=\"0\" role=\"button\">\n<div class=\"mat-sort-header-content ng-tns-c448-149766\">Tip<\/div>\n<div class=\"mat-sort-header-arrow ng-trigger ng-trigger-arrowPosition ng-tns-c448-149766 ng-star-inserted\">\n<div class=\"mat-sort-header-stem ng-tns-c448-149766\"><\/div>\n<div class=\"mat-sort-header-indicator ng-tns-c448-149766 ng-trigger ng-trigger-indicator\">\n<div class=\"mat-sort-header-pointer-left ng-tns-c448-149766 ng-trigger ng-trigger-leftPointer\"><\/div>\n<div class=\"mat-sort-header-pointer-right ng-tns-c448-149766 ng-trigger ng-trigger-rightPointer\"><\/div>\n<div class=\"mat-sort-header-pointer-middle ng-tns-c448-149766\"><\/div>\n<\/div>\n<\/div>\n<\/div>\n<\/th>\n<th class=\"mat-sort-header mat-header-cell cdk-header-cell ng-tns-c448-149767 cdk-column-constructionYears mat-column-constructionYears ng-star-inserted mat-table-sticky mat-table-sticky-border-elem-top\" role=\"columnheader\" scope=\"col\" aria-sort=\"none\">\n<div class=\"mat-sort-header-container mat-focus-indicator ng-tns-c448-149767\" tabindex=\"0\" role=\"button\">\n<div class=\"mat-sort-header-content ng-tns-c448-149767\">\u00dcretim y\u0131l\u0131<\/div>\n<div class=\"mat-sort-header-arrow ng-trigger ng-trigger-arrowPosition ng-tns-c448-149767 ng-star-inserted\">\n<div class=\"mat-sort-header-stem ng-tns-c448-149767\"><\/div>\n<div class=\"mat-sort-header-indicator ng-tns-c448-149767 ng-trigger ng-trigger-indicator\">\n<div class=\"mat-sort-header-pointer-left ng-tns-c448-149767 ng-trigger ng-trigger-leftPointer\"><\/div>\n<div class=\"mat-sort-header-pointer-right ng-tns-c448-149767 ng-trigger ng-trigger-rightPointer\"><\/div>\n<div class=\"mat-sort-header-pointer-middle ng-tns-c448-149767\"><\/div>\n<\/div>\n<\/div>\n<\/div>\n<\/th>\n<th class=\"mat-sort-header mat-header-cell cdk-header-cell ng-tns-c448-149768 cdk-column-enginePowerKW mat-column-enginePowerKW ng-star-inserted mat-table-sticky mat-table-sticky-border-elem-top\" role=\"columnheader\" scope=\"col\" aria-sort=\"none\">\n<div class=\"mat-sort-header-container mat-focus-indicator ng-tns-c448-149768\" tabindex=\"0\" role=\"button\">\n<div class=\"mat-sort-header-content ng-tns-c448-149768\">kW<\/div>\n<div class=\"mat-sort-header-arrow ng-trigger ng-trigger-arrowPosition ng-tns-c448-149768 ng-star-inserted\">\n<div class=\"mat-sort-header-stem ng-tns-c448-149768\"><\/div>\n<div class=\"mat-sort-header-indicator ng-tns-c448-149768 ng-trigger ng-trigger-indicator\">\n<div class=\"mat-sort-header-pointer-left ng-tns-c448-149768 ng-trigger ng-trigger-leftPointer\"><\/div>\n<div class=\"mat-sort-header-pointer-right ng-tns-c448-149768 ng-trigger ng-trigger-rightPointer\"><\/div>\n<div class=\"mat-sort-header-pointer-middle ng-tns-c448-149768\"><\/div>\n<\/div>\n<\/div>\n<\/div>\n<\/th>\n<th class=\"mat-sort-header mat-header-cell cdk-header-cell ng-tns-c448-149769 cdk-column-enginePowerHP mat-column-enginePowerHP ng-star-inserted mat-table-sticky mat-table-sticky-border-elem-top\" role=\"columnheader\" scope=\"col\" aria-sort=\"none\">\n<div class=\"mat-sort-header-container mat-focus-indicator ng-tns-c448-149769\" tabindex=\"0\" role=\"button\">\n<div class=\"mat-sort-header-content ng-tns-c448-149769\">Beygir g\u00fcc\u00fc<\/div>\n<div class=\"mat-sort-header-arrow ng-trigger ng-trigger-arrowPosition ng-tns-c448-149769 ng-star-inserted\">\n<div class=\"mat-sort-header-stem ng-tns-c448-149769\"><\/div>\n<div class=\"mat-sort-header-indicator ng-tns-c448-149769 ng-trigger ng-trigger-indicator\">\n<div class=\"mat-sort-header-pointer-left ng-tns-c448-149769 ng-trigger ng-trigger-leftPointer\"><\/div>\n<div class=\"mat-sort-header-pointer-right ng-tns-c448-149769 ng-trigger ng-trigger-rightPointer\"><\/div>\n<div class=\"mat-sort-header-pointer-middle ng-tns-c448-149769\"><\/div>\n<\/div>\n<\/div>\n<\/div>\n<\/th>\n<th class=\"mat-sort-header mat-header-cell cdk-header-cell ng-tns-c448-149770 cdk-column-displacementCCM mat-column-displacementCCM ng-star-inserted mat-table-sticky mat-table-sticky-border-elem-top\" role=\"columnheader\" scope=\"col\" aria-sort=\"none\">\n<div class=\"mat-sort-header-container mat-focus-indicator ng-tns-c448-149770\" tabindex=\"0\" role=\"button\">\n<div class=\"mat-sort-header-content ng-tns-c448-149770\">cc<\/div>\n<div class=\"mat-sort-header-arrow ng-trigger ng-trigger-arrowPosition ng-tns-c448-149770 ng-star-inserted\">\n<div class=\"mat-sort-header-stem ng-tns-c448-149770\"><\/div>\n<div class=\"mat-sort-header-indicator ng-tns-c448-149770 ng-trigger ng-trigger-indicator\">\n<div class=\"mat-sort-header-pointer-left ng-tns-c448-149770 ng-trigger ng-trigger-leftPointer\"><\/div>\n<div class=\"mat-sort-header-pointer-right ng-tns-c448-149770 ng-trigger ng-trigger-rightPointer\"><\/div>\n<div class=\"mat-sort-header-pointer-middle ng-tns-c448-149770\"><\/div>\n<\/div>\n<\/div>\n<\/div>\n<\/th>\n<th class=\"mat-sort-header mat-header-cell cdk-header-cell ng-tns-c448-149771 cdk-column-engineCodes mat-column-engineCodes ng-star-inserted mat-table-sticky mat-table-sticky-border-elem-top\" role=\"columnheader\" scope=\"col\" aria-sort=\"none\">\n<div class=\"mat-sort-header-container mat-focus-indicator ng-tns-c448-149771\" tabindex=\"0\" role=\"button\">\n<div class=\"mat-sort-header-content ng-tns-c448-149771\">Motor kodu\/kodlar\u0131<\/div>\n<div class=\"mat-sort-header-arrow ng-trigger ng-trigger-arrowPosition ng-tns-c448-149771 ng-star-inserted\">\n<div class=\"mat-sort-header-stem ng-tns-c448-149771\"><\/div>\n<div class=\"mat-sort-header-indicator ng-tns-c448-149771 ng-trigger ng-trigger-indicator\">\n<div class=\"mat-sort-header-pointer-left ng-tns-c448-149771 ng-trigger ng-trigger-leftPointer\"><\/div>\n<div class=\"mat-sort-header-pointer-right ng-tns-c448-149771 ng-trigger ng-trigger-rightPointer\"><\/div>\n<div class=\"mat-sort-header-pointer-middle ng-tns-c448-149771\"><\/div>\n<\/div>\n<\/div>\n<\/div>\n<\/th>\n<th class=\"mat-sort-header mat-header-cell cdk-header-cell ng-tns-c448-149772 cdk-column-kbaNumbers mat-column-kbaNumbers ng-star-inserted mat-table-sticky mat-table-sticky-border-elem-top\" role=\"columnheader\" scope=\"col\" aria-sort=\"none\">\n<div class=\"mat-sort-header-container mat-focus-indicator ng-tns-c448-149772\" tabindex=\"0\" role=\"button\">\n<div class=\"mat-sort-header-content ng-tns-c448-149772\">KBA numaras\u0131 (Almanya)<\/div>\n<div class=\"mat-sort-header-arrow ng-trigger ng-trigger-arrowPosition ng-tns-c448-149772 ng-star-inserted\">\n<div class=\"mat-sort-header-stem ng-tns-c448-149772\"><\/div>\n<div class=\"mat-sort-header-indicator ng-tns-c448-149772 ng-trigger ng-trigger-indicator\">\n<div class=\"mat-sort-header-pointer-left ng-tns-c448-149772 ng-trigger ng-trigger-leftPointer\"><\/div>\n<div class=\"mat-sort-header-pointer-right ng-tns-c448-149772 ng-trigger ng-trigger-rightPointer\"><\/div>\n<div class=\"mat-sort-header-pointer-middle ng-tns-c448-149772\"><\/div>\n<\/div>\n<\/div>\n<\/div>\n<\/th>\n<\/tr>\n<\/thead>\n<tbody role=\"rowgroup\">\n<tr class=\"mat-row cdk-row ng-star-inserted\" tabindex=\"0\" role=\"row\">\n<td class=\"mat-cell cdk-cell cdk-column-linkageTarget mat-column-linkageTarget ng-star-inserted\" role=\"cell\"><\/td>\n<td class=\"mat-cell cdk-cell cdk-column-name mat-column-name ng-star-inserted\" role=\"cell\">1.5 VTEC (FC1)<\/td>\n<td class=\"mat-cell cdk-cell cdk-column-constructionYears mat-column-constructionYears ng-star-inserted\" role=\"cell\">08.2016 &#8211; 12.2022<\/td>\n<td class=\"mat-cell cdk-cell cdk-column-enginePowerKW mat-column-enginePowerKW ng-star-inserted\" role=\"cell\">134<\/td>\n<td class=\"mat-cell cdk-cell cdk-column-enginePowerHP mat-column-enginePowerHP ng-star-inserted\" role=\"cell\">182<\/td>\n<td class=\"mat-cell cdk-cell cdk-column-displacementCCM mat-column-displacementCCM ng-star-inserted\" role=\"cell\">1498<\/td>\n<td class=\"mat-cell cdk-cell cdk-column-engineCodes mat-column-engineCodes ng-star-inserted\" role=\"cell\">\n<div class=\"saam-cell--line-clamp ng-star-inserted\"><span class=\"csv ng-star-inserted\">L15B7\u00a0<\/span><span class=\"csv ng-star-inserted\">L15BB<\/span><\/div>\n<\/td>\n<td class=\"mat-cell cdk-cell cdk-column-kbaNumbers mat-column-kbaNumbers ng-star-inserted\" role=\"cell\">\n<div class=\"saam-cell--line-clamp ng-star-inserted\"><span class=\"csv ng-star-inserted\">7100ADI\u00a0<\/span><span class=\"csv ng-star-inserted\">7100AEG<\/span><\/div>\n<\/td>\n<\/tr>\n<tr class=\"mat-row cdk-row ng-star-inserted\" tabindex=\"0\" role=\"row\">\n<td class=\"mat-cell cdk-cell cdk-column-linkageTarget mat-column-linkageTarget ng-star-inserted\" role=\"cell\"><\/td>\n<td class=\"mat-cell cdk-cell cdk-column-name mat-column-name ng-star-inserted\" role=\"cell\">1.6 i-VTEC (FC5)<\/td>\n<td class=\"mat-cell cdk-cell cdk-column-constructionYears mat-column-constructionYears ng-star-inserted\" role=\"cell\">09.2016 &#8211; 12.2022<\/td>\n<td class=\"mat-cell cdk-cell cdk-column-enginePowerKW mat-column-enginePowerKW ng-star-inserted\" role=\"cell\">92<\/td>\n<td class=\"mat-cell cdk-cell cdk-column-enginePowerHP mat-column-enginePowerHP ng-star-inserted\" role=\"cell\">125<\/td>\n<td class=\"mat-cell cdk-cell cdk-column-displacementCCM mat-column-displacementCCM ng-star-inserted\" role=\"cell\">1597<\/td>\n<td class=\"mat-cell cdk-cell cdk-column-engineCodes mat-column-engineCodes ng-star-inserted\" role=\"cell\">\n<div class=\"saam-cell--line-clamp ng-star-inserted\"><span class=\"csv ng-star-inserted\">R16B1\u00a0<\/span><span class=\"csv ng-star-inserted\">R16B2<\/span><\/div>\n<\/td>\n<td class=\"mat-cell cdk-cell cdk-column-kbaNumbers mat-column-kbaNumbers ng-star-inserted\" role=\"cell\">\n<div class=\"saam-cell--line-clamp ng-star-inserted\"><span class=\"csv ng-star-inserted\">7100AEH<\/span><\/div>\n<\/td>\n<\/tr>\n<\/tbody>\n<\/table>\n<\/div>\n","protected":false},"excerpt":{"rendered":"<ul>\n<li><strong>Oksijen Sens\u00f6r Soketi<\/strong><\/li>\n<li><strong>Far Soketi<\/strong><\/li>\n<li><strong>Arka Park Kameras\u0131 Soketi<\/strong><\/li>\n<\/ul>\n","protected":false},"featured_media":63570,"template":"","meta":[],"product_brand":[],"product_cat":[96,111,89],"product_tag":[],"class_list":{"0":"post-56457","1":"product","2":"type-product","3":"status-publish","4":"has-post-thumbnail","6":"product_cat-8-kablolu-soketler","7":"product_cat-honda","8":"product_cat-soket-grubu","10":"first","11":"instock","12":"taxable","13":"shipping-taxable","14":"purchasable","15":"product-type-simple"},"_links":{"self":[{"href":"https:\/\/otosoket.com\/index.php\/wp-json\/wp\/v2\/product\/56457","targetHints":{"allow":["GET"]}}],"collection":[{"href":"https:\/\/otosoket.com\/index.php\/wp-json\/wp\/v2\/product"}],"about":[{"href":"https:\/\/otosoket.com\/index.php\/wp-json\/wp\/v2\/types\/product"}],"wp:featuredmedia":[{"embeddable":true,"href":"https:\/\/otosoket.com\/index.php\/wp-json\/wp\/v2\/media\/63570"}],"wp:attachment":[{"href":"https:\/\/otosoket.com\/index.php\/wp-json\/wp\/v2\/media?parent=56457"}],"wp:term":[{"taxonomy":"product_brand","embeddable":true,"href":"https:\/\/otosoket.com\/index.php\/wp-json\/wp\/v2\/product_brand?post=56457"},{"taxonomy":"product_cat","embeddable":true,"href":"https:\/\/otosoket.com\/index.php\/wp-json\/wp\/v2\/product_cat?post=56457"},{"taxonomy":"product_tag","embeddable":true,"href":"https:\/\/otosoket.com\/index.php\/wp-json\/wp\/v2\/product_tag?post=56457"}],"curies":[{"name":"wp","href":"https:\/\/api.w.org\/{rel}","templated":true}]}}