{"id":56458,"date":"2023-10-29T10:06:34","date_gmt":"2023-10-29T10:06:34","guid":{"rendered":"https:\/\/otosoket.com\/index.php\/product\/soket-188\/"},"modified":"2026-03-12T08:37:22","modified_gmt":"2026-03-12T08:37:22","slug":"8k016","status":"publish","type":"product","link":"https:\/\/otosoket.com\/index.php\/product\/8k016\/","title":{"rendered":"8K016"},"content":{"rendered":"<p>________________________________________________________________________________________________________________________________________________________<\/p>\n<p><strong>OEM Gaz Pedal\u0131 Konum Soketi\u00a0<span style=\"color: #333333;\">:<\/span><\/strong><span style=\"color: #ffffff;\"> 6195-0038\/8053379550586\/<\/span><\/p>\n<p><span style=\"color: #333333;\"><span class=\"mat-content ng-tns-c272-131 mat-content-hide-toggle\">MITSUBISHI TPS&amp;Gaz Pedal\u0131 Konum Sens\u00f6r Soketi <\/span><span style=\"color: #ffffff;\">MR578790\/TS66180\/<span class=\"a-size-large product-title-word-break\">MR578861\/<\/span><span class=\"a-size-large product-title-word-break\">MR578862\/MR475079\/<\/span>Mr988414\/MR475080\/MR988414\/E5T08271\/<\/span><\/span><\/p>\n<p><span style=\"color: #333333;\">MITSUBISHI PAJERO FULL 3.2 2000 &#8211; 2006<\/span><br \/>\n<span style=\"color: #333333;\">MITSUBISHI L200 SPORT HPE E OUTDOOR 3.0 3.5 ve 3.8 2003 &#8211; 2011<\/span><br \/>\n<span style=\"color: #333333;\">MITSUBISHI PAJERO SPORT 2.5 2005 &#8211; 2010<\/span><br \/>\nMITSUBISHI\u00a0 Outlander LANCER<\/p>\n<p>2002 2003 2004 2005 2006 i\u00e7in<br \/>\n2006 S\u0131n\u0131rl\u0131 Spor Program\u0131 i\u00e7in 4-Door 2.4L 2378CC l4 GAZ SOHC Do\u011fal Emi\u015fli<br \/>\n2006 Spor Program\u0131 i\u00e7in 4-Door 2.4L 2378CC l4 GAZ SOHC Do\u011fal Emi\u015fli<br \/>\n2006 Program\u0131 i\u00e7in 4-Door 2.4L 2378CC l4 GAZ SOHC Do\u011fal Emi\u015fli<br \/>\n2005 S\u0131n\u0131rl\u0131 Spor Program\u0131 i\u00e7in 4-Door 2.4L 2378CC l4 GAZ SOHC Do\u011fal Emi\u015fli<br \/>\n2005 Spor Program\u0131 i\u00e7in 4-Door 2.4L 2378CC l4 GAZ SOHC Do\u011fal Emi\u015fli<br \/>\n2005 Spor Program\u0131 i\u00e7in 4-Door 2.4L 2378CC l4 GAZ SOHC Do\u011fal Emi\u015fli<br \/>\n2004 Spor Program\u0131 i\u00e7in 4-Door 2.4L 2351CC l4 GAZ SOHC Do\u011fal Emi\u015fli<br \/>\n2004 Spor Program\u0131 i\u00e7in 4-Door 2.4L 2351CC l4 GAZ SOHC Do\u011fal Emi\u015fli<\/p>\n<div>________________________________________________________________________________________________________________________________________________________<\/div>\n<div class=\"node-name\"><strong>MITSUBISHI <span class=\"mat-content ng-tns-c272-131 mat-content-hide-toggle\">TPS&amp;Gaz Pedal\u0131 Konum Sens\u00f6r Soketi <\/span><\/strong><\/div>\n<div>PAJERO <span class=\"mat-content ng-tns-c272-131 mat-content-hide-toggle\">TPS&amp;Gaz Pedal\u0131 Konum Sens\u00f6r Soketi <\/span><\/div>\n<div class=\"linkage-target-data-table linkage-target-data-table--engine ng-star-inserted\">\n<table class=\"mat-mdc-table mdc-data-table__table cdk-table mat-sort vehicle-table\" role=\"table\" aria-label=\"Linkage Target Data Table\">\n<thead role=\"rowgroup\">\n<tr class=\"mat-mdc-header-row mdc-data-table__header-row cdk-header-row ng-star-inserted\" role=\"row\">\n<th class=\"mat-sort-header mat-mdc-header-cell mdc-data-table__header-cell cdk-header-cell ng-tns-c260-172 cdk-column-linkageTarget mat-column-linkageTarget mat-sort-header-disabled ng-star-inserted mat-mdc-table-sticky mat-mdc-table-sticky-border-elem-top\" role=\"columnheader\" scope=\"col\" aria-sort=\"none\">\n<div class=\"mat-sort-header-container mat-focus-indicator ng-tns-c260-172\" aria-describedby=\"cdk-describedby-message-rxpApp-1-2\">\n<div class=\"mat-sort-header-content ng-tns-c260-172\">Bilgi<\/div>\n<\/div>\n<\/th>\n<th class=\"mat-sort-header mat-mdc-header-cell mdc-data-table__header-cell cdk-header-cell ng-tns-c260-173 cdk-column-name mat-column-name ng-star-inserted mat-mdc-table-sticky mat-mdc-table-sticky-border-elem-top\" role=\"columnheader\" scope=\"col\" aria-sort=\"none\">\n<div class=\"mat-sort-header-container mat-focus-indicator ng-tns-c260-173\" tabindex=\"0\" role=\"button\" aria-describedby=\"cdk-describedby-message-rxpApp-1-2\">\n<div class=\"mat-sort-header-content ng-tns-c260-173\">Motor kodu<\/div>\n<div class=\"mat-sort-header-arrow ng-trigger ng-trigger-arrowPosition ng-tns-c260-173 ng-star-inserted\">\n<div class=\"mat-sort-header-stem ng-tns-c260-173\"><\/div>\n<div class=\"mat-sort-header-indicator ng-tns-c260-173 ng-trigger ng-trigger-indicator\">\n<div class=\"mat-sort-header-pointer-left ng-tns-c260-173 ng-trigger ng-trigger-leftPointer\"><\/div>\n<div class=\"mat-sort-header-pointer-right ng-tns-c260-173 ng-trigger ng-trigger-rightPointer\"><\/div>\n<div class=\"mat-sort-header-pointer-middle ng-tns-c260-173\"><\/div>\n<\/div>\n<\/div>\n<\/div>\n<\/th>\n<th class=\"mat-sort-header mat-mdc-header-cell mdc-data-table__header-cell cdk-header-cell ng-tns-c260-174 cdk-column-cylinders mat-column-cylinders ng-star-inserted mat-mdc-table-sticky mat-mdc-table-sticky-border-elem-top\" role=\"columnheader\" scope=\"col\" aria-sort=\"none\">\n<div class=\"mat-sort-header-container mat-focus-indicator ng-tns-c260-174\" tabindex=\"0\" role=\"button\" aria-describedby=\"cdk-describedby-message-rxpApp-1-2\">\n<div class=\"mat-sort-header-content ng-tns-c260-174\">Silindir<\/div>\n<div class=\"mat-sort-header-arrow ng-trigger ng-trigger-arrowPosition ng-tns-c260-174 ng-star-inserted\">\n<div class=\"mat-sort-header-stem ng-tns-c260-174\"><\/div>\n<div class=\"mat-sort-header-indicator ng-tns-c260-174 ng-trigger ng-trigger-indicator\">\n<div class=\"mat-sort-header-pointer-left ng-tns-c260-174 ng-trigger ng-trigger-leftPointer\"><\/div>\n<div class=\"mat-sort-header-pointer-right ng-tns-c260-174 ng-trigger ng-trigger-rightPointer\"><\/div>\n<div class=\"mat-sort-header-pointer-middle ng-tns-c260-174\"><\/div>\n<\/div>\n<\/div>\n<\/div>\n<\/th>\n<th class=\"mat-sort-header mat-mdc-header-cell mdc-data-table__header-cell cdk-header-cell ng-tns-c260-175 cdk-column-enginePowerKW mat-column-enginePowerKW ng-star-inserted mat-mdc-table-sticky mat-mdc-table-sticky-border-elem-top\" role=\"columnheader\" scope=\"col\" aria-sort=\"none\">\n<div class=\"mat-sort-header-container mat-focus-indicator ng-tns-c260-175\" tabindex=\"0\" role=\"button\" aria-describedby=\"cdk-describedby-message-rxpApp-1-2\">\n<div class=\"mat-sort-header-content ng-tns-c260-175\">kW<\/div>\n<div class=\"mat-sort-header-arrow ng-trigger ng-trigger-arrowPosition ng-tns-c260-175 ng-star-inserted\">\n<div class=\"mat-sort-header-stem ng-tns-c260-175\"><\/div>\n<div class=\"mat-sort-header-indicator ng-tns-c260-175 ng-trigger ng-trigger-indicator\">\n<div class=\"mat-sort-header-pointer-left ng-tns-c260-175 ng-trigger ng-trigger-leftPointer\"><\/div>\n<div class=\"mat-sort-header-pointer-right ng-tns-c260-175 ng-trigger ng-trigger-rightPointer\"><\/div>\n<div class=\"mat-sort-header-pointer-middle ng-tns-c260-175\"><\/div>\n<\/div>\n<\/div>\n<\/div>\n<\/th>\n<th class=\"mat-sort-header mat-mdc-header-cell mdc-data-table__header-cell cdk-header-cell ng-tns-c260-176 cdk-column-enginePowerHP mat-column-enginePowerHP ng-star-inserted mat-mdc-table-sticky mat-mdc-table-sticky-border-elem-top\" role=\"columnheader\" scope=\"col\" aria-sort=\"none\">\n<div class=\"mat-sort-header-container mat-focus-indicator ng-tns-c260-176\" tabindex=\"0\" role=\"button\" aria-describedby=\"cdk-describedby-message-rxpApp-1-2\">\n<div class=\"mat-sort-header-content ng-tns-c260-176\">Beygir g\u00fcc\u00fc<\/div>\n<div class=\"mat-sort-header-arrow ng-trigger ng-trigger-arrowPosition ng-tns-c260-176 ng-star-inserted\">\n<div class=\"mat-sort-header-stem ng-tns-c260-176\"><\/div>\n<div class=\"mat-sort-header-indicator ng-tns-c260-176 ng-trigger ng-trigger-indicator\">\n<div class=\"mat-sort-header-pointer-left ng-tns-c260-176 ng-trigger ng-trigger-leftPointer\"><\/div>\n<div class=\"mat-sort-header-pointer-right ng-tns-c260-176 ng-trigger ng-trigger-rightPointer\"><\/div>\n<div class=\"mat-sort-header-pointer-middle ng-tns-c260-176\"><\/div>\n<\/div>\n<\/div>\n<\/div>\n<\/th>\n<th class=\"mat-sort-header mat-mdc-header-cell mdc-data-table__header-cell cdk-header-cell ng-tns-c260-177 cdk-column-displacementCCM mat-column-displacementCCM ng-star-inserted mat-mdc-table-sticky mat-mdc-table-sticky-border-elem-top\" role=\"columnheader\" scope=\"col\" aria-sort=\"none\">\n<div class=\"mat-sort-header-container mat-focus-indicator ng-tns-c260-177\" tabindex=\"0\" role=\"button\" aria-describedby=\"cdk-describedby-message-rxpApp-1-2\">\n<div class=\"mat-sort-header-content ng-tns-c260-177\">cc<\/div>\n<div class=\"mat-sort-header-arrow ng-trigger ng-trigger-arrowPosition ng-tns-c260-177 ng-star-inserted\">\n<div class=\"mat-sort-header-stem ng-tns-c260-177\"><\/div>\n<div class=\"mat-sort-header-indicator ng-tns-c260-177 ng-trigger ng-trigger-indicator\">\n<div class=\"mat-sort-header-pointer-left ng-tns-c260-177 ng-trigger ng-trigger-leftPointer\"><\/div>\n<div class=\"mat-sort-header-pointer-right ng-tns-c260-177 ng-trigger ng-trigger-rightPointer\"><\/div>\n<div class=\"mat-sort-header-pointer-middle ng-tns-c260-177\"><\/div>\n<\/div>\n<\/div>\n<\/div>\n<\/th>\n<th class=\"mat-sort-header mat-mdc-header-cell mdc-data-table__header-cell cdk-header-cell ng-tns-c260-178 cdk-column-fuelType mat-column-fuelType ng-star-inserted mat-mdc-table-sticky mat-mdc-table-sticky-border-elem-top\" role=\"columnheader\" scope=\"col\" aria-sort=\"none\">\n<div class=\"mat-sort-header-container mat-focus-indicator ng-tns-c260-178\" tabindex=\"0\" role=\"button\" aria-describedby=\"cdk-describedby-message-rxpApp-1-2\">\n<div class=\"mat-sort-header-content ng-tns-c260-178\">Yak\u0131t tipi<\/div>\n<div class=\"mat-sort-header-arrow ng-trigger ng-trigger-arrowPosition ng-tns-c260-178 ng-star-inserted\">\n<div class=\"mat-sort-header-stem ng-tns-c260-178\"><\/div>\n<div class=\"mat-sort-header-indicator ng-tns-c260-178 ng-trigger ng-trigger-indicator\">\n<div class=\"mat-sort-header-pointer-left ng-tns-c260-178 ng-trigger ng-trigger-leftPointer\"><\/div>\n<div class=\"mat-sort-header-pointer-right ng-tns-c260-178 ng-trigger ng-trigger-rightPointer\"><\/div>\n<div class=\"mat-sort-header-pointer-middle ng-tns-c260-178\"><\/div>\n<\/div>\n<\/div>\n<\/div>\n<\/th>\n<\/tr>\n<\/thead>\n<tbody class=\"mdc-data-table__content\" role=\"rowgroup\">\n<tr class=\"mat-mdc-row mdc-data-table__row cdk-row ng-star-inserted\" tabindex=\"0\" role=\"row\">\n<td class=\"mat-mdc-cell mdc-data-table__cell cdk-cell cdk-column-linkageTarget mat-column-linkageTarget ng-star-inserted\" role=\"cell\"><\/td>\n<td class=\"mat-mdc-cell mdc-data-table__cell cdk-cell cdk-column-name mat-column-name ng-star-inserted\" role=\"cell\">4M41<\/td>\n<td class=\"mat-mdc-cell mdc-data-table__cell cdk-cell cdk-column-cylinders mat-column-cylinders ng-star-inserted\" role=\"cell\">4<\/td>\n<td class=\"mat-mdc-cell mdc-data-table__cell cdk-cell cdk-column-enginePowerKW mat-column-enginePowerKW ng-star-inserted\" role=\"cell\">118 &#8211; 153<\/td>\n<td class=\"mat-mdc-cell mdc-data-table__cell cdk-cell cdk-column-enginePowerHP mat-column-enginePowerHP ng-star-inserted\" role=\"cell\">160 &#8211; 208<\/td>\n<td class=\"mat-mdc-cell mdc-data-table__cell cdk-cell cdk-column-displacementCCM mat-column-displacementCCM ng-star-inserted\" role=\"cell\">Ba\u015flang\u0131\u00e7 3200<\/td>\n<td class=\"mat-mdc-cell mdc-data-table__cell cdk-cell cdk-column-fuelType mat-column-fuelType ng-star-inserted\" role=\"cell\">Dizel<\/td>\n<\/tr>\n<\/tbody>\n<\/table>\n<\/div>\n","protected":false},"excerpt":{"rendered":"<ul>\n<li><strong>Gaz Pedal\u0131 Konum Soketi<\/strong><\/li>\n<\/ul>\n","protected":false},"featured_media":63591,"template":"","meta":[],"product_brand":[],"product_cat":[96,168,89],"product_tag":[],"class_list":{"0":"post-56458","1":"product","2":"type-product","3":"status-publish","4":"has-post-thumbnail","6":"product_cat-8-kablolu-soketler","7":"product_cat-mitsubishi","8":"product_cat-soket-grubu","10":"first","11":"instock","12":"taxable","13":"shipping-taxable","14":"purchasable","15":"product-type-simple"},"_links":{"self":[{"href":"https:\/\/otosoket.com\/index.php\/wp-json\/wp\/v2\/product\/56458","targetHints":{"allow":["GET"]}}],"collection":[{"href":"https:\/\/otosoket.com\/index.php\/wp-json\/wp\/v2\/product"}],"about":[{"href":"https:\/\/otosoket.com\/index.php\/wp-json\/wp\/v2\/types\/product"}],"wp:featuredmedia":[{"embeddable":true,"href":"https:\/\/otosoket.com\/index.php\/wp-json\/wp\/v2\/media\/63591"}],"wp:attachment":[{"href":"https:\/\/otosoket.com\/index.php\/wp-json\/wp\/v2\/media?parent=56458"}],"wp:term":[{"taxonomy":"product_brand","embeddable":true,"href":"https:\/\/otosoket.com\/index.php\/wp-json\/wp\/v2\/product_brand?post=56458"},{"taxonomy":"product_cat","embeddable":true,"href":"https:\/\/otosoket.com\/index.php\/wp-json\/wp\/v2\/product_cat?post=56458"},{"taxonomy":"product_tag","embeddable":true,"href":"https:\/\/otosoket.com\/index.php\/wp-json\/wp\/v2\/product_tag?post=56458"}],"curies":[{"name":"wp","href":"https:\/\/api.w.org\/{rel}","templated":true}]}}