{"id":56459,"date":"2023-10-29T10:06:34","date_gmt":"2023-10-29T10:06:34","guid":{"rendered":"https:\/\/otosoket.com\/index.php\/product\/soket-189\/"},"modified":"2026-03-12T08:37:48","modified_gmt":"2026-03-12T08:37:48","slug":"8k017","status":"publish","type":"product","link":"https:\/\/otosoket.com\/index.php\/product\/8k017\/","title":{"rendered":"8K017"},"content":{"rendered":"<p>________________________________________________________________________________________________________________________________________________________<\/p>\n<p><strong>OEM MAF\/Hava Ak\u0131\u015f Sens\u00f6r Soketi :<\/strong><span style=\"color: #ffffff;\"> MG640549-5\/ <span id=\"productTitle\" class=\"a-size-large product-title-word-break\">7223-7886-30MG630552-7\/DJ7081Y-3-21\/MG630552-7\/MD357335\/E5T05371 \/<\/span><\/span><\/p>\n<ul>\n<li id=\"title\" class=\"a-size-large a-spacing-none\"><span id=\"productTitle\" class=\"a-size-large product-title-word-break\">Mitsubishi\u00a0<\/span>MAF\/Hava Ak\u0131\u015f Sens\u00f6r Soketi<\/li>\n<li><span id=\"productTitle\" class=\"a-size-large product-title-word-break\">Nissan\u00a0<\/span>MAF\/Hava Ak\u0131\u015f Sens\u00f6r Soketi<\/li>\n<\/ul>\n<p>________________________________________________________________________________________________________________________________________________________<\/p>\n","protected":false},"excerpt":{"rendered":"<ul>\n<li><strong>MAF\/Hava Ak\u0131\u015f Sens\u00f6r Soketi<\/strong><\/li>\n<\/ul>\n","protected":false},"featured_media":63592,"template":"","meta":[],"product_brand":[],"product_cat":[96,168,105,89],"product_tag":[],"class_list":{"0":"post-56459","1":"product","2":"type-product","3":"status-publish","4":"has-post-thumbnail","6":"product_cat-8-kablolu-soketler","7":"product_cat-mitsubishi","8":"product_cat-nissan","9":"product_cat-soket-grubu","11":"first","12":"instock","13":"taxable","14":"shipping-taxable","15":"purchasable","16":"product-type-simple"},"_links":{"self":[{"href":"https:\/\/otosoket.com\/index.php\/wp-json\/wp\/v2\/product\/56459","targetHints":{"allow":["GET"]}}],"collection":[{"href":"https:\/\/otosoket.com\/index.php\/wp-json\/wp\/v2\/product"}],"about":[{"href":"https:\/\/otosoket.com\/index.php\/wp-json\/wp\/v2\/types\/product"}],"wp:featuredmedia":[{"embeddable":true,"href":"https:\/\/otosoket.com\/index.php\/wp-json\/wp\/v2\/media\/63592"}],"wp:attachment":[{"href":"https:\/\/otosoket.com\/index.php\/wp-json\/wp\/v2\/media?parent=56459"}],"wp:term":[{"taxonomy":"product_brand","embeddable":true,"href":"https:\/\/otosoket.com\/index.php\/wp-json\/wp\/v2\/product_brand?post=56459"},{"taxonomy":"product_cat","embeddable":true,"href":"https:\/\/otosoket.com\/index.php\/wp-json\/wp\/v2\/product_cat?post=56459"},{"taxonomy":"product_tag","embeddable":true,"href":"https:\/\/otosoket.com\/index.php\/wp-json\/wp\/v2\/product_tag?post=56459"}],"curies":[{"name":"wp","href":"https:\/\/api.w.org\/{rel}","templated":true}]}}