{"id":58784,"date":"2024-02-20T08:39:52","date_gmt":"2024-02-20T08:39:52","guid":{"rendered":"https:\/\/otosoket.com\/?post_type=product&#038;p=58784"},"modified":"2026-03-10T11:35:46","modified_gmt":"2026-03-10T11:35:46","slug":"2k086-aa","status":"publish","type":"product","link":"https:\/\/otosoket.com\/index.php\/product\/2k086-aa\/","title":{"rendered":"2K086 AA"},"content":{"rendered":"<p>________________________________________________________________________________________________________________________________________________________<\/p>\n<p><strong>OEM Radar Prob \u00c7arp\u0131\u015fma Vuruntu Sens\u00f6r\u00fc Soketi :<\/strong> <span style=\"color: #ffffff;\">31402-2110 31403-2110\/<\/span><\/p>\n<ul>\n<li>VOLVO Radar Prob \u00c7arp\u0131\u015fma Vuruntu Sens\u00f6r\u00fc Soketi<\/li>\n<\/ul>\n<p>________________________________________________________________________________________________________________________________________________________<\/p>\n<p>&nbsp;<\/p>\n<p>________________________________________________________________________________________________________________________________________________________<\/p>\n","protected":false},"excerpt":{"rendered":"<ul>\n<li><strong>Radar Prob \u00c7arp\u0131\u015fma Vuruntu Sens\u00f6r\u00fc Soketi<\/strong><\/li>\n<\/ul>\n","protected":false},"featured_media":63040,"template":"","meta":[],"product_brand":[],"product_cat":[91,106,173],"product_tag":[],"class_list":{"0":"post-58784","1":"product","2":"type-product","3":"status-publish","4":"has-post-thumbnail","6":"product_cat-2-kablolu-soketler","7":"product_cat-ford","8":"product_cat-volvo","10":"first","11":"instock","12":"taxable","13":"shipping-taxable","14":"purchasable","15":"product-type-simple"},"_links":{"self":[{"href":"https:\/\/otosoket.com\/index.php\/wp-json\/wp\/v2\/product\/58784","targetHints":{"allow":["GET"]}}],"collection":[{"href":"https:\/\/otosoket.com\/index.php\/wp-json\/wp\/v2\/product"}],"about":[{"href":"https:\/\/otosoket.com\/index.php\/wp-json\/wp\/v2\/types\/product"}],"wp:featuredmedia":[{"embeddable":true,"href":"https:\/\/otosoket.com\/index.php\/wp-json\/wp\/v2\/media\/63040"}],"wp:attachment":[{"href":"https:\/\/otosoket.com\/index.php\/wp-json\/wp\/v2\/media?parent=58784"}],"wp:term":[{"taxonomy":"product_brand","embeddable":true,"href":"https:\/\/otosoket.com\/index.php\/wp-json\/wp\/v2\/product_brand?post=58784"},{"taxonomy":"product_cat","embeddable":true,"href":"https:\/\/otosoket.com\/index.php\/wp-json\/wp\/v2\/product_cat?post=58784"},{"taxonomy":"product_tag","embeddable":true,"href":"https:\/\/otosoket.com\/index.php\/wp-json\/wp\/v2\/product_tag?post=58784"}],"curies":[{"name":"wp","href":"https:\/\/api.w.org\/{rel}","templated":true}]}}