{"id":59620,"date":"2024-10-04T08:07:46","date_gmt":"2024-10-04T08:07:46","guid":{"rendered":"https:\/\/otosoket.com\/?post_type=product&#038;p=59620"},"modified":"2026-03-11T11:53:21","modified_gmt":"2026-03-11T11:53:21","slug":"4k057","status":"publish","type":"product","link":"https:\/\/otosoket.com\/index.php\/product\/4k057\/","title":{"rendered":"4K057"},"content":{"rendered":"<p>________________________________________________________________________________________________________________________________________________________<strong>OEM\u00a0<span id=\"productTitle\" class=\"a-size-large product-title-word-break\">Eksantrik Mili Solenoid Valf Soketi <\/span>\u00a0:<\/strong> <span style=\"color: #ffffff;\">57M9817\/776487-1\/<\/span><\/p>\n<ul>\n<li><span id=\"productTitle\" class=\"a-size-large product-title-word-break\">CAT Ekskavat\u00f6r Carter Eksantrik Mili Solenoid Valf Soketi<\/span><\/li>\n<\/ul>\n<p>________________________________________________________________________________________________________________________________________________________<\/p>\n<p><strong>OEM Turbo Soketi :<\/strong><\/p>\n","protected":false},"excerpt":{"rendered":"<ul>\n<li>\u0130\u015f makinas\u0131 Eksantrik Mili Solenoid Valf Soketi<\/li>\n<\/ul>\n","protected":false},"featured_media":63335,"template":"","meta":[],"product_brand":[],"product_cat":[93,88],"product_tag":[],"class_list":{"0":"post-59620","1":"product","2":"type-product","3":"status-publish","4":"has-post-thumbnail","6":"product_cat-4-kablolu-soketler","7":"product_cat-is-makinasi","9":"first","10":"instock","11":"taxable","12":"shipping-taxable","13":"purchasable","14":"product-type-simple"},"_links":{"self":[{"href":"https:\/\/otosoket.com\/index.php\/wp-json\/wp\/v2\/product\/59620","targetHints":{"allow":["GET"]}}],"collection":[{"href":"https:\/\/otosoket.com\/index.php\/wp-json\/wp\/v2\/product"}],"about":[{"href":"https:\/\/otosoket.com\/index.php\/wp-json\/wp\/v2\/types\/product"}],"wp:featuredmedia":[{"embeddable":true,"href":"https:\/\/otosoket.com\/index.php\/wp-json\/wp\/v2\/media\/63335"}],"wp:attachment":[{"href":"https:\/\/otosoket.com\/index.php\/wp-json\/wp\/v2\/media?parent=59620"}],"wp:term":[{"taxonomy":"product_brand","embeddable":true,"href":"https:\/\/otosoket.com\/index.php\/wp-json\/wp\/v2\/product_brand?post=59620"},{"taxonomy":"product_cat","embeddable":true,"href":"https:\/\/otosoket.com\/index.php\/wp-json\/wp\/v2\/product_cat?post=59620"},{"taxonomy":"product_tag","embeddable":true,"href":"https:\/\/otosoket.com\/index.php\/wp-json\/wp\/v2\/product_tag?post=59620"}],"curies":[{"name":"wp","href":"https:\/\/api.w.org\/{rel}","templated":true}]}}