{"id":59630,"date":"2024-10-04T08:18:06","date_gmt":"2024-10-04T08:18:06","guid":{"rendered":"https:\/\/otosoket.com\/?post_type=product&#038;p=59630"},"modified":"2026-03-11T09:51:41","modified_gmt":"2026-03-11T09:51:41","slug":"3k057","status":"publish","type":"product","link":"https:\/\/otosoket.com\/index.php\/product\/3k057\/","title":{"rendered":"3K057"},"content":{"rendered":"<p>________________________________________________________________________________________________________________________________________________________<\/p>\n<p><strong>OEM Yak\u0131t Filtresi Bas\u0131n\u00e7 Sens\u00f6r\u00fc Soketi : <span style=\"color: #ffffff;\">274-6717 345D 349D\/<\/span><\/strong><span style=\"color: #ffffff;\">GP-2746717<\/span><\/p>\n<ul>\n<li>Caterpillar 320 Yak\u0131t Filtresi Sens\u00f6r\u00fc Soketi<\/li>\n<\/ul>\n<p>________________________________________________________________________________________________________________________________________________________<\/p>\n<p>&nbsp;<\/p>\n","protected":false},"excerpt":{"rendered":"<ul>\n<li><strong>Yak\u0131t Filtresi Bas\u0131n\u00e7 Sens\u00f6r\u00fc Soketi<\/strong><\/li>\n<\/ul>\n","protected":false},"featured_media":63200,"template":"","meta":[],"product_brand":[],"product_cat":[92,88],"product_tag":[],"class_list":{"0":"post-59630","1":"product","2":"type-product","3":"status-publish","4":"has-post-thumbnail","6":"product_cat-3-kablolu-soketler","7":"product_cat-is-makinasi","9":"first","10":"instock","11":"taxable","12":"shipping-taxable","13":"purchasable","14":"product-type-simple"},"_links":{"self":[{"href":"https:\/\/otosoket.com\/index.php\/wp-json\/wp\/v2\/product\/59630","targetHints":{"allow":["GET"]}}],"collection":[{"href":"https:\/\/otosoket.com\/index.php\/wp-json\/wp\/v2\/product"}],"about":[{"href":"https:\/\/otosoket.com\/index.php\/wp-json\/wp\/v2\/types\/product"}],"wp:featuredmedia":[{"embeddable":true,"href":"https:\/\/otosoket.com\/index.php\/wp-json\/wp\/v2\/media\/63200"}],"wp:attachment":[{"href":"https:\/\/otosoket.com\/index.php\/wp-json\/wp\/v2\/media?parent=59630"}],"wp:term":[{"taxonomy":"product_brand","embeddable":true,"href":"https:\/\/otosoket.com\/index.php\/wp-json\/wp\/v2\/product_brand?post=59630"},{"taxonomy":"product_cat","embeddable":true,"href":"https:\/\/otosoket.com\/index.php\/wp-json\/wp\/v2\/product_cat?post=59630"},{"taxonomy":"product_tag","embeddable":true,"href":"https:\/\/otosoket.com\/index.php\/wp-json\/wp\/v2\/product_tag?post=59630"}],"curies":[{"name":"wp","href":"https:\/\/api.w.org\/{rel}","templated":true}]}}