{"id":59635,"date":"2024-10-04T08:22:07","date_gmt":"2024-10-04T08:22:07","guid":{"rendered":"https:\/\/otosoket.com\/?post_type=product&#038;p=59635"},"modified":"2026-03-11T09:24:18","modified_gmt":"2026-03-11T09:24:18","slug":"3k038-a","status":"publish","type":"product","link":"https:\/\/otosoket.com\/index.php\/product\/3k038-a\/","title":{"rendered":"3K038 A"},"content":{"rendered":"<p>________________________________________________________________________________________________________________________________________________________<\/p>\n<p><strong>OEM MAP Sens\u00f6r\u00fc Soketi :<\/strong><\/p>\n<ul>\n<li><span class=\"mat-content ng-tns-c274-88720 mat-content-hide-toggle\">CUMMINS \u00a0Karter Bas\u0131n\u00e7 Sens\u00f6r\u00fc Soketi <\/span><span style=\"color: #ffffff;\">4954400\/4984575\/5462277\/57790528\/5462277<\/span><\/li>\n<\/ul>\n","protected":false},"excerpt":{"rendered":"<ul>\n<li><strong>MAP Sens\u00f6r\u00fc Soketi<\/strong><\/li>\n<li><strong>Karter Bas\u0131n\u00e7 Sens\u00f6r\u00fc<\/strong><\/li>\n<\/ul>\n","protected":false},"featured_media":63176,"template":"","meta":[],"product_brand":[],"product_cat":[92],"product_tag":[],"class_list":{"0":"post-59635","1":"product","2":"type-product","3":"status-publish","4":"has-post-thumbnail","6":"product_cat-3-kablolu-soketler","8":"first","9":"instock","10":"taxable","11":"shipping-taxable","12":"purchasable","13":"product-type-simple"},"_links":{"self":[{"href":"https:\/\/otosoket.com\/index.php\/wp-json\/wp\/v2\/product\/59635","targetHints":{"allow":["GET"]}}],"collection":[{"href":"https:\/\/otosoket.com\/index.php\/wp-json\/wp\/v2\/product"}],"about":[{"href":"https:\/\/otosoket.com\/index.php\/wp-json\/wp\/v2\/types\/product"}],"wp:featuredmedia":[{"embeddable":true,"href":"https:\/\/otosoket.com\/index.php\/wp-json\/wp\/v2\/media\/63176"}],"wp:attachment":[{"href":"https:\/\/otosoket.com\/index.php\/wp-json\/wp\/v2\/media?parent=59635"}],"wp:term":[{"taxonomy":"product_brand","embeddable":true,"href":"https:\/\/otosoket.com\/index.php\/wp-json\/wp\/v2\/product_brand?post=59635"},{"taxonomy":"product_cat","embeddable":true,"href":"https:\/\/otosoket.com\/index.php\/wp-json\/wp\/v2\/product_cat?post=59635"},{"taxonomy":"product_tag","embeddable":true,"href":"https:\/\/otosoket.com\/index.php\/wp-json\/wp\/v2\/product_tag?post=59635"}],"curies":[{"name":"wp","href":"https:\/\/api.w.org\/{rel}","templated":true}]}}