{"id":59879,"date":"2024-10-25T07:49:06","date_gmt":"2024-10-25T07:49:06","guid":{"rendered":"https:\/\/otosoket.com\/?post_type=product&#038;p=59879"},"modified":"2026-03-11T07:53:14","modified_gmt":"2026-03-11T07:53:14","slug":"3k000-a","status":"publish","type":"product","link":"https:\/\/otosoket.com\/index.php\/product\/3k000-a\/","title":{"rendered":"3K000 A"},"content":{"rendered":"<p>________________________________________________________________________________________________________________________________________________________<\/p>\n<p><strong>OEM MAP&amp;EMME Bas\u0131n\u00e7 Sens\u00f6r Soketi :<\/strong> <span style=\"color: #ffffff;\">5012225214068\/5056453433228\/0609843700223\/6915093289277\/5012225374083\/00724620052965\/5022515166571\/<\/span><\/p>\n<ul>\n<li><span class=\"mat-content ng-tns-c456-12564\">GENERAL MOTORS MAP&amp;EMME Bas\u0131n\u00e7 Sens\u00f6r Soketi <\/span><span style=\"color: #ffffff;\">12223861\/16040749\/<\/span><\/li>\n<li>OPEL MAP&amp;EMME Bas\u0131n\u00e7 Sens\u00f6r Soketi <span style=\"color: #ffffff;\">12 223 861<\/span><\/li>\n<li>VAUXHALL MAP&amp;EMME Bas\u0131n\u00e7 Sens\u00f6r Soketi <span style=\"color: #ffffff;\">12223861\/16040749<\/span><\/li>\n<\/ul>\n<p>________________________________________________________________________________________________________________________________________________________<\/p>\n<div class=\"node-name\"><strong>PONTIAC MAP&amp;EMME Bas\u0131n\u00e7 Sens\u00f6r Soketi<\/strong><\/div>\n<div class=\"node-name\">FIREBIRDMAP&amp;EMME Bas\u0131n\u00e7 Sens\u00f6r Soketi<\/div>\n<div class=\"linkage-target-data-table linkage-target-data-table--passengerCar ng-star-inserted\">\n<table class=\"mat-table cdk-table mat-sort vehicle-table\" role=\"table\" aria-label=\"Linkage Target Data Table\">\n<thead role=\"rowgroup\">\n<tr class=\"mat-header-row cdk-header-row ng-star-inserted\" role=\"row\">\n<th class=\"mat-sort-header mat-header-cell cdk-header-cell ng-tns-c441-12688 cdk-column-linkageTarget mat-column-linkageTarget mat-sort-header-disabled ng-star-inserted mat-table-sticky mat-table-sticky-border-elem-top\" role=\"columnheader\" scope=\"col\" aria-sort=\"none\">\n<div class=\"mat-sort-header-container mat-focus-indicator ng-tns-c441-12688\" role=\"button\">\n<div class=\"mat-sort-header-content ng-tns-c441-12688\">Bilgi<\/div>\n<\/div>\n<\/th>\n<th class=\"mat-sort-header mat-header-cell cdk-header-cell ng-tns-c441-12689 cdk-column-name mat-column-name ng-star-inserted mat-table-sticky mat-table-sticky-border-elem-top\" role=\"columnheader\" scope=\"col\" aria-sort=\"none\">\n<div class=\"mat-sort-header-container mat-focus-indicator ng-tns-c441-12689\" tabindex=\"0\" role=\"button\">\n<div class=\"mat-sort-header-content ng-tns-c441-12689\">Tip<\/div>\n<div class=\"mat-sort-header-arrow ng-trigger ng-trigger-arrowPosition ng-tns-c441-12689 ng-star-inserted\">\n<div class=\"mat-sort-header-stem ng-tns-c441-12689\"><\/div>\n<div class=\"mat-sort-header-indicator ng-tns-c441-12689 ng-trigger ng-trigger-indicator\">\n<div class=\"mat-sort-header-pointer-left ng-tns-c441-12689 ng-trigger ng-trigger-leftPointer\"><\/div>\n<div class=\"mat-sort-header-pointer-right ng-tns-c441-12689 ng-trigger ng-trigger-rightPointer\"><\/div>\n<div class=\"mat-sort-header-pointer-middle ng-tns-c441-12689\"><\/div>\n<\/div>\n<\/div>\n<\/div>\n<\/th>\n<th class=\"mat-sort-header mat-header-cell cdk-header-cell ng-tns-c441-12690 cdk-column-constructionYears mat-column-constructionYears ng-star-inserted mat-table-sticky mat-table-sticky-border-elem-top\" role=\"columnheader\" scope=\"col\" aria-sort=\"none\">\n<div class=\"mat-sort-header-container mat-focus-indicator ng-tns-c441-12690\" tabindex=\"0\" role=\"button\">\n<div class=\"mat-sort-header-content ng-tns-c441-12690\">\u00dcretim y\u0131l\u0131<\/div>\n<div class=\"mat-sort-header-arrow ng-trigger ng-trigger-arrowPosition ng-tns-c441-12690 ng-star-inserted\">\n<div class=\"mat-sort-header-stem ng-tns-c441-12690\"><\/div>\n<div class=\"mat-sort-header-indicator ng-tns-c441-12690 ng-trigger ng-trigger-indicator\">\n<div class=\"mat-sort-header-pointer-left ng-tns-c441-12690 ng-trigger ng-trigger-leftPointer\"><\/div>\n<div class=\"mat-sort-header-pointer-right ng-tns-c441-12690 ng-trigger ng-trigger-rightPointer\"><\/div>\n<div class=\"mat-sort-header-pointer-middle ng-tns-c441-12690\"><\/div>\n<\/div>\n<\/div>\n<\/div>\n<\/th>\n<th class=\"mat-sort-header mat-header-cell cdk-header-cell ng-tns-c441-12691 cdk-column-enginePowerKW mat-column-enginePowerKW ng-star-inserted mat-table-sticky mat-table-sticky-border-elem-top\" role=\"columnheader\" scope=\"col\" aria-sort=\"none\">\n<div class=\"mat-sort-header-container mat-focus-indicator ng-tns-c441-12691\" tabindex=\"0\" role=\"button\">\n<div class=\"mat-sort-header-content ng-tns-c441-12691\">kW<\/div>\n<div class=\"mat-sort-header-arrow ng-trigger ng-trigger-arrowPosition ng-tns-c441-12691 ng-star-inserted\">\n<div class=\"mat-sort-header-stem ng-tns-c441-12691\"><\/div>\n<div class=\"mat-sort-header-indicator ng-tns-c441-12691 ng-trigger ng-trigger-indicator\">\n<div class=\"mat-sort-header-pointer-left ng-tns-c441-12691 ng-trigger ng-trigger-leftPointer\"><\/div>\n<div class=\"mat-sort-header-pointer-right ng-tns-c441-12691 ng-trigger ng-trigger-rightPointer\"><\/div>\n<div class=\"mat-sort-header-pointer-middle ng-tns-c441-12691\"><\/div>\n<\/div>\n<\/div>\n<\/div>\n<\/th>\n<th class=\"mat-sort-header mat-header-cell cdk-header-cell ng-tns-c441-12692 cdk-column-enginePowerHP mat-column-enginePowerHP ng-star-inserted mat-table-sticky mat-table-sticky-border-elem-top\" role=\"columnheader\" scope=\"col\" aria-sort=\"none\">\n<div class=\"mat-sort-header-container mat-focus-indicator ng-tns-c441-12692\" tabindex=\"0\" role=\"button\">\n<div class=\"mat-sort-header-content ng-tns-c441-12692\">Beygir g\u00fcc\u00fc<\/div>\n<div class=\"mat-sort-header-arrow ng-trigger ng-trigger-arrowPosition ng-tns-c441-12692 ng-star-inserted\">\n<div class=\"mat-sort-header-stem ng-tns-c441-12692\"><\/div>\n<div class=\"mat-sort-header-indicator ng-tns-c441-12692 ng-trigger ng-trigger-indicator\">\n<div class=\"mat-sort-header-pointer-left ng-tns-c441-12692 ng-trigger ng-trigger-leftPointer\"><\/div>\n<div class=\"mat-sort-header-pointer-right ng-tns-c441-12692 ng-trigger ng-trigger-rightPointer\"><\/div>\n<div class=\"mat-sort-header-pointer-middle ng-tns-c441-12692\"><\/div>\n<\/div>\n<\/div>\n<\/div>\n<\/th>\n<th class=\"mat-sort-header mat-header-cell cdk-header-cell ng-tns-c441-12693 cdk-column-displacementCCM mat-column-displacementCCM ng-star-inserted mat-table-sticky mat-table-sticky-border-elem-top\" role=\"columnheader\" scope=\"col\" aria-sort=\"none\">\n<div class=\"mat-sort-header-container mat-focus-indicator ng-tns-c441-12693\" tabindex=\"0\" role=\"button\">\n<div class=\"mat-sort-header-content ng-tns-c441-12693\">cc<\/div>\n<div class=\"mat-sort-header-arrow ng-trigger ng-trigger-arrowPosition ng-tns-c441-12693 ng-star-inserted\">\n<div class=\"mat-sort-header-stem ng-tns-c441-12693\"><\/div>\n<div class=\"mat-sort-header-indicator ng-tns-c441-12693 ng-trigger ng-trigger-indicator\">\n<div class=\"mat-sort-header-pointer-left ng-tns-c441-12693 ng-trigger ng-trigger-leftPointer\"><\/div>\n<div class=\"mat-sort-header-pointer-right ng-tns-c441-12693 ng-trigger ng-trigger-rightPointer\"><\/div>\n<div class=\"mat-sort-header-pointer-middle ng-tns-c441-12693\"><\/div>\n<\/div>\n<\/div>\n<\/div>\n<\/th>\n<th class=\"mat-sort-header mat-header-cell cdk-header-cell ng-tns-c441-12694 cdk-column-engineCodes mat-column-engineCodes ng-star-inserted mat-table-sticky mat-table-sticky-border-elem-top\" role=\"columnheader\" scope=\"col\" aria-sort=\"none\">\n<div class=\"mat-sort-header-container mat-focus-indicator ng-tns-c441-12694\" tabindex=\"0\" role=\"button\">\n<div class=\"mat-sort-header-content ng-tns-c441-12694\">Motor kodu\/kodlar\u0131<\/div>\n<div class=\"mat-sort-header-arrow ng-trigger ng-trigger-arrowPosition ng-tns-c441-12694 ng-star-inserted\">\n<div class=\"mat-sort-header-stem ng-tns-c441-12694\"><\/div>\n<div class=\"mat-sort-header-indicator ng-tns-c441-12694 ng-trigger ng-trigger-indicator\">\n<div class=\"mat-sort-header-pointer-left ng-tns-c441-12694 ng-trigger ng-trigger-leftPointer\"><\/div>\n<div class=\"mat-sort-header-pointer-right ng-tns-c441-12694 ng-trigger ng-trigger-rightPointer\"><\/div>\n<div class=\"mat-sort-header-pointer-middle ng-tns-c441-12694\"><\/div>\n<\/div>\n<\/div>\n<\/div>\n<\/th>\n<th class=\"mat-sort-header mat-header-cell cdk-header-cell ng-tns-c441-12695 cdk-column-kbaNumbers mat-column-kbaNumbers ng-star-inserted mat-table-sticky mat-table-sticky-border-elem-top\" role=\"columnheader\" scope=\"col\" aria-sort=\"none\">\n<div class=\"mat-sort-header-container mat-focus-indicator ng-tns-c441-12695\" tabindex=\"0\" role=\"button\">\n<div class=\"mat-sort-header-content ng-tns-c441-12695\">KBA numaras\u0131 (Almanya)<\/div>\n<div class=\"mat-sort-header-arrow ng-trigger ng-trigger-arrowPosition ng-tns-c441-12695 ng-star-inserted\">\n<div class=\"mat-sort-header-stem ng-tns-c441-12695\"><\/div>\n<div class=\"mat-sort-header-indicator ng-tns-c441-12695 ng-trigger ng-trigger-indicator\">\n<div class=\"mat-sort-header-pointer-left ng-tns-c441-12695 ng-trigger ng-trigger-leftPointer\"><\/div>\n<div class=\"mat-sort-header-pointer-right ng-tns-c441-12695 ng-trigger ng-trigger-rightPointer\"><\/div>\n<div class=\"mat-sort-header-pointer-middle ng-tns-c441-12695\"><\/div>\n<\/div>\n<\/div>\n<\/div>\n<\/th>\n<\/tr>\n<\/thead>\n<tbody role=\"rowgroup\">\n<tr class=\"mat-row cdk-row ng-star-inserted\" tabindex=\"0\" role=\"row\">\n<td class=\"mat-cell cdk-cell cdk-column-linkageTarget mat-column-linkageTarget ng-star-inserted\" role=\"cell\"><\/td>\n<td class=\"mat-cell cdk-cell cdk-column-name mat-column-name ng-star-inserted\" role=\"cell\">Trans Am 3.1<\/td>\n<td class=\"mat-cell cdk-cell cdk-column-constructionYears mat-column-constructionYears ng-star-inserted\" role=\"cell\">01.1987 &#8211; 10.1992<\/td>\n<td class=\"mat-cell cdk-cell cdk-column-enginePowerKW mat-column-enginePowerKW ng-star-inserted\" role=\"cell\">104<\/td>\n<td class=\"mat-cell cdk-cell cdk-column-enginePowerHP mat-column-enginePowerHP ng-star-inserted\" role=\"cell\">141<\/td>\n<td class=\"mat-cell cdk-cell cdk-column-displacementCCM mat-column-displacementCCM ng-star-inserted\" role=\"cell\">3135<\/td>\n<td class=\"mat-cell cdk-cell cdk-column-engineCodes mat-column-engineCodes ng-star-inserted\" role=\"cell\">\n<div class=\"saam-cell--line-clamp ng-star-inserted\"><span class=\"csv ng-star-inserted\">LH0<\/span><\/div>\n<\/td>\n<td class=\"mat-cell cdk-cell cdk-column-kbaNumbers mat-column-kbaNumbers ng-star-inserted\" role=\"cell\">\n<div class=\"saam-cell--line-clamp ng-star-inserted\"><\/div>\n<\/td>\n<\/tr>\n<\/tbody>\n<\/table>\n<div class=\"node-name\"><strong>RENAULTMAP&amp;EMME Bas\u0131n\u00e7 Sens\u00f6r Soketi<\/strong><\/div>\n<div class=\"node-name\">CLIO II (BB_, CB_) | CLIO MIO | LUTECIAMAP&amp;EMME Bas\u0131n\u00e7 Sens\u00f6r Soketi<\/div>\n<div class=\"linkage-target-data-table linkage-target-data-table--passengerCar ng-star-inserted\">\n<table class=\"mat-table cdk-table mat-sort vehicle-table\" role=\"table\" aria-label=\"Linkage Target Data Table\">\n<thead role=\"rowgroup\">\n<tr class=\"mat-header-row cdk-header-row ng-star-inserted\" role=\"row\">\n<th class=\"mat-sort-header mat-header-cell cdk-header-cell ng-tns-c441-12739 cdk-column-linkageTarget mat-column-linkageTarget mat-sort-header-disabled ng-star-inserted mat-table-sticky mat-table-sticky-border-elem-top\" role=\"columnheader\" scope=\"col\" aria-sort=\"none\">\n<div class=\"mat-sort-header-container mat-focus-indicator ng-tns-c441-12739\" role=\"button\">\n<div class=\"mat-sort-header-content ng-tns-c441-12739\">Bilgi<\/div>\n<\/div>\n<\/th>\n<th class=\"mat-sort-header mat-header-cell cdk-header-cell ng-tns-c441-12740 cdk-column-name mat-column-name ng-star-inserted mat-table-sticky mat-table-sticky-border-elem-top\" role=\"columnheader\" scope=\"col\" aria-sort=\"none\">\n<div class=\"mat-sort-header-container mat-focus-indicator ng-tns-c441-12740\" tabindex=\"0\" role=\"button\">\n<div class=\"mat-sort-header-content ng-tns-c441-12740\">Tip<\/div>\n<div class=\"mat-sort-header-arrow ng-trigger ng-trigger-arrowPosition ng-tns-c441-12740 ng-star-inserted\">\n<div class=\"mat-sort-header-stem ng-tns-c441-12740\"><\/div>\n<div class=\"mat-sort-header-indicator ng-tns-c441-12740 ng-trigger ng-trigger-indicator\">\n<div class=\"mat-sort-header-pointer-left ng-tns-c441-12740 ng-trigger ng-trigger-leftPointer\"><\/div>\n<div class=\"mat-sort-header-pointer-right ng-tns-c441-12740 ng-trigger ng-trigger-rightPointer\"><\/div>\n<div class=\"mat-sort-header-pointer-middle ng-tns-c441-12740\"><\/div>\n<\/div>\n<\/div>\n<\/div>\n<\/th>\n<th class=\"mat-sort-header mat-header-cell cdk-header-cell ng-tns-c441-12741 cdk-column-constructionYears mat-column-constructionYears ng-star-inserted mat-table-sticky mat-table-sticky-border-elem-top\" role=\"columnheader\" scope=\"col\" aria-sort=\"none\">\n<div class=\"mat-sort-header-container mat-focus-indicator ng-tns-c441-12741\" tabindex=\"0\" role=\"button\">\n<div class=\"mat-sort-header-content ng-tns-c441-12741\">\u00dcretim y\u0131l\u0131<\/div>\n<div class=\"mat-sort-header-arrow ng-trigger ng-trigger-arrowPosition ng-tns-c441-12741 ng-star-inserted\">\n<div class=\"mat-sort-header-stem ng-tns-c441-12741\"><\/div>\n<div class=\"mat-sort-header-indicator ng-tns-c441-12741 ng-trigger ng-trigger-indicator\">\n<div class=\"mat-sort-header-pointer-left ng-tns-c441-12741 ng-trigger ng-trigger-leftPointer\"><\/div>\n<div class=\"mat-sort-header-pointer-right ng-tns-c441-12741 ng-trigger ng-trigger-rightPointer\"><\/div>\n<div class=\"mat-sort-header-pointer-middle ng-tns-c441-12741\"><\/div>\n<\/div>\n<\/div>\n<\/div>\n<\/th>\n<th class=\"mat-sort-header mat-header-cell cdk-header-cell ng-tns-c441-12742 cdk-column-enginePowerKW mat-column-enginePowerKW ng-star-inserted mat-table-sticky mat-table-sticky-border-elem-top\" role=\"columnheader\" scope=\"col\" aria-sort=\"none\">\n<div class=\"mat-sort-header-container mat-focus-indicator ng-tns-c441-12742\" tabindex=\"0\" role=\"button\">\n<div class=\"mat-sort-header-content ng-tns-c441-12742\">kW<\/div>\n<div class=\"mat-sort-header-arrow ng-trigger ng-trigger-arrowPosition ng-tns-c441-12742 ng-star-inserted\">\n<div class=\"mat-sort-header-stem ng-tns-c441-12742\"><\/div>\n<div class=\"mat-sort-header-indicator ng-tns-c441-12742 ng-trigger ng-trigger-indicator\">\n<div class=\"mat-sort-header-pointer-left ng-tns-c441-12742 ng-trigger ng-trigger-leftPointer\"><\/div>\n<div class=\"mat-sort-header-pointer-right ng-tns-c441-12742 ng-trigger ng-trigger-rightPointer\"><\/div>\n<div class=\"mat-sort-header-pointer-middle ng-tns-c441-12742\"><\/div>\n<\/div>\n<\/div>\n<\/div>\n<\/th>\n<th class=\"mat-sort-header mat-header-cell cdk-header-cell ng-tns-c441-12743 cdk-column-enginePowerHP mat-column-enginePowerHP ng-star-inserted mat-table-sticky mat-table-sticky-border-elem-top\" role=\"columnheader\" scope=\"col\" aria-sort=\"none\">\n<div class=\"mat-sort-header-container mat-focus-indicator ng-tns-c441-12743\" tabindex=\"0\" role=\"button\">\n<div class=\"mat-sort-header-content ng-tns-c441-12743\">Beygir g\u00fcc\u00fc<\/div>\n<div class=\"mat-sort-header-arrow ng-trigger ng-trigger-arrowPosition ng-tns-c441-12743 ng-star-inserted\">\n<div class=\"mat-sort-header-stem ng-tns-c441-12743\"><\/div>\n<div class=\"mat-sort-header-indicator ng-tns-c441-12743 ng-trigger ng-trigger-indicator\">\n<div class=\"mat-sort-header-pointer-left ng-tns-c441-12743 ng-trigger ng-trigger-leftPointer\"><\/div>\n<div class=\"mat-sort-header-pointer-right ng-tns-c441-12743 ng-trigger ng-trigger-rightPointer\"><\/div>\n<div class=\"mat-sort-header-pointer-middle ng-tns-c441-12743\"><\/div>\n<\/div>\n<\/div>\n<\/div>\n<\/th>\n<th class=\"mat-sort-header mat-header-cell cdk-header-cell ng-tns-c441-12744 cdk-column-displacementCCM mat-column-displacementCCM ng-star-inserted mat-table-sticky mat-table-sticky-border-elem-top\" role=\"columnheader\" scope=\"col\" aria-sort=\"none\">\n<div class=\"mat-sort-header-container mat-focus-indicator ng-tns-c441-12744\" tabindex=\"0\" role=\"button\">\n<div class=\"mat-sort-header-content ng-tns-c441-12744\">cc<\/div>\n<div class=\"mat-sort-header-arrow ng-trigger ng-trigger-arrowPosition ng-tns-c441-12744 ng-star-inserted\">\n<div class=\"mat-sort-header-stem ng-tns-c441-12744\"><\/div>\n<div class=\"mat-sort-header-indicator ng-tns-c441-12744 ng-trigger ng-trigger-indicator\">\n<div class=\"mat-sort-header-pointer-left ng-tns-c441-12744 ng-trigger ng-trigger-leftPointer\"><\/div>\n<div class=\"mat-sort-header-pointer-right ng-tns-c441-12744 ng-trigger ng-trigger-rightPointer\"><\/div>\n<div class=\"mat-sort-header-pointer-middle ng-tns-c441-12744\"><\/div>\n<\/div>\n<\/div>\n<\/div>\n<\/th>\n<th class=\"mat-sort-header mat-header-cell cdk-header-cell ng-tns-c441-12745 cdk-column-engineCodes mat-column-engineCodes ng-star-inserted mat-table-sticky mat-table-sticky-border-elem-top\" role=\"columnheader\" scope=\"col\" aria-sort=\"none\">\n<div class=\"mat-sort-header-container mat-focus-indicator ng-tns-c441-12745\" tabindex=\"0\" role=\"button\">\n<div class=\"mat-sort-header-content ng-tns-c441-12745\">Motor kodu\/kodlar\u0131<\/div>\n<div class=\"mat-sort-header-arrow ng-trigger ng-trigger-arrowPosition ng-tns-c441-12745 ng-star-inserted\">\n<div class=\"mat-sort-header-stem ng-tns-c441-12745\"><\/div>\n<div class=\"mat-sort-header-indicator ng-tns-c441-12745 ng-trigger ng-trigger-indicator\">\n<div class=\"mat-sort-header-pointer-left ng-tns-c441-12745 ng-trigger ng-trigger-leftPointer\"><\/div>\n<div class=\"mat-sort-header-pointer-right ng-tns-c441-12745 ng-trigger ng-trigger-rightPointer\"><\/div>\n<div class=\"mat-sort-header-pointer-middle ng-tns-c441-12745\"><\/div>\n<\/div>\n<\/div>\n<\/div>\n<\/th>\n<th class=\"mat-sort-header mat-header-cell cdk-header-cell ng-tns-c441-12746 cdk-column-kbaNumbers mat-column-kbaNumbers ng-star-inserted mat-table-sticky mat-table-sticky-border-elem-top\" role=\"columnheader\" scope=\"col\" aria-sort=\"none\">\n<div class=\"mat-sort-header-container mat-focus-indicator ng-tns-c441-12746\" tabindex=\"0\" role=\"button\">\n<div class=\"mat-sort-header-content ng-tns-c441-12746\">KBA numaras\u0131 (Almanya)<\/div>\n<div class=\"mat-sort-header-arrow ng-trigger ng-trigger-arrowPosition ng-tns-c441-12746 ng-star-inserted\">\n<div class=\"mat-sort-header-stem ng-tns-c441-12746\"><\/div>\n<div class=\"mat-sort-header-indicator ng-tns-c441-12746 ng-trigger ng-trigger-indicator\">\n<div class=\"mat-sort-header-pointer-left ng-tns-c441-12746 ng-trigger ng-trigger-leftPointer\"><\/div>\n<div class=\"mat-sort-header-pointer-right ng-tns-c441-12746 ng-trigger ng-trigger-rightPointer\"><\/div>\n<div class=\"mat-sort-header-pointer-middle ng-tns-c441-12746\"><\/div>\n<\/div>\n<\/div>\n<\/div>\n<\/th>\n<\/tr>\n<\/thead>\n<tbody role=\"rowgroup\">\n<tr class=\"mat-row cdk-row ng-star-inserted\" tabindex=\"0\" role=\"row\">\n<td class=\"mat-cell cdk-cell cdk-column-linkageTarget mat-column-linkageTarget ng-star-inserted\" role=\"cell\"><\/td>\n<td class=\"mat-cell cdk-cell cdk-column-name mat-column-name ng-star-inserted\" role=\"cell\">1.5 dCi (B\/CB07)<\/td>\n<td class=\"mat-cell cdk-cell cdk-column-constructionYears mat-column-constructionYears ng-star-inserted\" role=\"cell\">06.2001 &#8211; 07.2009<\/td>\n<td class=\"mat-cell cdk-cell cdk-column-enginePowerKW mat-column-enginePowerKW ng-star-inserted\" role=\"cell\">48<\/td>\n<td class=\"mat-cell cdk-cell cdk-column-enginePowerHP mat-column-enginePowerHP ng-star-inserted\" role=\"cell\">65<\/td>\n<td class=\"mat-cell cdk-cell cdk-column-displacementCCM mat-column-displacementCCM ng-star-inserted\" role=\"cell\">1461<\/td>\n<td class=\"mat-cell cdk-cell cdk-column-engineCodes mat-column-engineCodes ng-star-inserted\" role=\"cell\">\n<div class=\"saam-cell--line-clamp ng-star-inserted\"><span class=\"csv ng-star-inserted\">K9K 704\u00a0<\/span><span class=\"csv ng-star-inserted\">K9K 700<\/span><\/div>\n<\/td>\n<td class=\"mat-cell cdk-cell cdk-column-kbaNumbers mat-column-kbaNumbers ng-star-inserted\" role=\"cell\">\n<div class=\"saam-cell--line-clamp ng-star-inserted\"><span class=\"csv ng-star-inserted\">3004142\u00a0<\/span><span class=\"csv ng-star-inserted\">3333ABH<\/span><\/div>\n<\/td>\n<\/tr>\n<\/tbody>\n<\/table>\n<\/div>\n<\/div>\n","protected":false},"excerpt":{"rendered":"<ul>\n<li>Krank Mili Konum Sens\u00f6r Soketi<\/li>\n<\/ul>\n","protected":false},"featured_media":63092,"template":"","meta":[],"product_brand":[],"product_cat":[92,89],"product_tag":[],"class_list":{"0":"post-59879","1":"product","2":"type-product","3":"status-publish","4":"has-post-thumbnail","6":"product_cat-3-kablolu-soketler","7":"product_cat-soket-grubu","9":"first","10":"instock","11":"taxable","12":"shipping-taxable","13":"purchasable","14":"product-type-simple"},"_links":{"self":[{"href":"https:\/\/otosoket.com\/index.php\/wp-json\/wp\/v2\/product\/59879","targetHints":{"allow":["GET"]}}],"collection":[{"href":"https:\/\/otosoket.com\/index.php\/wp-json\/wp\/v2\/product"}],"about":[{"href":"https:\/\/otosoket.com\/index.php\/wp-json\/wp\/v2\/types\/product"}],"wp:featuredmedia":[{"embeddable":true,"href":"https:\/\/otosoket.com\/index.php\/wp-json\/wp\/v2\/media\/63092"}],"wp:attachment":[{"href":"https:\/\/otosoket.com\/index.php\/wp-json\/wp\/v2\/media?parent=59879"}],"wp:term":[{"taxonomy":"product_brand","embeddable":true,"href":"https:\/\/otosoket.com\/index.php\/wp-json\/wp\/v2\/product_brand?post=59879"},{"taxonomy":"product_cat","embeddable":true,"href":"https:\/\/otosoket.com\/index.php\/wp-json\/wp\/v2\/product_cat?post=59879"},{"taxonomy":"product_tag","embeddable":true,"href":"https:\/\/otosoket.com\/index.php\/wp-json\/wp\/v2\/product_tag?post=59879"}],"curies":[{"name":"wp","href":"https:\/\/api.w.org\/{rel}","templated":true}]}}