{"id":60507,"date":"2025-05-30T07:49:38","date_gmt":"2025-05-30T07:49:38","guid":{"rendered":"https:\/\/otosoket.com\/?post_type=product&#038;p=60507"},"modified":"2026-03-12T09:46:14","modified_gmt":"2026-03-12T09:46:14","slug":"ecu-42k002-e","status":"publish","type":"product","link":"https:\/\/otosoket.com\/index.php\/product\/ecu-42k002-e\/","title":{"rendered":"ECU 42K002 E"},"content":{"rendered":"<p>________________________________________________________________________________________________________________________________________________________<\/p>\n<p><strong>OEM Kap\u0131 Ba\u011flant\u0131 Soketi :<\/strong> <span style=\"color: #ffffff;\">241244022R\/211PL429S0034\/10811874<\/span><\/p>\n<ul>\n<li><strong>Renault Kap\u0131 Ba\u011flant\u0131 Soketi <\/strong><\/li>\n<li><strong>Megane Kap\u0131 Ba\u011flant\u0131 Soketi 2008-2016<\/strong><\/li>\n<li><strong>Fluance Kap\u0131 Ba\u011flant\u0131 Soketi<\/strong><\/li>\n<\/ul>\n<p>________________________________________________________________________________________________________________________________________________________<\/p>\n<p>&nbsp;<\/p>\n","protected":false},"excerpt":{"rendered":"<ul>\n<li><strong>Renault Kap\u0131 Ba\u011flant\u0131 Soketi\u00a0<\/strong><\/li>\n<\/ul>\n","protected":false},"featured_media":63687,"template":"","meta":[],"product_brand":[],"product_cat":[137,129],"product_tag":[],"class_list":{"0":"post-60507","1":"product","2":"type-product","3":"status-publish","4":"has-post-thumbnail","6":"product_cat-42-kablolu-soketler","7":"product_cat-renault","9":"first","10":"instock","11":"taxable","12":"shipping-taxable","13":"purchasable","14":"product-type-simple"},"_links":{"self":[{"href":"https:\/\/otosoket.com\/index.php\/wp-json\/wp\/v2\/product\/60507","targetHints":{"allow":["GET"]}}],"collection":[{"href":"https:\/\/otosoket.com\/index.php\/wp-json\/wp\/v2\/product"}],"about":[{"href":"https:\/\/otosoket.com\/index.php\/wp-json\/wp\/v2\/types\/product"}],"wp:featuredmedia":[{"embeddable":true,"href":"https:\/\/otosoket.com\/index.php\/wp-json\/wp\/v2\/media\/63687"}],"wp:attachment":[{"href":"https:\/\/otosoket.com\/index.php\/wp-json\/wp\/v2\/media?parent=60507"}],"wp:term":[{"taxonomy":"product_brand","embeddable":true,"href":"https:\/\/otosoket.com\/index.php\/wp-json\/wp\/v2\/product_brand?post=60507"},{"taxonomy":"product_cat","embeddable":true,"href":"https:\/\/otosoket.com\/index.php\/wp-json\/wp\/v2\/product_cat?post=60507"},{"taxonomy":"product_tag","embeddable":true,"href":"https:\/\/otosoket.com\/index.php\/wp-json\/wp\/v2\/product_tag?post=60507"}],"curies":[{"name":"wp","href":"https:\/\/api.w.org\/{rel}","templated":true}]}}