{"id":60554,"date":"2025-06-30T16:38:39","date_gmt":"2025-06-30T16:38:39","guid":{"rendered":"https:\/\/otosoket.com\/?post_type=product&#038;p=60554"},"modified":"2026-03-12T08:54:59","modified_gmt":"2026-03-12T08:54:59","slug":"10k011","status":"publish","type":"product","link":"https:\/\/otosoket.com\/index.php\/product\/10k011\/","title":{"rendered":"10K011"},"content":{"rendered":"<p>________________________________________________________________________________________________________________________________________________________<\/p>\n<p><strong>OEM Klima D\u00fc\u011fmesi Anahtar\u0131 Soketi :\u00a0<\/strong> <span style=\"color: #ffffff;\">1-929505-4 \/929504-4\/828801-4\/P27100215\/9295044\/Kenworth AMP 929504-4\/<\/span><\/p>\n<p>________________________________________________________________________________________________________________________________________________________<\/p>\n<p>&nbsp;<\/p>\n<p>________________________________________________________________________________________________________________________________________________________<\/p>\n","protected":false},"excerpt":{"rendered":"<ul>\n<li><strong>Klima D\u00fc\u011fmesi Anahtar\u0131 Soketi<\/strong><\/li>\n<\/ul>\n","protected":false},"featured_media":63611,"template":"","meta":[],"product_brand":[],"product_cat":[98,117],"product_tag":[],"class_list":{"0":"post-60554","1":"product","2":"type-product","3":"status-publish","4":"has-post-thumbnail","6":"product_cat-10-kablolu-soketler","7":"product_cat-mercedes","9":"first","10":"instock","11":"taxable","12":"shipping-taxable","13":"purchasable","14":"product-type-simple"},"_links":{"self":[{"href":"https:\/\/otosoket.com\/index.php\/wp-json\/wp\/v2\/product\/60554","targetHints":{"allow":["GET"]}}],"collection":[{"href":"https:\/\/otosoket.com\/index.php\/wp-json\/wp\/v2\/product"}],"about":[{"href":"https:\/\/otosoket.com\/index.php\/wp-json\/wp\/v2\/types\/product"}],"wp:featuredmedia":[{"embeddable":true,"href":"https:\/\/otosoket.com\/index.php\/wp-json\/wp\/v2\/media\/63611"}],"wp:attachment":[{"href":"https:\/\/otosoket.com\/index.php\/wp-json\/wp\/v2\/media?parent=60554"}],"wp:term":[{"taxonomy":"product_brand","embeddable":true,"href":"https:\/\/otosoket.com\/index.php\/wp-json\/wp\/v2\/product_brand?post=60554"},{"taxonomy":"product_cat","embeddable":true,"href":"https:\/\/otosoket.com\/index.php\/wp-json\/wp\/v2\/product_cat?post=60554"},{"taxonomy":"product_tag","embeddable":true,"href":"https:\/\/otosoket.com\/index.php\/wp-json\/wp\/v2\/product_tag?post=60554"}],"curies":[{"name":"wp","href":"https:\/\/api.w.org\/{rel}","templated":true}]}}