{"id":60571,"date":"2025-07-01T06:25:55","date_gmt":"2025-07-01T06:25:55","guid":{"rendered":"https:\/\/otosoket.com\/?post_type=product&#038;p=60571"},"modified":"2026-03-10T11:37:27","modified_gmt":"2026-03-10T11:37:27","slug":"2k095","status":"publish","type":"product","link":"https:\/\/otosoket.com\/index.php\/product\/2k095\/","title":{"rendered":"2K095"},"content":{"rendered":"<p>________________________________________________________________________________________________________________________________________________________<\/p>\n<p><strong>OEM A\/C Klima Kompres\u00f6r Soketi :<\/strong> <span style=\"color: #ffffff;\">5005440AF \/4060426581510\/6949521732707\/5902301011653\/5904358618427\/4063214770004\/4058903078257<\/span><\/p>\n<ul>\n<li><span class=\"mat-content ng-tns-c274-167192 mat-content-hide-toggle\">CHRYSLER A\/C Klima Kompres\u00f6r Soketi <\/span><span style=\"color: #ffffff;\"><span class=\"mdc-list-item__content\"><span class=\"mat-mdc-list-item-unscoped-content mdc-list-item__primary-text\">05005410AA\/<\/span><\/span>05005410AC\/05005410AD\/05005410AE\/05005410AF\/5005110AA\/5005410AA\/5005410AC\/5005410AD\/5005410AE\/5005410AF\/5005498AD\/ 5005498AE\/5005498AF<\/span><\/li>\n<li><span class=\"mat-content ng-tns-c274-167295 mat-content-hide-toggle\">DODGE <span class=\"mat-content ng-tns-c274-167192 mat-content-hide-toggle\">A\/C Klima Kompres\u00f6r Soketi <\/span><\/span><span style=\"color: #ffffff;\"><span class=\"mdc-list-item__content\"><span class=\"mat-mdc-list-item-unscoped-content mdc-list-item__primary-text\">5005410AA\/<\/span><\/span>5005410AC\/5005498AD<\/span><\/li>\n<\/ul>\n<p>________________________________________________________________________________________________________________________________________________________<\/p>\n<div id=\"cdk-accordion-child-757\" class=\"mat-expansion-panel-content ng-tns-c273-167191 ng-trigger ng-trigger-bodyExpansion\" role=\"region\" aria-labelledby=\"mat-expansion-panel-header-757\">\n<div class=\"mat-expansion-panel-body ng-tns-c273-167191\">\n<div class=\"mat-mdc-list-item-line mdc-list-item__secondary-text ng-star-inserted\">\n<div class=\"node-name\"><strong>CHRYSLER<span class=\"mat-content ng-tns-c274-167192 mat-content-hide-toggle\"> A\/C Klima Kompres\u00f6r Soketi<\/span><\/strong><\/div>\n<div class=\"node-name\">VOYAGER IV (RG, RS) | TOWN &amp; COUNTRY | GRAND VOYAGER | VOYAGER \/ GRAND VOYAGER<span class=\"mat-content ng-tns-c274-167192 mat-content-hide-toggle\"> A\/C Klima Kompres\u00f6r Soketi<\/span><\/div>\n<div class=\"linkage-target-data-table linkage-target-data-table--passengerCar ng-star-inserted\">\n<table class=\"mat-mdc-table mdc-data-table__table cdk-table mat-sort vehicle-table ng-star-inserted\" role=\"table\" aria-label=\"Linkage Target Data Table\">\n<thead role=\"rowgroup\">\n<tr class=\"mat-mdc-header-row mdc-data-table__header-row cdk-header-row ng-star-inserted\" role=\"row\">\n<th class=\"mat-sort-header mat-mdc-header-cell mdc-data-table__header-cell cdk-header-cell ng-tns-c296-167211 cdk-column-linkageTarget mat-column-linkageTarget mat-sort-header-disabled ng-star-inserted mat-mdc-table-sticky mat-mdc-table-sticky-border-elem-top\" role=\"columnheader\" scope=\"col\" aria-sort=\"none\">\n<div class=\"mat-sort-header-container mat-focus-indicator ng-tns-c296-167211\" aria-describedby=\"cdk-describedby-message-rxpApp-1-2\">\n<div class=\"mat-sort-header-content ng-tns-c296-167211\">Bilgi<\/div>\n<\/div>\n<\/th>\n<th class=\"mat-sort-header mat-mdc-header-cell mdc-data-table__header-cell cdk-header-cell ng-tns-c296-167212 cdk-column-name mat-column-name ng-star-inserted mat-mdc-table-sticky mat-mdc-table-sticky-border-elem-top\" role=\"columnheader\" scope=\"col\" aria-sort=\"none\">\n<div class=\"mat-sort-header-container mat-focus-indicator ng-tns-c296-167212\" tabindex=\"0\" role=\"button\" aria-describedby=\"cdk-describedby-message-rxpApp-1-2\">\n<div class=\"mat-sort-header-content ng-tns-c296-167212\">Tip<\/div>\n<div class=\"mat-sort-header-arrow ng-trigger ng-trigger-arrowPosition ng-tns-c296-167212 ng-star-inserted\">\n<div class=\"mat-sort-header-stem ng-tns-c296-167212\"><\/div>\n<div class=\"mat-sort-header-indicator ng-tns-c296-167212 ng-trigger ng-trigger-indicator\">\n<div class=\"mat-sort-header-pointer-left ng-tns-c296-167212 ng-trigger ng-trigger-leftPointer\"><\/div>\n<div class=\"mat-sort-header-pointer-right ng-tns-c296-167212 ng-trigger ng-trigger-rightPointer\"><\/div>\n<div class=\"mat-sort-header-pointer-middle ng-tns-c296-167212\"><\/div>\n<\/div>\n<\/div>\n<\/div>\n<\/th>\n<th class=\"mat-sort-header mat-mdc-header-cell mdc-data-table__header-cell cdk-header-cell ng-tns-c296-167213 cdk-column-constructionYears mat-column-constructionYears ng-star-inserted mat-mdc-table-sticky mat-mdc-table-sticky-border-elem-top\" role=\"columnheader\" scope=\"col\" aria-sort=\"none\">\n<div class=\"mat-sort-header-container mat-focus-indicator ng-tns-c296-167213\" tabindex=\"0\" role=\"button\" aria-describedby=\"cdk-describedby-message-rxpApp-1-2\">\n<div class=\"mat-sort-header-content ng-tns-c296-167213\">\u00dcretim y\u0131l\u0131<\/div>\n<div class=\"mat-sort-header-arrow ng-trigger ng-trigger-arrowPosition ng-tns-c296-167213 ng-star-inserted\">\n<div class=\"mat-sort-header-stem ng-tns-c296-167213\"><\/div>\n<div class=\"mat-sort-header-indicator ng-tns-c296-167213 ng-trigger ng-trigger-indicator\">\n<div class=\"mat-sort-header-pointer-left ng-tns-c296-167213 ng-trigger ng-trigger-leftPointer\"><\/div>\n<div class=\"mat-sort-header-pointer-right ng-tns-c296-167213 ng-trigger ng-trigger-rightPointer\"><\/div>\n<div class=\"mat-sort-header-pointer-middle ng-tns-c296-167213\"><\/div>\n<\/div>\n<\/div>\n<\/div>\n<\/th>\n<th class=\"mat-sort-header mat-mdc-header-cell mdc-data-table__header-cell cdk-header-cell ng-tns-c296-167214 cdk-column-enginePowerKW mat-column-enginePowerKW ng-star-inserted mat-mdc-table-sticky mat-mdc-table-sticky-border-elem-top\" role=\"columnheader\" scope=\"col\" aria-sort=\"none\">\n<div class=\"mat-sort-header-container mat-focus-indicator ng-tns-c296-167214\" tabindex=\"0\" role=\"button\" aria-describedby=\"cdk-describedby-message-rxpApp-1-2\">\n<div class=\"mat-sort-header-content ng-tns-c296-167214\">kW<\/div>\n<div class=\"mat-sort-header-arrow ng-trigger ng-trigger-arrowPosition ng-tns-c296-167214 ng-star-inserted\">\n<div class=\"mat-sort-header-stem ng-tns-c296-167214\"><\/div>\n<div class=\"mat-sort-header-indicator ng-tns-c296-167214 ng-trigger ng-trigger-indicator\">\n<div class=\"mat-sort-header-pointer-left ng-tns-c296-167214 ng-trigger ng-trigger-leftPointer\"><\/div>\n<div class=\"mat-sort-header-pointer-right ng-tns-c296-167214 ng-trigger ng-trigger-rightPointer\"><\/div>\n<div class=\"mat-sort-header-pointer-middle ng-tns-c296-167214\"><\/div>\n<\/div>\n<\/div>\n<\/div>\n<\/th>\n<th class=\"mat-sort-header mat-mdc-header-cell mdc-data-table__header-cell cdk-header-cell ng-tns-c296-167215 cdk-column-enginePowerHP mat-column-enginePowerHP ng-star-inserted mat-mdc-table-sticky mat-mdc-table-sticky-border-elem-top\" role=\"columnheader\" scope=\"col\" aria-sort=\"none\">\n<div class=\"mat-sort-header-container mat-focus-indicator ng-tns-c296-167215\" tabindex=\"0\" role=\"button\" aria-describedby=\"cdk-describedby-message-rxpApp-1-2\">\n<div class=\"mat-sort-header-content ng-tns-c296-167215\">Beygir g\u00fcc\u00fc<\/div>\n<div class=\"mat-sort-header-arrow ng-trigger ng-trigger-arrowPosition ng-tns-c296-167215 ng-star-inserted\">\n<div class=\"mat-sort-header-stem ng-tns-c296-167215\"><\/div>\n<div class=\"mat-sort-header-indicator ng-tns-c296-167215 ng-trigger ng-trigger-indicator\">\n<div class=\"mat-sort-header-pointer-left ng-tns-c296-167215 ng-trigger ng-trigger-leftPointer\"><\/div>\n<div class=\"mat-sort-header-pointer-right ng-tns-c296-167215 ng-trigger ng-trigger-rightPointer\"><\/div>\n<div class=\"mat-sort-header-pointer-middle ng-tns-c296-167215\"><\/div>\n<\/div>\n<\/div>\n<\/div>\n<\/th>\n<th class=\"mat-sort-header mat-mdc-header-cell mdc-data-table__header-cell cdk-header-cell ng-tns-c296-167216 cdk-column-displacementCCM mat-column-displacementCCM ng-star-inserted mat-mdc-table-sticky mat-mdc-table-sticky-border-elem-top\" role=\"columnheader\" scope=\"col\" aria-sort=\"none\">\n<div class=\"mat-sort-header-container mat-focus-indicator ng-tns-c296-167216\" tabindex=\"0\" role=\"button\" aria-describedby=\"cdk-describedby-message-rxpApp-1-2\">\n<div class=\"mat-sort-header-content ng-tns-c296-167216\">cc<\/div>\n<div class=\"mat-sort-header-arrow ng-trigger ng-trigger-arrowPosition ng-tns-c296-167216 ng-star-inserted\">\n<div class=\"mat-sort-header-stem ng-tns-c296-167216\"><\/div>\n<div class=\"mat-sort-header-indicator ng-tns-c296-167216 ng-trigger ng-trigger-indicator\">\n<div class=\"mat-sort-header-pointer-left ng-tns-c296-167216 ng-trigger ng-trigger-leftPointer\"><\/div>\n<div class=\"mat-sort-header-pointer-right ng-tns-c296-167216 ng-trigger ng-trigger-rightPointer\"><\/div>\n<div class=\"mat-sort-header-pointer-middle ng-tns-c296-167216\"><\/div>\n<\/div>\n<\/div>\n<\/div>\n<\/th>\n<th class=\"mat-sort-header mat-mdc-header-cell mdc-data-table__header-cell cdk-header-cell ng-tns-c296-167217 cdk-column-engineCodes mat-column-engineCodes ng-star-inserted mat-mdc-table-sticky mat-mdc-table-sticky-border-elem-top\" role=\"columnheader\" scope=\"col\" aria-sort=\"none\">\n<div class=\"mat-sort-header-container mat-focus-indicator ng-tns-c296-167217\" tabindex=\"0\" role=\"button\" aria-describedby=\"cdk-describedby-message-rxpApp-1-2\">\n<div class=\"mat-sort-header-content ng-tns-c296-167217\">Motor kodu\/kodlar\u0131<\/div>\n<div class=\"mat-sort-header-arrow ng-trigger ng-trigger-arrowPosition ng-tns-c296-167217 ng-star-inserted\">\n<div class=\"mat-sort-header-stem ng-tns-c296-167217\"><\/div>\n<div class=\"mat-sort-header-indicator ng-tns-c296-167217 ng-trigger ng-trigger-indicator\">\n<div class=\"mat-sort-header-pointer-left ng-tns-c296-167217 ng-trigger ng-trigger-leftPointer\"><\/div>\n<div class=\"mat-sort-header-pointer-right ng-tns-c296-167217 ng-trigger ng-trigger-rightPointer\"><\/div>\n<div class=\"mat-sort-header-pointer-middle ng-tns-c296-167217\"><\/div>\n<\/div>\n<\/div>\n<\/div>\n<\/th>\n<th class=\"mat-sort-header mat-mdc-header-cell mdc-data-table__header-cell cdk-header-cell ng-tns-c296-167218 cdk-column-kbaNumbers mat-column-kbaNumbers ng-star-inserted mat-mdc-table-sticky mat-mdc-table-sticky-border-elem-top\" role=\"columnheader\" scope=\"col\" aria-sort=\"none\">\n<div class=\"mat-sort-header-container mat-focus-indicator ng-tns-c296-167218\" tabindex=\"0\" role=\"button\" aria-describedby=\"cdk-describedby-message-rxpApp-1-2\">\n<div class=\"mat-sort-header-content ng-tns-c296-167218\">KBA numaras\u0131 (Almanya)<\/div>\n<div class=\"mat-sort-header-arrow ng-trigger ng-trigger-arrowPosition ng-tns-c296-167218 ng-star-inserted\">\n<div class=\"mat-sort-header-stem ng-tns-c296-167218\"><\/div>\n<div class=\"mat-sort-header-indicator ng-tns-c296-167218 ng-trigger ng-trigger-indicator\">\n<div class=\"mat-sort-header-pointer-left ng-tns-c296-167218 ng-trigger ng-trigger-leftPointer\"><\/div>\n<div class=\"mat-sort-header-pointer-right ng-tns-c296-167218 ng-trigger ng-trigger-rightPointer\"><\/div>\n<div class=\"mat-sort-header-pointer-middle ng-tns-c296-167218\"><\/div>\n<\/div>\n<\/div>\n<\/div>\n<\/th>\n<\/tr>\n<\/thead>\n<tbody class=\"mdc-data-table__content\" role=\"rowgroup\">\n<tr class=\"mat-mdc-row mdc-data-table__row cdk-row ng-star-inserted\" tabindex=\"0\" role=\"row\">\n<td class=\"mat-mdc-cell mdc-data-table__cell cdk-cell cdk-column-linkageTarget mat-column-linkageTarget ng-star-inserted\" role=\"cell\"><\/td>\n<td class=\"mat-mdc-cell mdc-data-table__cell cdk-cell cdk-column-name mat-column-name ng-star-inserted\" role=\"cell\">2.4<\/td>\n<td class=\"mat-mdc-cell mdc-data-table__cell cdk-cell cdk-column-constructionYears mat-column-constructionYears ng-star-inserted\" role=\"cell\">02.2000 &#8211; 12.2008<\/td>\n<td class=\"mat-mdc-cell mdc-data-table__cell cdk-cell cdk-column-enginePowerKW mat-column-enginePowerKW ng-star-inserted\" role=\"cell\">108<\/td>\n<td class=\"mat-mdc-cell mdc-data-table__cell cdk-cell cdk-column-enginePowerHP mat-column-enginePowerHP ng-star-inserted\" role=\"cell\">147<\/td>\n<td class=\"mat-mdc-cell mdc-data-table__cell cdk-cell cdk-column-displacementCCM mat-column-displacementCCM ng-star-inserted\" role=\"cell\">2429<\/td>\n<td class=\"mat-mdc-cell mdc-data-table__cell cdk-cell cdk-column-engineCodes mat-column-engineCodes ng-star-inserted\" role=\"cell\">\n<div class=\"saam-cell--line-clamp ng-star-inserted\"><span class=\"csv ng-star-inserted\">EDZ<\/span><\/div>\n<\/td>\n<td class=\"mat-mdc-cell mdc-data-table__cell cdk-cell cdk-column-kbaNumbers mat-column-kbaNumbers ng-star-inserted\" role=\"cell\">\n<div class=\"saam-cell--line-clamp ng-star-inserted\"><span class=\"csv ng-star-inserted\">1004531\u00a0<\/span><span class=\"csv ng-star-inserted\">1004ABD<\/span><\/div>\n<\/td>\n<\/tr>\n<tr class=\"mat-mdc-row mdc-data-table__row cdk-row ng-star-inserted\" tabindex=\"0\" role=\"row\">\n<td class=\"mat-mdc-cell mdc-data-table__cell cdk-cell cdk-column-linkageTarget mat-column-linkageTarget ng-star-inserted\" role=\"cell\"><\/td>\n<td class=\"mat-mdc-cell mdc-data-table__cell cdk-cell cdk-column-name mat-column-name ng-star-inserted\" role=\"cell\">2.4<\/td>\n<td class=\"mat-mdc-cell mdc-data-table__cell cdk-cell cdk-column-constructionYears mat-column-constructionYears ng-star-inserted\" role=\"cell\">04.2003 &#8211; 12.2007<\/td>\n<td class=\"mat-mdc-cell mdc-data-table__cell cdk-cell cdk-column-enginePowerKW mat-column-enginePowerKW ng-star-inserted\" role=\"cell\">111<\/td>\n<td class=\"mat-mdc-cell mdc-data-table__cell cdk-cell cdk-column-enginePowerHP mat-column-enginePowerHP ng-star-inserted\" role=\"cell\">151<\/td>\n<td class=\"mat-mdc-cell mdc-data-table__cell cdk-cell cdk-column-displacementCCM mat-column-displacementCCM ng-star-inserted\" role=\"cell\">2429<\/td>\n<td class=\"mat-mdc-cell mdc-data-table__cell cdk-cell cdk-column-engineCodes mat-column-engineCodes ng-star-inserted\" role=\"cell\">\n<div class=\"saam-cell--line-clamp ng-star-inserted\"><span class=\"csv ng-star-inserted\">EDZ<\/span><\/div>\n<\/td>\n<td class=\"mat-mdc-cell mdc-data-table__cell cdk-cell cdk-column-kbaNumbers mat-column-kbaNumbers ng-star-inserted\" role=\"cell\">\n<div class=\"saam-cell--line-clamp ng-star-inserted\"><\/div>\n<\/td>\n<\/tr>\n<\/tbody>\n<\/table>\n<\/div>\n<div><\/div>\n<div class=\"node-name\"><strong>DODGE<span class=\"mat-content ng-tns-c274-167192 mat-content-hide-toggle\"> A\/C Klima Kompres\u00f6r Soketi<\/span><\/strong><\/div>\n<div class=\"node-name\">CARAVAN (RG_)<span class=\"mat-content ng-tns-c274-167192 mat-content-hide-toggle\"> A\/C Klima Kompres\u00f6r Soketi<\/span><\/div>\n<div class=\"linkage-target-data-table linkage-target-data-table--passengerCar ng-star-inserted\">\n<table class=\"mat-mdc-table mdc-data-table__table cdk-table mat-sort vehicle-table ng-star-inserted\" role=\"table\" aria-label=\"Linkage Target Data Table\">\n<thead role=\"rowgroup\">\n<tr class=\"mat-mdc-header-row mdc-data-table__header-row cdk-header-row ng-star-inserted\" role=\"row\">\n<th class=\"mat-sort-header mat-mdc-header-cell mdc-data-table__header-cell cdk-header-cell ng-tns-c296-167219 cdk-column-linkageTarget mat-column-linkageTarget mat-sort-header-disabled ng-star-inserted mat-mdc-table-sticky mat-mdc-table-sticky-border-elem-top\" role=\"columnheader\" scope=\"col\" aria-sort=\"none\">\n<div class=\"mat-sort-header-container mat-focus-indicator ng-tns-c296-167219\" aria-describedby=\"cdk-describedby-message-rxpApp-1-2\">\n<div class=\"mat-sort-header-content ng-tns-c296-167219\">Bilgi<\/div>\n<\/div>\n<\/th>\n<th class=\"mat-sort-header mat-mdc-header-cell mdc-data-table__header-cell cdk-header-cell ng-tns-c296-167220 cdk-column-name mat-column-name ng-star-inserted mat-mdc-table-sticky mat-mdc-table-sticky-border-elem-top\" role=\"columnheader\" scope=\"col\" aria-sort=\"none\">\n<div class=\"mat-sort-header-container mat-focus-indicator ng-tns-c296-167220\" tabindex=\"0\" role=\"button\" aria-describedby=\"cdk-describedby-message-rxpApp-1-2\">\n<div class=\"mat-sort-header-content ng-tns-c296-167220\">Tip<\/div>\n<div class=\"mat-sort-header-arrow ng-trigger ng-trigger-arrowPosition ng-tns-c296-167220 ng-star-inserted\">\n<div class=\"mat-sort-header-stem ng-tns-c296-167220\"><\/div>\n<div class=\"mat-sort-header-indicator ng-tns-c296-167220 ng-trigger ng-trigger-indicator\">\n<div class=\"mat-sort-header-pointer-left ng-tns-c296-167220 ng-trigger ng-trigger-leftPointer\"><\/div>\n<div class=\"mat-sort-header-pointer-right ng-tns-c296-167220 ng-trigger ng-trigger-rightPointer\"><\/div>\n<div class=\"mat-sort-header-pointer-middle ng-tns-c296-167220\"><\/div>\n<\/div>\n<\/div>\n<\/div>\n<\/th>\n<th class=\"mat-sort-header mat-mdc-header-cell mdc-data-table__header-cell cdk-header-cell ng-tns-c296-167221 cdk-column-constructionYears mat-column-constructionYears ng-star-inserted mat-mdc-table-sticky mat-mdc-table-sticky-border-elem-top\" role=\"columnheader\" scope=\"col\" aria-sort=\"none\">\n<div class=\"mat-sort-header-container mat-focus-indicator ng-tns-c296-167221\" tabindex=\"0\" role=\"button\" aria-describedby=\"cdk-describedby-message-rxpApp-1-2\">\n<div class=\"mat-sort-header-content ng-tns-c296-167221\">\u00dcretim y\u0131l\u0131<\/div>\n<div class=\"mat-sort-header-arrow ng-trigger ng-trigger-arrowPosition ng-tns-c296-167221 ng-star-inserted\">\n<div class=\"mat-sort-header-stem ng-tns-c296-167221\"><\/div>\n<div class=\"mat-sort-header-indicator ng-tns-c296-167221 ng-trigger ng-trigger-indicator\">\n<div class=\"mat-sort-header-pointer-left ng-tns-c296-167221 ng-trigger ng-trigger-leftPointer\"><\/div>\n<div class=\"mat-sort-header-pointer-right ng-tns-c296-167221 ng-trigger ng-trigger-rightPointer\"><\/div>\n<div class=\"mat-sort-header-pointer-middle ng-tns-c296-167221\"><\/div>\n<\/div>\n<\/div>\n<\/div>\n<\/th>\n<th class=\"mat-sort-header mat-mdc-header-cell mdc-data-table__header-cell cdk-header-cell ng-tns-c296-167222 cdk-column-enginePowerKW mat-column-enginePowerKW ng-star-inserted mat-mdc-table-sticky mat-mdc-table-sticky-border-elem-top\" role=\"columnheader\" scope=\"col\" aria-sort=\"none\">\n<div class=\"mat-sort-header-container mat-focus-indicator ng-tns-c296-167222\" tabindex=\"0\" role=\"button\" aria-describedby=\"cdk-describedby-message-rxpApp-1-2\">\n<div class=\"mat-sort-header-content ng-tns-c296-167222\">kW<\/div>\n<div class=\"mat-sort-header-arrow ng-trigger ng-trigger-arrowPosition ng-tns-c296-167222 ng-star-inserted\">\n<div class=\"mat-sort-header-stem ng-tns-c296-167222\"><\/div>\n<div class=\"mat-sort-header-indicator ng-tns-c296-167222 ng-trigger ng-trigger-indicator\">\n<div class=\"mat-sort-header-pointer-left ng-tns-c296-167222 ng-trigger ng-trigger-leftPointer\"><\/div>\n<div class=\"mat-sort-header-pointer-right ng-tns-c296-167222 ng-trigger ng-trigger-rightPointer\"><\/div>\n<div class=\"mat-sort-header-pointer-middle ng-tns-c296-167222\"><\/div>\n<\/div>\n<\/div>\n<\/div>\n<\/th>\n<th class=\"mat-sort-header mat-mdc-header-cell mdc-data-table__header-cell cdk-header-cell ng-tns-c296-167223 cdk-column-enginePowerHP mat-column-enginePowerHP ng-star-inserted mat-mdc-table-sticky mat-mdc-table-sticky-border-elem-top\" role=\"columnheader\" scope=\"col\" aria-sort=\"none\">\n<div class=\"mat-sort-header-container mat-focus-indicator ng-tns-c296-167223\" tabindex=\"0\" role=\"button\" aria-describedby=\"cdk-describedby-message-rxpApp-1-2\">\n<div class=\"mat-sort-header-content ng-tns-c296-167223\">Beygir g\u00fcc\u00fc<\/div>\n<div class=\"mat-sort-header-arrow ng-trigger ng-trigger-arrowPosition ng-tns-c296-167223 ng-star-inserted\">\n<div class=\"mat-sort-header-stem ng-tns-c296-167223\"><\/div>\n<div class=\"mat-sort-header-indicator ng-tns-c296-167223 ng-trigger ng-trigger-indicator\">\n<div class=\"mat-sort-header-pointer-left ng-tns-c296-167223 ng-trigger ng-trigger-leftPointer\"><\/div>\n<div class=\"mat-sort-header-pointer-right ng-tns-c296-167223 ng-trigger ng-trigger-rightPointer\"><\/div>\n<div class=\"mat-sort-header-pointer-middle ng-tns-c296-167223\"><\/div>\n<\/div>\n<\/div>\n<\/div>\n<\/th>\n<th class=\"mat-sort-header mat-mdc-header-cell mdc-data-table__header-cell cdk-header-cell ng-tns-c296-167224 cdk-column-displacementCCM mat-column-displacementCCM ng-star-inserted mat-mdc-table-sticky mat-mdc-table-sticky-border-elem-top\" role=\"columnheader\" scope=\"col\" aria-sort=\"none\">\n<div class=\"mat-sort-header-container mat-focus-indicator ng-tns-c296-167224\" tabindex=\"0\" role=\"button\" aria-describedby=\"cdk-describedby-message-rxpApp-1-2\">\n<div class=\"mat-sort-header-content ng-tns-c296-167224\">cc<\/div>\n<div class=\"mat-sort-header-arrow ng-trigger ng-trigger-arrowPosition ng-tns-c296-167224 ng-star-inserted\">\n<div class=\"mat-sort-header-stem ng-tns-c296-167224\"><\/div>\n<div class=\"mat-sort-header-indicator ng-tns-c296-167224 ng-trigger ng-trigger-indicator\">\n<div class=\"mat-sort-header-pointer-left ng-tns-c296-167224 ng-trigger ng-trigger-leftPointer\"><\/div>\n<div class=\"mat-sort-header-pointer-right ng-tns-c296-167224 ng-trigger ng-trigger-rightPointer\"><\/div>\n<div class=\"mat-sort-header-pointer-middle ng-tns-c296-167224\"><\/div>\n<\/div>\n<\/div>\n<\/div>\n<\/th>\n<th class=\"mat-sort-header mat-mdc-header-cell mdc-data-table__header-cell cdk-header-cell ng-tns-c296-167225 cdk-column-engineCodes mat-column-engineCodes ng-star-inserted mat-mdc-table-sticky mat-mdc-table-sticky-border-elem-top\" role=\"columnheader\" scope=\"col\" aria-sort=\"none\">\n<div class=\"mat-sort-header-container mat-focus-indicator ng-tns-c296-167225\" tabindex=\"0\" role=\"button\" aria-describedby=\"cdk-describedby-message-rxpApp-1-2\">\n<div class=\"mat-sort-header-content ng-tns-c296-167225\">Motor kodu\/kodlar\u0131<\/div>\n<div class=\"mat-sort-header-arrow ng-trigger ng-trigger-arrowPosition ng-tns-c296-167225 ng-star-inserted\">\n<div class=\"mat-sort-header-stem ng-tns-c296-167225\"><\/div>\n<div class=\"mat-sort-header-indicator ng-tns-c296-167225 ng-trigger ng-trigger-indicator\">\n<div class=\"mat-sort-header-pointer-left ng-tns-c296-167225 ng-trigger ng-trigger-leftPointer\"><\/div>\n<div class=\"mat-sort-header-pointer-right ng-tns-c296-167225 ng-trigger ng-trigger-rightPointer\"><\/div>\n<div class=\"mat-sort-header-pointer-middle ng-tns-c296-167225\"><\/div>\n<\/div>\n<\/div>\n<\/div>\n<\/th>\n<th class=\"mat-sort-header mat-mdc-header-cell mdc-data-table__header-cell cdk-header-cell ng-tns-c296-167226 cdk-column-kbaNumbers mat-column-kbaNumbers ng-star-inserted mat-mdc-table-sticky mat-mdc-table-sticky-border-elem-top\" role=\"columnheader\" scope=\"col\" aria-sort=\"none\">\n<div class=\"mat-sort-header-container mat-focus-indicator ng-tns-c296-167226\" tabindex=\"0\" role=\"button\" aria-describedby=\"cdk-describedby-message-rxpApp-1-2\">\n<div class=\"mat-sort-header-content ng-tns-c296-167226\">KBA numaras\u0131 (Almanya)<\/div>\n<div class=\"mat-sort-header-arrow ng-trigger ng-trigger-arrowPosition ng-tns-c296-167226 ng-star-inserted\">\n<div class=\"mat-sort-header-stem ng-tns-c296-167226\"><\/div>\n<div class=\"mat-sort-header-indicator ng-tns-c296-167226 ng-trigger ng-trigger-indicator\">\n<div class=\"mat-sort-header-pointer-left ng-tns-c296-167226 ng-trigger ng-trigger-leftPointer\"><\/div>\n<div class=\"mat-sort-header-pointer-right ng-tns-c296-167226 ng-trigger ng-trigger-rightPointer\"><\/div>\n<div class=\"mat-sort-header-pointer-middle ng-tns-c296-167226\"><\/div>\n<\/div>\n<\/div>\n<\/div>\n<\/th>\n<\/tr>\n<\/thead>\n<tbody class=\"mdc-data-table__content\" role=\"rowgroup\">\n<tr class=\"mat-mdc-row mdc-data-table__row cdk-row ng-star-inserted\" tabindex=\"0\" role=\"row\">\n<td class=\"mat-mdc-cell mdc-data-table__cell cdk-cell cdk-column-linkageTarget mat-column-linkageTarget ng-star-inserted\" role=\"cell\"><\/td>\n<td class=\"mat-mdc-cell mdc-data-table__cell cdk-cell cdk-column-name mat-column-name ng-star-inserted\" role=\"cell\">2.4<\/td>\n<td class=\"mat-mdc-cell mdc-data-table__cell cdk-cell cdk-column-constructionYears mat-column-constructionYears ng-star-inserted\" role=\"cell\">02.2000 &#8211; 12.2007<\/td>\n<td class=\"mat-mdc-cell mdc-data-table__cell cdk-cell cdk-column-enginePowerKW mat-column-enginePowerKW ng-star-inserted\" role=\"cell\">112<\/td>\n<td class=\"mat-mdc-cell mdc-data-table__cell cdk-cell cdk-column-enginePowerHP mat-column-enginePowerHP ng-star-inserted\" role=\"cell\">152<\/td>\n<td class=\"mat-mdc-cell mdc-data-table__cell cdk-cell cdk-column-displacementCCM mat-column-displacementCCM ng-star-inserted\" role=\"cell\">2429<\/td>\n<td class=\"mat-mdc-cell mdc-data-table__cell cdk-cell cdk-column-engineCodes mat-column-engineCodes ng-star-inserted\" role=\"cell\">\n<div class=\"saam-cell--line-clamp ng-star-inserted\"><span class=\"csv ng-star-inserted\">EDZ<\/span><\/div>\n<\/td>\n<td class=\"mat-mdc-cell mdc-data-table__cell cdk-cell cdk-column-kbaNumbers mat-column-kbaNumbers ng-star-inserted\" role=\"cell\">\n<div class=\"saam-cell--line-clamp ng-star-inserted\"><\/div>\n<\/td>\n<\/tr>\n<\/tbody>\n<\/table>\n<\/div>\n<\/div>\n<\/div>\n<\/div>\n<p>________________________________________________________________________________________________________________________________________________________<\/p>\n","protected":false},"excerpt":{"rendered":"<ul>\n<li><strong>A\/C Klima Kompres\u00f6r Soketi<\/strong><\/li>\n<\/ul>\n","protected":false},"featured_media":63051,"template":"","meta":[],"product_brand":[],"product_cat":[91,155,187],"product_tag":[],"class_list":{"0":"post-60571","1":"product","2":"type-product","3":"status-publish","4":"has-post-thumbnail","6":"product_cat-2-kablolu-soketler","7":"product_cat-chrysler","8":"product_cat-dodge","10":"first","11":"instock","12":"taxable","13":"shipping-taxable","14":"purchasable","15":"product-type-simple"},"_links":{"self":[{"href":"https:\/\/otosoket.com\/index.php\/wp-json\/wp\/v2\/product\/60571","targetHints":{"allow":["GET"]}}],"collection":[{"href":"https:\/\/otosoket.com\/index.php\/wp-json\/wp\/v2\/product"}],"about":[{"href":"https:\/\/otosoket.com\/index.php\/wp-json\/wp\/v2\/types\/product"}],"wp:featuredmedia":[{"embeddable":true,"href":"https:\/\/otosoket.com\/index.php\/wp-json\/wp\/v2\/media\/63051"}],"wp:attachment":[{"href":"https:\/\/otosoket.com\/index.php\/wp-json\/wp\/v2\/media?parent=60571"}],"wp:term":[{"taxonomy":"product_brand","embeddable":true,"href":"https:\/\/otosoket.com\/index.php\/wp-json\/wp\/v2\/product_brand?post=60571"},{"taxonomy":"product_cat","embeddable":true,"href":"https:\/\/otosoket.com\/index.php\/wp-json\/wp\/v2\/product_cat?post=60571"},{"taxonomy":"product_tag","embeddable":true,"href":"https:\/\/otosoket.com\/index.php\/wp-json\/wp\/v2\/product_tag?post=60571"}],"curies":[{"name":"wp","href":"https:\/\/api.w.org\/{rel}","templated":true}]}}