{"id":60575,"date":"2025-07-01T06:28:15","date_gmt":"2025-07-01T06:28:15","guid":{"rendered":"https:\/\/otosoket.com\/?post_type=product&#038;p=60575"},"modified":"2026-03-11T07:54:57","modified_gmt":"2026-03-11T07:54:57","slug":"3k002-a","status":"publish","type":"product","link":"https:\/\/otosoket.com\/index.php\/product\/3k002-a\/","title":{"rendered":"3K002 A"},"content":{"rendered":"<p>________________________________________________________________________________________________________________________________________________________<\/p>\n<p><strong>OEM <\/strong><span class=\"mat-content ng-tns-c274-171826 mat-content-hide-toggle\"><strong>ABS&amp;Teker Devir Say\u0131s\u0131 Sens\u00f6r\u00fc Soketi :<\/strong>\u00a0<\/span> <span style=\"color: #ffffff;\">4026736487485\/4026736487485\/12110293 \/12129615\u00a0<\/span><\/p>\n<ul>\n<li><span class=\"mat-content ng-tns-c274-171826 mat-content-hide-toggle\">FORD ABS&amp;Teker Devir Say\u0131s\u0131 Sens\u00f6r\u00fc Soketi\u00a0 <\/span><span style=\"color: #ffffff;\"><span class=\"mdc-list-item__content\"><span class=\"mat-mdc-list-item-unscoped-content mdc-list-item__primary-text\">3U2Z-14S411-UNA\/<\/span><\/span>WPT-763<\/span><\/li>\n<li>OPEL <span class=\"mat-content ng-tns-c274-171826 mat-content-hide-toggle\">ABS&amp;Teker Devir Say\u0131s\u0131 Sens\u00f6r\u00fc Soketi <\/span><span style=\"color: #ffffff;\"><span class=\"mdc-list-item__content\"><span class=\"mat-mdc-list-item-unscoped-content mdc-list-item__primary-text\">012117025\/<\/span><\/span>06295281\/12117025\/6295281<\/span><\/li>\n<\/ul>\n<p>________________________________________________________________________________________________________________________________________________________<\/p>\n<p>&nbsp;<\/p>\n<p>________________________________________________________________________________________________________________________________________________________<\/p>\n","protected":false},"excerpt":{"rendered":"<ul>\n<li><strong><span class=\"mat-content ng-tns-c274-171826 mat-content-hide-toggle\">ABS&amp;Teker Devir Say\u0131s\u0131 Sens\u00f6r\u00fc Soketi<\/span><\/strong><\/li>\n<li><strong>S\u0131cakl\u0131k Sens\u00f6r\u00fc Soketi<\/strong><\/li>\n<\/ul>\n","protected":false},"featured_media":63099,"template":"","meta":[],"product_brand":[],"product_cat":[92,106,115],"product_tag":[],"class_list":{"0":"post-60575","1":"product","2":"type-product","3":"status-publish","4":"has-post-thumbnail","6":"product_cat-3-kablolu-soketler","7":"product_cat-ford","8":"product_cat-opel","10":"first","11":"instock","12":"taxable","13":"shipping-taxable","14":"purchasable","15":"product-type-simple"},"_links":{"self":[{"href":"https:\/\/otosoket.com\/index.php\/wp-json\/wp\/v2\/product\/60575","targetHints":{"allow":["GET"]}}],"collection":[{"href":"https:\/\/otosoket.com\/index.php\/wp-json\/wp\/v2\/product"}],"about":[{"href":"https:\/\/otosoket.com\/index.php\/wp-json\/wp\/v2\/types\/product"}],"wp:featuredmedia":[{"embeddable":true,"href":"https:\/\/otosoket.com\/index.php\/wp-json\/wp\/v2\/media\/63099"}],"wp:attachment":[{"href":"https:\/\/otosoket.com\/index.php\/wp-json\/wp\/v2\/media?parent=60575"}],"wp:term":[{"taxonomy":"product_brand","embeddable":true,"href":"https:\/\/otosoket.com\/index.php\/wp-json\/wp\/v2\/product_brand?post=60575"},{"taxonomy":"product_cat","embeddable":true,"href":"https:\/\/otosoket.com\/index.php\/wp-json\/wp\/v2\/product_cat?post=60575"},{"taxonomy":"product_tag","embeddable":true,"href":"https:\/\/otosoket.com\/index.php\/wp-json\/wp\/v2\/product_tag?post=60575"}],"curies":[{"name":"wp","href":"https:\/\/api.w.org\/{rel}","templated":true}]}}