{"id":60587,"date":"2025-07-01T06:34:50","date_gmt":"2025-07-01T06:34:50","guid":{"rendered":"https:\/\/otosoket.com\/?post_type=product&#038;p=60587"},"modified":"2026-03-11T10:04:52","modified_gmt":"2026-03-11T10:04:52","slug":"3k066-b","status":"publish","type":"product","link":"https:\/\/otosoket.com\/index.php\/product\/3k066-b\/","title":{"rendered":"3K066 B"},"content":{"rendered":"<p>________________________________________________________________________________________________________________________________________________________<\/p>\n<p><strong>OEM Yak\u0131t Bas\u0131n\u00e7 Sens\u00f6r\u00fc Soketi\u00a0:<\/strong>\u00a0 <span style=\"color: #ffffff;\"><span class=\"a-size-large product-title-word-break\"><span dir=\"auto\">13511996\/<\/span><\/span>13577429 SE1004S FA0001 13507129 1425104421<\/span><\/p>\n<ul>\n<li>Chevrolet Yak\u0131t Bas\u0131n\u00e7 Sens\u00f6r\u00fc Soketi<\/li>\n<li>GMC Yak\u0131t Bas\u0131n\u00e7 Sens\u00f6r\u00fc Soketi<\/li>\n<\/ul>\n<p>________________________________________________________________________________________________________________________________________________________<\/p>\n<p>&nbsp;<\/p>\n<p>&nbsp;<\/p>\n<p>________________________________________________________________________________________________________________________________________________________<\/p>\n","protected":false},"excerpt":{"rendered":"<ul>\n<li><strong>Yak\u0131t Bas\u0131n\u00e7 Sens\u00f6r\u00fc Soketi<\/strong><\/li>\n<\/ul>\n","protected":false},"featured_media":63215,"template":"","meta":[],"product_brand":[],"product_cat":[92,178,179],"product_tag":[],"class_list":{"0":"post-60587","1":"product","2":"type-product","3":"status-publish","4":"has-post-thumbnail","6":"product_cat-3-kablolu-soketler","7":"product_cat-chevrolet","8":"product_cat-gmc","10":"first","11":"instock","12":"taxable","13":"shipping-taxable","14":"purchasable","15":"product-type-simple"},"_links":{"self":[{"href":"https:\/\/otosoket.com\/index.php\/wp-json\/wp\/v2\/product\/60587","targetHints":{"allow":["GET"]}}],"collection":[{"href":"https:\/\/otosoket.com\/index.php\/wp-json\/wp\/v2\/product"}],"about":[{"href":"https:\/\/otosoket.com\/index.php\/wp-json\/wp\/v2\/types\/product"}],"wp:featuredmedia":[{"embeddable":true,"href":"https:\/\/otosoket.com\/index.php\/wp-json\/wp\/v2\/media\/63215"}],"wp:attachment":[{"href":"https:\/\/otosoket.com\/index.php\/wp-json\/wp\/v2\/media?parent=60587"}],"wp:term":[{"taxonomy":"product_brand","embeddable":true,"href":"https:\/\/otosoket.com\/index.php\/wp-json\/wp\/v2\/product_brand?post=60587"},{"taxonomy":"product_cat","embeddable":true,"href":"https:\/\/otosoket.com\/index.php\/wp-json\/wp\/v2\/product_cat?post=60587"},{"taxonomy":"product_tag","embeddable":true,"href":"https:\/\/otosoket.com\/index.php\/wp-json\/wp\/v2\/product_tag?post=60587"}],"curies":[{"name":"wp","href":"https:\/\/api.w.org\/{rel}","templated":true}]}}