{"id":60590,"date":"2025-07-01T06:36:23","date_gmt":"2025-07-01T06:36:23","guid":{"rendered":"https:\/\/otosoket.com\/?post_type=product&#038;p=60590"},"modified":"2026-03-11T10:05:20","modified_gmt":"2026-03-11T10:05:20","slug":"3k069","status":"publish","type":"product","link":"https:\/\/otosoket.com\/index.php\/product\/3k069\/","title":{"rendered":"3K069"},"content":{"rendered":"<p>________________________________________________________________________________________________________________________________________________________<\/p>\n<p><strong>OEM <\/strong><strong>Hava Beslemesi R\u00f6lanti Ayar Valfi Soketi <\/strong><strong>:<\/strong> <span style=\"color: #ffffff;\">90980-11145\/DS-BN-3F-GR\/6248-5317 6248-5316 DS-BN-3F-GR\/ 1JZ-GTE 2JZ-GTE MG644554-4 90980-11143\/6936075938419<\/span><\/p>\n<ul>\n<li><span style=\"color: #000000;\">Lexus H\u0131z Sens\u00f6r\u00fc Soketi <span style=\"color: #ffffff;\">90980-11145 \/222700D020 \/2227016090 \/<\/span><\/span><\/li>\n<li><span style=\"color: #000000;\">Toyota H\u0131z Sens\u00f6r\u00fc Soketi <span style=\"color: #ffffff;\">1368001060\/ 22270-0D040, 22270-22060, 222700D040, 2227022060,<\/span><\/span><\/li>\n<\/ul>\n<p>________________________________________________________________________________________________________________________________________________________<\/p>\n<p>TOYOTA <strong>Hava Beslemesi R\u00f6lanti Ayar Valfi Soketi<\/strong><\/p>\n<p>Corolla Hava Beslemesi R\u00f6lanti Ayar Valfi Soketi<\/p>\n<p>________________________________________________________________________________________________________________________________________________________<\/p>\n","protected":false},"excerpt":{"rendered":"<ul>\n<li><strong>Hava Beslemesi R\u00f6lanti Ayar Valfi Soketi<\/strong><\/li>\n<\/ul>\n","protected":false},"featured_media":63218,"template":"","meta":[],"product_brand":[],"product_cat":[92],"product_tag":[],"class_list":{"0":"post-60590","1":"product","2":"type-product","3":"status-publish","4":"has-post-thumbnail","6":"product_cat-3-kablolu-soketler","8":"first","9":"instock","10":"taxable","11":"shipping-taxable","12":"purchasable","13":"product-type-simple"},"_links":{"self":[{"href":"https:\/\/otosoket.com\/index.php\/wp-json\/wp\/v2\/product\/60590","targetHints":{"allow":["GET"]}}],"collection":[{"href":"https:\/\/otosoket.com\/index.php\/wp-json\/wp\/v2\/product"}],"about":[{"href":"https:\/\/otosoket.com\/index.php\/wp-json\/wp\/v2\/types\/product"}],"wp:featuredmedia":[{"embeddable":true,"href":"https:\/\/otosoket.com\/index.php\/wp-json\/wp\/v2\/media\/63218"}],"wp:attachment":[{"href":"https:\/\/otosoket.com\/index.php\/wp-json\/wp\/v2\/media?parent=60590"}],"wp:term":[{"taxonomy":"product_brand","embeddable":true,"href":"https:\/\/otosoket.com\/index.php\/wp-json\/wp\/v2\/product_brand?post=60590"},{"taxonomy":"product_cat","embeddable":true,"href":"https:\/\/otosoket.com\/index.php\/wp-json\/wp\/v2\/product_cat?post=60590"},{"taxonomy":"product_tag","embeddable":true,"href":"https:\/\/otosoket.com\/index.php\/wp-json\/wp\/v2\/product_tag?post=60590"}],"curies":[{"name":"wp","href":"https:\/\/api.w.org\/{rel}","templated":true}]}}