{"id":60614,"date":"2025-07-01T07:09:23","date_gmt":"2025-07-01T07:09:23","guid":{"rendered":"https:\/\/otosoket.com\/?post_type=product&#038;p=60614"},"modified":"2026-03-11T12:46:44","modified_gmt":"2026-03-11T12:46:44","slug":"4k058","status":"publish","type":"product","link":"https:\/\/otosoket.com\/index.php\/product\/4k058\/","title":{"rendered":"4K058"},"content":{"rendered":"<p>________________________________________________________________________________________________________________________________________________________<\/p>\n<p><strong>\u00a0OEM \u00a0Direksiyon Elektronik G\u00fc\u00e7 Pompas\u0131 Soketi:<\/strong> <span style=\"color: #ffffff;\">90980-12495\/6189-1231\/<\/span><\/p>\n<ul>\n<li>Toyota Direksiyon Elektronik G\u00fc\u00e7 Pompas\u0131 Soketi<\/li>\n<\/ul>\n<p>________________________________________________________________________________________________________________________________________________________<\/p>\n<p>&nbsp;<\/p>\n<p>________________________________________________________________________________________________________________________________________________________<\/p>\n<p>&nbsp;<\/p>\n","protected":false},"excerpt":{"rendered":"<ul>\n<li><strong>Direksiyon Elektronik G\u00fc\u00e7 Pompas\u0131 Soketi<\/strong><\/li>\n<\/ul>\n","protected":false},"featured_media":63341,"template":"","meta":[],"product_brand":[],"product_cat":[93,112],"product_tag":[],"class_list":{"0":"post-60614","1":"product","2":"type-product","3":"status-publish","4":"has-post-thumbnail","6":"product_cat-4-kablolu-soketler","7":"product_cat-toyota","9":"first","10":"instock","11":"taxable","12":"shipping-taxable","13":"purchasable","14":"product-type-simple"},"_links":{"self":[{"href":"https:\/\/otosoket.com\/index.php\/wp-json\/wp\/v2\/product\/60614","targetHints":{"allow":["GET"]}}],"collection":[{"href":"https:\/\/otosoket.com\/index.php\/wp-json\/wp\/v2\/product"}],"about":[{"href":"https:\/\/otosoket.com\/index.php\/wp-json\/wp\/v2\/types\/product"}],"wp:featuredmedia":[{"embeddable":true,"href":"https:\/\/otosoket.com\/index.php\/wp-json\/wp\/v2\/media\/63341"}],"wp:attachment":[{"href":"https:\/\/otosoket.com\/index.php\/wp-json\/wp\/v2\/media?parent=60614"}],"wp:term":[{"taxonomy":"product_brand","embeddable":true,"href":"https:\/\/otosoket.com\/index.php\/wp-json\/wp\/v2\/product_brand?post=60614"},{"taxonomy":"product_cat","embeddable":true,"href":"https:\/\/otosoket.com\/index.php\/wp-json\/wp\/v2\/product_cat?post=60614"},{"taxonomy":"product_tag","embeddable":true,"href":"https:\/\/otosoket.com\/index.php\/wp-json\/wp\/v2\/product_tag?post=60614"}],"curies":[{"name":"wp","href":"https:\/\/api.w.org\/{rel}","templated":true}]}}