{"id":60623,"date":"2025-07-01T07:27:00","date_gmt":"2025-07-01T07:27:00","guid":{"rendered":"https:\/\/otosoket.com\/?post_type=product&#038;p=60623"},"modified":"2026-03-11T12:47:36","modified_gmt":"2026-03-11T12:47:36","slug":"4k064-a","status":"publish","type":"product","link":"https:\/\/otosoket.com\/index.php\/product\/4k064-a\/","title":{"rendered":"4K064 A"},"content":{"rendered":"<p>________________________________________________________________________________________________________________________________________________________<\/p>\n<p><strong>OEM Lambda&amp;Oksijen Sens\u00f6r\u00fc Soketi :\u00a0\u00a0<\/strong><span style=\"color: #ffffff;\">8012510068809\/8012510268803\/8012510168806\/5710476403018\/8053379821136\/087295902967\/5012759708460<\/span><\/p>\n<p><span class=\"mat-content ng-tns-c267-15640 mat-content-hide-toggle\">FORD Lambda&amp;Oksijen Sens\u00f6r\u00fc Soketi <\/span><span style=\"color: #ffffff;\"><span class=\"mdc-list-item__content\"><span class=\"mat-mdc-list-item-unscoped-content mdc-list-item__primary-text\">1 788 457\/<\/span><\/span>CV1A-9F472-AA\/<span class=\"mdc-list-item__content\"><span class=\"mat-mdc-list-item-unscoped-content mdc-list-item__primary-text\">DY1291\/<\/span><\/span><span class=\"mdc-list-item__content\"><span class=\"mat-mdc-list-item-unscoped-content mdc-list-item__primary-text\">E3B59G444AA\/<\/span><\/span><span class=\"mdc-list-item__content\"><span class=\"mat-mdc-list-item-unscoped-content mdc-list-item__primary-text\">FL3A9G444AA\/<\/span><\/span><span class=\"mdc-list-item__content\"><span class=\"mat-mdc-list-item-unscoped-content mdc-list-item__primary-text\">FL3Z9G444A\/<\/span><\/span><span class=\"mdc-list-item__content\"><span class=\"mat-mdc-list-item-unscoped-content mdc-list-item__primary-text\">FL3Z9G444E\/<\/span><\/span><span class=\"mdc-list-item__content\"><span class=\"mat-mdc-list-item-unscoped-content mdc-list-item__primary-text\">FR3Z9G444A\/<\/span><\/span><span class=\"mdc-list-item__content\"><span class=\"mat-mdc-list-item-unscoped-content mdc-list-item__primary-text\">GK4Z9G444B<\/span><\/span><\/span><\/p>\n<p>________________________________________________________________________________________________________________________________________________________<\/p>\n<div class=\"node-name\"><strong>FORD<span class=\"mat-content ng-tns-c267-15640 mat-content-hide-toggle\"> Lambda&amp;Oksijen Sens\u00f6r\u00fc Soketi <\/span><\/strong><\/div>\n<div class=\"node-name\">ECOSPORT<span class=\"mat-content ng-tns-c267-15640 mat-content-hide-toggle\"> Lambda&amp;Oksijen Sens\u00f6r\u00fc Soketi <\/span><\/div>\n<div class=\"linkage-target-data-table linkage-target-data-table--passengerCar ng-star-inserted\">\n<table class=\"mat-mdc-table mdc-data-table__table cdk-table mat-sort vehicle-table ng-star-inserted\" role=\"table\" aria-label=\"Linkage Target Data Table\">\n<thead role=\"rowgroup\">\n<tr class=\"mat-mdc-header-row mdc-data-table__header-row cdk-header-row ng-star-inserted\" role=\"row\">\n<th class=\"mat-sort-header mat-mdc-header-cell mdc-data-table__header-cell cdk-header-cell ng-tns-c289-15657 cdk-column-linkageTarget mat-column-linkageTarget mat-sort-header-disabled ng-star-inserted mat-mdc-table-sticky mat-mdc-table-sticky-border-elem-top\" role=\"columnheader\" scope=\"col\" aria-sort=\"none\">\n<div class=\"mat-sort-header-container mat-focus-indicator ng-tns-c289-15657\" aria-describedby=\"cdk-describedby-message-rxpApp-1-2\">\n<div class=\"mat-sort-header-content ng-tns-c289-15657\">Bilgi<\/div>\n<\/div>\n<\/th>\n<th class=\"mat-sort-header mat-mdc-header-cell mdc-data-table__header-cell cdk-header-cell ng-tns-c289-15658 cdk-column-name mat-column-name ng-star-inserted mat-mdc-table-sticky mat-mdc-table-sticky-border-elem-top\" role=\"columnheader\" scope=\"col\" aria-sort=\"none\">\n<div class=\"mat-sort-header-container mat-focus-indicator ng-tns-c289-15658\" tabindex=\"0\" role=\"button\" aria-describedby=\"cdk-describedby-message-rxpApp-1-2\">\n<div class=\"mat-sort-header-content ng-tns-c289-15658\">Tip<\/div>\n<div class=\"mat-sort-header-arrow ng-trigger ng-trigger-arrowPosition ng-tns-c289-15658 ng-star-inserted\">\n<div class=\"mat-sort-header-stem ng-tns-c289-15658\"><\/div>\n<div class=\"mat-sort-header-indicator ng-tns-c289-15658 ng-trigger ng-trigger-indicator\">\n<div class=\"mat-sort-header-pointer-left ng-tns-c289-15658 ng-trigger ng-trigger-leftPointer\"><\/div>\n<div class=\"mat-sort-header-pointer-right ng-tns-c289-15658 ng-trigger ng-trigger-rightPointer\"><\/div>\n<div class=\"mat-sort-header-pointer-middle ng-tns-c289-15658\"><\/div>\n<\/div>\n<\/div>\n<\/div>\n<\/th>\n<th class=\"mat-sort-header mat-mdc-header-cell mdc-data-table__header-cell cdk-header-cell ng-tns-c289-15659 cdk-column-constructionYears mat-column-constructionYears ng-star-inserted mat-mdc-table-sticky mat-mdc-table-sticky-border-elem-top\" role=\"columnheader\" scope=\"col\" aria-sort=\"none\">\n<div class=\"mat-sort-header-container mat-focus-indicator ng-tns-c289-15659\" tabindex=\"0\" role=\"button\" aria-describedby=\"cdk-describedby-message-rxpApp-1-2\">\n<div class=\"mat-sort-header-content ng-tns-c289-15659\">\u00dcretim y\u0131l\u0131<\/div>\n<div class=\"mat-sort-header-arrow ng-trigger ng-trigger-arrowPosition ng-tns-c289-15659 ng-star-inserted\">\n<div class=\"mat-sort-header-stem ng-tns-c289-15659\"><\/div>\n<div class=\"mat-sort-header-indicator ng-tns-c289-15659 ng-trigger ng-trigger-indicator\">\n<div class=\"mat-sort-header-pointer-left ng-tns-c289-15659 ng-trigger ng-trigger-leftPointer\"><\/div>\n<div class=\"mat-sort-header-pointer-right ng-tns-c289-15659 ng-trigger ng-trigger-rightPointer\"><\/div>\n<div class=\"mat-sort-header-pointer-middle ng-tns-c289-15659\"><\/div>\n<\/div>\n<\/div>\n<\/div>\n<\/th>\n<th class=\"mat-sort-header mat-mdc-header-cell mdc-data-table__header-cell cdk-header-cell ng-tns-c289-15660 cdk-column-enginePowerKW mat-column-enginePowerKW ng-star-inserted mat-mdc-table-sticky mat-mdc-table-sticky-border-elem-top\" role=\"columnheader\" scope=\"col\" aria-sort=\"none\">\n<div class=\"mat-sort-header-container mat-focus-indicator ng-tns-c289-15660\" tabindex=\"0\" role=\"button\" aria-describedby=\"cdk-describedby-message-rxpApp-1-2\">\n<div class=\"mat-sort-header-content ng-tns-c289-15660\">kW<\/div>\n<div class=\"mat-sort-header-arrow ng-trigger ng-trigger-arrowPosition ng-tns-c289-15660 ng-star-inserted\">\n<div class=\"mat-sort-header-stem ng-tns-c289-15660\"><\/div>\n<div class=\"mat-sort-header-indicator ng-tns-c289-15660 ng-trigger ng-trigger-indicator\">\n<div class=\"mat-sort-header-pointer-left ng-tns-c289-15660 ng-trigger ng-trigger-leftPointer\"><\/div>\n<div class=\"mat-sort-header-pointer-right ng-tns-c289-15660 ng-trigger ng-trigger-rightPointer\"><\/div>\n<div class=\"mat-sort-header-pointer-middle ng-tns-c289-15660\"><\/div>\n<\/div>\n<\/div>\n<\/div>\n<\/th>\n<th class=\"mat-sort-header mat-mdc-header-cell mdc-data-table__header-cell cdk-header-cell ng-tns-c289-15661 cdk-column-enginePowerHP mat-column-enginePowerHP ng-star-inserted mat-mdc-table-sticky mat-mdc-table-sticky-border-elem-top\" role=\"columnheader\" scope=\"col\" aria-sort=\"none\">\n<div class=\"mat-sort-header-container mat-focus-indicator ng-tns-c289-15661\" tabindex=\"0\" role=\"button\" aria-describedby=\"cdk-describedby-message-rxpApp-1-2\">\n<div class=\"mat-sort-header-content ng-tns-c289-15661\">Beygir g\u00fcc\u00fc<\/div>\n<div class=\"mat-sort-header-arrow ng-trigger ng-trigger-arrowPosition ng-tns-c289-15661 ng-star-inserted\">\n<div class=\"mat-sort-header-stem ng-tns-c289-15661\"><\/div>\n<div class=\"mat-sort-header-indicator ng-tns-c289-15661 ng-trigger ng-trigger-indicator\">\n<div class=\"mat-sort-header-pointer-left ng-tns-c289-15661 ng-trigger ng-trigger-leftPointer\"><\/div>\n<div class=\"mat-sort-header-pointer-right ng-tns-c289-15661 ng-trigger ng-trigger-rightPointer\"><\/div>\n<div class=\"mat-sort-header-pointer-middle ng-tns-c289-15661\"><\/div>\n<\/div>\n<\/div>\n<\/div>\n<\/th>\n<th class=\"mat-sort-header mat-mdc-header-cell mdc-data-table__header-cell cdk-header-cell ng-tns-c289-15662 cdk-column-displacementCCM mat-column-displacementCCM ng-star-inserted mat-mdc-table-sticky mat-mdc-table-sticky-border-elem-top\" role=\"columnheader\" scope=\"col\" aria-sort=\"none\">\n<div class=\"mat-sort-header-container mat-focus-indicator ng-tns-c289-15662\" tabindex=\"0\" role=\"button\" aria-describedby=\"cdk-describedby-message-rxpApp-1-2\">\n<div class=\"mat-sort-header-content ng-tns-c289-15662\">cc<\/div>\n<div class=\"mat-sort-header-arrow ng-trigger ng-trigger-arrowPosition ng-tns-c289-15662 ng-star-inserted\">\n<div class=\"mat-sort-header-stem ng-tns-c289-15662\"><\/div>\n<div class=\"mat-sort-header-indicator ng-tns-c289-15662 ng-trigger ng-trigger-indicator\">\n<div class=\"mat-sort-header-pointer-left ng-tns-c289-15662 ng-trigger ng-trigger-leftPointer\"><\/div>\n<div class=\"mat-sort-header-pointer-right ng-tns-c289-15662 ng-trigger ng-trigger-rightPointer\"><\/div>\n<div class=\"mat-sort-header-pointer-middle ng-tns-c289-15662\"><\/div>\n<\/div>\n<\/div>\n<\/div>\n<\/th>\n<th class=\"mat-sort-header mat-mdc-header-cell mdc-data-table__header-cell cdk-header-cell ng-tns-c289-15663 cdk-column-engineCodes mat-column-engineCodes ng-star-inserted mat-mdc-table-sticky mat-mdc-table-sticky-border-elem-top\" role=\"columnheader\" scope=\"col\" aria-sort=\"none\">\n<div class=\"mat-sort-header-container mat-focus-indicator ng-tns-c289-15663\" tabindex=\"0\" role=\"button\" aria-describedby=\"cdk-describedby-message-rxpApp-1-2\">\n<div class=\"mat-sort-header-content ng-tns-c289-15663\">Motor kodu\/kodlar\u0131<\/div>\n<div class=\"mat-sort-header-arrow ng-trigger ng-trigger-arrowPosition ng-tns-c289-15663 ng-star-inserted\">\n<div class=\"mat-sort-header-stem ng-tns-c289-15663\"><\/div>\n<div class=\"mat-sort-header-indicator ng-tns-c289-15663 ng-trigger ng-trigger-indicator\">\n<div class=\"mat-sort-header-pointer-left ng-tns-c289-15663 ng-trigger ng-trigger-leftPointer\"><\/div>\n<div class=\"mat-sort-header-pointer-right ng-tns-c289-15663 ng-trigger ng-trigger-rightPointer\"><\/div>\n<div class=\"mat-sort-header-pointer-middle ng-tns-c289-15663\"><\/div>\n<\/div>\n<\/div>\n<\/div>\n<\/th>\n<th class=\"mat-sort-header mat-mdc-header-cell mdc-data-table__header-cell cdk-header-cell ng-tns-c289-15664 cdk-column-kbaNumbers mat-column-kbaNumbers ng-star-inserted mat-mdc-table-sticky mat-mdc-table-sticky-border-elem-top\" role=\"columnheader\" scope=\"col\" aria-sort=\"none\">\n<div class=\"mat-sort-header-container mat-focus-indicator ng-tns-c289-15664\" tabindex=\"0\" role=\"button\" aria-describedby=\"cdk-describedby-message-rxpApp-1-2\">\n<div class=\"mat-sort-header-content ng-tns-c289-15664\">KBA numaras\u0131 (Almanya)<\/div>\n<div class=\"mat-sort-header-arrow ng-trigger ng-trigger-arrowPosition ng-tns-c289-15664 ng-star-inserted\">\n<div class=\"mat-sort-header-stem ng-tns-c289-15664\"><\/div>\n<div class=\"mat-sort-header-indicator ng-tns-c289-15664 ng-trigger ng-trigger-indicator\">\n<div class=\"mat-sort-header-pointer-left ng-tns-c289-15664 ng-trigger ng-trigger-leftPointer\"><\/div>\n<div class=\"mat-sort-header-pointer-right ng-tns-c289-15664 ng-trigger ng-trigger-rightPointer\"><\/div>\n<div class=\"mat-sort-header-pointer-middle ng-tns-c289-15664\"><\/div>\n<\/div>\n<\/div>\n<\/div>\n<\/th>\n<\/tr>\n<\/thead>\n<tbody class=\"mdc-data-table__content\" role=\"rowgroup\">\n<tr class=\"mat-mdc-row mdc-data-table__row cdk-row ng-star-inserted\" tabindex=\"0\" role=\"row\">\n<td class=\"mat-mdc-cell mdc-data-table__cell cdk-cell cdk-column-linkageTarget mat-column-linkageTarget ng-star-inserted\" role=\"cell\"><\/td>\n<td class=\"mat-mdc-cell mdc-data-table__cell cdk-cell cdk-column-name mat-column-name ng-star-inserted\" role=\"cell\">1.5 Ti<\/td>\n<td class=\"mat-mdc-cell mdc-data-table__cell cdk-cell cdk-column-constructionYears mat-column-constructionYears ng-star-inserted\" role=\"cell\">Ba\u015flang\u0131\u00e7 10.2013<\/td>\n<td class=\"mat-mdc-cell mdc-data-table__cell cdk-cell cdk-column-enginePowerKW mat-column-enginePowerKW ng-star-inserted\" role=\"cell\">82<\/td>\n<td class=\"mat-mdc-cell mdc-data-table__cell cdk-cell cdk-column-enginePowerHP mat-column-enginePowerHP ng-star-inserted\" role=\"cell\">112<\/td>\n<td class=\"mat-mdc-cell mdc-data-table__cell cdk-cell cdk-column-displacementCCM mat-column-displacementCCM ng-star-inserted\" role=\"cell\">1499<\/td>\n<td class=\"mat-mdc-cell mdc-data-table__cell cdk-cell cdk-column-engineCodes mat-column-engineCodes ng-star-inserted\" role=\"cell\">\n<div class=\"saam-cell--line-clamp ng-star-inserted\"><span class=\"csv ng-star-inserted\">UEJB\u00a0<\/span><span class=\"csv ng-star-inserted\">UEJE<\/span><\/div>\n<\/td>\n<td class=\"mat-mdc-cell mdc-data-table__cell cdk-cell cdk-column-kbaNumbers mat-column-kbaNumbers ng-star-inserted\" role=\"cell\">\n<div class=\"saam-cell--line-clamp ng-star-inserted\"><span class=\"csv ng-star-inserted\">8566BGX<\/span><\/div>\n<\/td>\n<\/tr>\n<\/tbody>\n<\/table>\n<\/div>\n<div class=\"node-name\">KA+ III (UK, FK) | FIGO<span class=\"mat-content ng-tns-c267-15640 mat-content-hide-toggle\"> Lambda&amp;Oksijen Sens\u00f6r\u00fc Soketi <\/span><\/div>\n<div class=\"linkage-target-data-table linkage-target-data-table--passengerCar ng-star-inserted\">\n<table class=\"mat-mdc-table mdc-data-table__table cdk-table mat-sort vehicle-table ng-star-inserted\" role=\"table\" aria-label=\"Linkage Target Data Table\">\n<thead role=\"rowgroup\">\n<tr class=\"mat-mdc-header-row mdc-data-table__header-row cdk-header-row ng-star-inserted\" role=\"row\">\n<th class=\"mat-sort-header mat-mdc-header-cell mdc-data-table__header-cell cdk-header-cell ng-tns-c289-15665 cdk-column-linkageTarget mat-column-linkageTarget mat-sort-header-disabled ng-star-inserted mat-mdc-table-sticky mat-mdc-table-sticky-border-elem-top\" role=\"columnheader\" scope=\"col\" aria-sort=\"none\">\n<div class=\"mat-sort-header-container mat-focus-indicator ng-tns-c289-15665\" aria-describedby=\"cdk-describedby-message-rxpApp-1-2\">\n<div class=\"mat-sort-header-content ng-tns-c289-15665\">Bilgi<\/div>\n<\/div>\n<\/th>\n<th class=\"mat-sort-header mat-mdc-header-cell mdc-data-table__header-cell cdk-header-cell ng-tns-c289-15666 cdk-column-name mat-column-name ng-star-inserted mat-mdc-table-sticky mat-mdc-table-sticky-border-elem-top\" role=\"columnheader\" scope=\"col\" aria-sort=\"none\">\n<div class=\"mat-sort-header-container mat-focus-indicator ng-tns-c289-15666\" tabindex=\"0\" role=\"button\" aria-describedby=\"cdk-describedby-message-rxpApp-1-2\">\n<div class=\"mat-sort-header-content ng-tns-c289-15666\">Tip<\/div>\n<div class=\"mat-sort-header-arrow ng-trigger ng-trigger-arrowPosition ng-tns-c289-15666 ng-star-inserted\">\n<div class=\"mat-sort-header-stem ng-tns-c289-15666\"><\/div>\n<div class=\"mat-sort-header-indicator ng-tns-c289-15666 ng-trigger ng-trigger-indicator\">\n<div class=\"mat-sort-header-pointer-left ng-tns-c289-15666 ng-trigger ng-trigger-leftPointer\"><\/div>\n<div class=\"mat-sort-header-pointer-right ng-tns-c289-15666 ng-trigger ng-trigger-rightPointer\"><\/div>\n<div class=\"mat-sort-header-pointer-middle ng-tns-c289-15666\"><\/div>\n<\/div>\n<\/div>\n<\/div>\n<\/th>\n<th class=\"mat-sort-header mat-mdc-header-cell mdc-data-table__header-cell cdk-header-cell ng-tns-c289-15667 cdk-column-constructionYears mat-column-constructionYears ng-star-inserted mat-mdc-table-sticky mat-mdc-table-sticky-border-elem-top\" role=\"columnheader\" scope=\"col\" aria-sort=\"none\">\n<div class=\"mat-sort-header-container mat-focus-indicator ng-tns-c289-15667\" tabindex=\"0\" role=\"button\" aria-describedby=\"cdk-describedby-message-rxpApp-1-2\">\n<div class=\"mat-sort-header-content ng-tns-c289-15667\">\u00dcretim y\u0131l\u0131<\/div>\n<div class=\"mat-sort-header-arrow ng-trigger ng-trigger-arrowPosition ng-tns-c289-15667 ng-star-inserted\">\n<div class=\"mat-sort-header-stem ng-tns-c289-15667\"><\/div>\n<div class=\"mat-sort-header-indicator ng-tns-c289-15667 ng-trigger ng-trigger-indicator\">\n<div class=\"mat-sort-header-pointer-left ng-tns-c289-15667 ng-trigger ng-trigger-leftPointer\"><\/div>\n<div class=\"mat-sort-header-pointer-right ng-tns-c289-15667 ng-trigger ng-trigger-rightPointer\"><\/div>\n<div class=\"mat-sort-header-pointer-middle ng-tns-c289-15667\"><\/div>\n<\/div>\n<\/div>\n<\/div>\n<\/th>\n<th class=\"mat-sort-header mat-mdc-header-cell mdc-data-table__header-cell cdk-header-cell ng-tns-c289-15668 cdk-column-enginePowerKW mat-column-enginePowerKW ng-star-inserted mat-mdc-table-sticky mat-mdc-table-sticky-border-elem-top\" role=\"columnheader\" scope=\"col\" aria-sort=\"none\">\n<div class=\"mat-sort-header-container mat-focus-indicator ng-tns-c289-15668\" tabindex=\"0\" role=\"button\" aria-describedby=\"cdk-describedby-message-rxpApp-1-2\">\n<div class=\"mat-sort-header-content ng-tns-c289-15668\">kW<\/div>\n<div class=\"mat-sort-header-arrow ng-trigger ng-trigger-arrowPosition ng-tns-c289-15668 ng-star-inserted\">\n<div class=\"mat-sort-header-stem ng-tns-c289-15668\"><\/div>\n<div class=\"mat-sort-header-indicator ng-tns-c289-15668 ng-trigger ng-trigger-indicator\">\n<div class=\"mat-sort-header-pointer-left ng-tns-c289-15668 ng-trigger ng-trigger-leftPointer\"><\/div>\n<div class=\"mat-sort-header-pointer-right ng-tns-c289-15668 ng-trigger ng-trigger-rightPointer\"><\/div>\n<div class=\"mat-sort-header-pointer-middle ng-tns-c289-15668\"><\/div>\n<\/div>\n<\/div>\n<\/div>\n<\/th>\n<th class=\"mat-sort-header mat-mdc-header-cell mdc-data-table__header-cell cdk-header-cell ng-tns-c289-15669 cdk-column-enginePowerHP mat-column-enginePowerHP ng-star-inserted mat-mdc-table-sticky mat-mdc-table-sticky-border-elem-top\" role=\"columnheader\" scope=\"col\" aria-sort=\"none\">\n<div class=\"mat-sort-header-container mat-focus-indicator ng-tns-c289-15669\" tabindex=\"0\" role=\"button\" aria-describedby=\"cdk-describedby-message-rxpApp-1-2\">\n<div class=\"mat-sort-header-content ng-tns-c289-15669\">Beygir g\u00fcc\u00fc<\/div>\n<div class=\"mat-sort-header-arrow ng-trigger ng-trigger-arrowPosition ng-tns-c289-15669 ng-star-inserted\">\n<div class=\"mat-sort-header-stem ng-tns-c289-15669\"><\/div>\n<div class=\"mat-sort-header-indicator ng-tns-c289-15669 ng-trigger ng-trigger-indicator\">\n<div class=\"mat-sort-header-pointer-left ng-tns-c289-15669 ng-trigger ng-trigger-leftPointer\"><\/div>\n<div class=\"mat-sort-header-pointer-right ng-tns-c289-15669 ng-trigger ng-trigger-rightPointer\"><\/div>\n<div class=\"mat-sort-header-pointer-middle ng-tns-c289-15669\"><\/div>\n<\/div>\n<\/div>\n<\/div>\n<\/th>\n<th class=\"mat-sort-header mat-mdc-header-cell mdc-data-table__header-cell cdk-header-cell ng-tns-c289-15670 cdk-column-displacementCCM mat-column-displacementCCM ng-star-inserted mat-mdc-table-sticky mat-mdc-table-sticky-border-elem-top\" role=\"columnheader\" scope=\"col\" aria-sort=\"none\">\n<div class=\"mat-sort-header-container mat-focus-indicator ng-tns-c289-15670\" tabindex=\"0\" role=\"button\" aria-describedby=\"cdk-describedby-message-rxpApp-1-2\">\n<div class=\"mat-sort-header-content ng-tns-c289-15670\">cc<\/div>\n<div class=\"mat-sort-header-arrow ng-trigger ng-trigger-arrowPosition ng-tns-c289-15670 ng-star-inserted\">\n<div class=\"mat-sort-header-stem ng-tns-c289-15670\"><\/div>\n<div class=\"mat-sort-header-indicator ng-tns-c289-15670 ng-trigger ng-trigger-indicator\">\n<div class=\"mat-sort-header-pointer-left ng-tns-c289-15670 ng-trigger ng-trigger-leftPointer\"><\/div>\n<div class=\"mat-sort-header-pointer-right ng-tns-c289-15670 ng-trigger ng-trigger-rightPointer\"><\/div>\n<div class=\"mat-sort-header-pointer-middle ng-tns-c289-15670\"><\/div>\n<\/div>\n<\/div>\n<\/div>\n<\/th>\n<th class=\"mat-sort-header mat-mdc-header-cell mdc-data-table__header-cell cdk-header-cell ng-tns-c289-15671 cdk-column-engineCodes mat-column-engineCodes ng-star-inserted mat-mdc-table-sticky mat-mdc-table-sticky-border-elem-top\" role=\"columnheader\" scope=\"col\" aria-sort=\"none\">\n<div class=\"mat-sort-header-container mat-focus-indicator ng-tns-c289-15671\" tabindex=\"0\" role=\"button\" aria-describedby=\"cdk-describedby-message-rxpApp-1-2\">\n<div class=\"mat-sort-header-content ng-tns-c289-15671\">Motor kodu\/kodlar\u0131<\/div>\n<div class=\"mat-sort-header-arrow ng-trigger ng-trigger-arrowPosition ng-tns-c289-15671 ng-star-inserted\">\n<div class=\"mat-sort-header-stem ng-tns-c289-15671\"><\/div>\n<div class=\"mat-sort-header-indicator ng-tns-c289-15671 ng-trigger ng-trigger-indicator\">\n<div class=\"mat-sort-header-pointer-left ng-tns-c289-15671 ng-trigger ng-trigger-leftPointer\"><\/div>\n<div class=\"mat-sort-header-pointer-right ng-tns-c289-15671 ng-trigger ng-trigger-rightPointer\"><\/div>\n<div class=\"mat-sort-header-pointer-middle ng-tns-c289-15671\"><\/div>\n<\/div>\n<\/div>\n<\/div>\n<\/th>\n<th class=\"mat-sort-header mat-mdc-header-cell mdc-data-table__header-cell cdk-header-cell ng-tns-c289-15672 cdk-column-kbaNumbers mat-column-kbaNumbers ng-star-inserted mat-mdc-table-sticky mat-mdc-table-sticky-border-elem-top\" role=\"columnheader\" scope=\"col\" aria-sort=\"none\">\n<div class=\"mat-sort-header-container mat-focus-indicator ng-tns-c289-15672\" tabindex=\"0\" role=\"button\" aria-describedby=\"cdk-describedby-message-rxpApp-1-2\">\n<div class=\"mat-sort-header-content ng-tns-c289-15672\">KBA numaras\u0131 (Almanya)<\/div>\n<div class=\"mat-sort-header-arrow ng-trigger ng-trigger-arrowPosition ng-tns-c289-15672 ng-star-inserted\">\n<div class=\"mat-sort-header-stem ng-tns-c289-15672\"><\/div>\n<div class=\"mat-sort-header-indicator ng-tns-c289-15672 ng-trigger ng-trigger-indicator\">\n<div class=\"mat-sort-header-pointer-left ng-tns-c289-15672 ng-trigger ng-trigger-leftPointer\"><\/div>\n<div class=\"mat-sort-header-pointer-right ng-tns-c289-15672 ng-trigger ng-trigger-rightPointer\"><\/div>\n<div class=\"mat-sort-header-pointer-middle ng-tns-c289-15672\"><\/div>\n<\/div>\n<\/div>\n<\/div>\n<\/th>\n<\/tr>\n<\/thead>\n<tbody class=\"mdc-data-table__content\" role=\"rowgroup\">\n<tr class=\"mat-mdc-row mdc-data-table__row cdk-row ng-star-inserted\" tabindex=\"0\" role=\"row\">\n<td class=\"mat-mdc-cell mdc-data-table__cell cdk-cell cdk-column-linkageTarget mat-column-linkageTarget ng-star-inserted\" role=\"cell\"><\/td>\n<td class=\"mat-mdc-cell mdc-data-table__cell cdk-cell cdk-column-name mat-column-name ng-star-inserted\" role=\"cell\">1.2<\/td>\n<td class=\"mat-mdc-cell mdc-data-table__cell cdk-cell cdk-column-constructionYears mat-column-constructionYears ng-star-inserted\" role=\"cell\">Ba\u015flang\u0131\u00e7 06.2016<\/td>\n<td class=\"mat-mdc-cell mdc-data-table__cell cdk-cell cdk-column-enginePowerKW mat-column-enginePowerKW ng-star-inserted\" role=\"cell\">51<\/td>\n<td class=\"mat-mdc-cell mdc-data-table__cell cdk-cell cdk-column-enginePowerHP mat-column-enginePowerHP ng-star-inserted\" role=\"cell\">70<\/td>\n<td class=\"mat-mdc-cell mdc-data-table__cell cdk-cell cdk-column-displacementCCM mat-column-displacementCCM ng-star-inserted\" role=\"cell\">1198<\/td>\n<td class=\"mat-mdc-cell mdc-data-table__cell cdk-cell cdk-column-engineCodes mat-column-engineCodes ng-star-inserted\" role=\"cell\">\n<div class=\"saam-cell--line-clamp ng-star-inserted\"><span class=\"csv ng-star-inserted\">B2KA<\/span><\/div>\n<\/td>\n<td class=\"mat-mdc-cell mdc-data-table__cell cdk-cell cdk-column-kbaNumbers mat-column-kbaNumbers ng-star-inserted\" role=\"cell\">\n<div class=\"saam-cell--line-clamp ng-star-inserted\"><span class=\"csv ng-star-inserted\">1778AAC<\/span><\/div>\n<\/td>\n<\/tr>\n<tr class=\"mat-mdc-row mdc-data-table__row cdk-row ng-star-inserted\" tabindex=\"0\" role=\"row\">\n<td class=\"mat-mdc-cell mdc-data-table__cell cdk-cell cdk-column-linkageTarget mat-column-linkageTarget ng-star-inserted\" role=\"cell\"><\/td>\n<td class=\"mat-mdc-cell mdc-data-table__cell cdk-cell cdk-column-name mat-column-name ng-star-inserted\" role=\"cell\">1.2 Ti-VCT<\/td>\n<td class=\"mat-mdc-cell mdc-data-table__cell cdk-cell cdk-column-constructionYears mat-column-constructionYears ng-star-inserted\" role=\"cell\">Ba\u015flang\u0131\u00e7 06.2016<\/td>\n<td class=\"mat-mdc-cell mdc-data-table__cell cdk-cell cdk-column-enginePowerKW mat-column-enginePowerKW ng-star-inserted\" role=\"cell\">63<\/td>\n<td class=\"mat-mdc-cell mdc-data-table__cell cdk-cell cdk-column-enginePowerHP mat-column-enginePowerHP ng-star-inserted\" role=\"cell\">85<\/td>\n<td class=\"mat-mdc-cell mdc-data-table__cell cdk-cell cdk-column-displacementCCM mat-column-displacementCCM ng-star-inserted\" role=\"cell\">1196<\/td>\n<td class=\"mat-mdc-cell mdc-data-table__cell cdk-cell cdk-column-engineCodes mat-column-engineCodes ng-star-inserted\" role=\"cell\">\n<div class=\"saam-cell--line-clamp ng-star-inserted\"><span class=\"csv ng-star-inserted\">YSKE\u00a0<\/span><span class=\"csv ng-star-inserted\">YSKD<\/span><\/div>\n<\/td>\n<td class=\"mat-mdc-cell mdc-data-table__cell cdk-cell cdk-column-kbaNumbers mat-column-kbaNumbers ng-star-inserted\" role=\"cell\">\n<div class=\"saam-cell--line-clamp ng-star-inserted\"><span class=\"csv ng-star-inserted\">1778AAD<\/span><\/div>\n<\/td>\n<\/tr>\n<\/tbody>\n<\/table>\n<\/div>\n<p>________________________________________________________________________________________________________________________________________________________<\/p>\n","protected":false},"excerpt":{"rendered":"<ul>\n<li><strong>Lambda&amp;Oksijen Sens\u00f6r\u00fc Soketi<\/strong><\/li>\n<\/ul>\n","protected":false},"featured_media":63349,"template":"","meta":[],"product_brand":[],"product_cat":[93,106],"product_tag":[],"class_list":{"0":"post-60623","1":"product","2":"type-product","3":"status-publish","4":"has-post-thumbnail","6":"product_cat-4-kablolu-soketler","7":"product_cat-ford","9":"first","10":"instock","11":"taxable","12":"shipping-taxable","13":"purchasable","14":"product-type-simple"},"_links":{"self":[{"href":"https:\/\/otosoket.com\/index.php\/wp-json\/wp\/v2\/product\/60623","targetHints":{"allow":["GET"]}}],"collection":[{"href":"https:\/\/otosoket.com\/index.php\/wp-json\/wp\/v2\/product"}],"about":[{"href":"https:\/\/otosoket.com\/index.php\/wp-json\/wp\/v2\/types\/product"}],"wp:featuredmedia":[{"embeddable":true,"href":"https:\/\/otosoket.com\/index.php\/wp-json\/wp\/v2\/media\/63349"}],"wp:attachment":[{"href":"https:\/\/otosoket.com\/index.php\/wp-json\/wp\/v2\/media?parent=60623"}],"wp:term":[{"taxonomy":"product_brand","embeddable":true,"href":"https:\/\/otosoket.com\/index.php\/wp-json\/wp\/v2\/product_brand?post=60623"},{"taxonomy":"product_cat","embeddable":true,"href":"https:\/\/otosoket.com\/index.php\/wp-json\/wp\/v2\/product_cat?post=60623"},{"taxonomy":"product_tag","embeddable":true,"href":"https:\/\/otosoket.com\/index.php\/wp-json\/wp\/v2\/product_tag?post=60623"}],"curies":[{"name":"wp","href":"https:\/\/api.w.org\/{rel}","templated":true}]}}