{"id":60627,"date":"2025-07-01T07:32:16","date_gmt":"2025-07-01T07:32:16","guid":{"rendered":"https:\/\/otosoket.com\/?post_type=product&#038;p=60627"},"modified":"2026-03-11T12:48:09","modified_gmt":"2026-03-11T12:48:09","slug":"4k068","status":"publish","type":"product","link":"https:\/\/otosoket.com\/index.php\/product\/4k068\/","title":{"rendered":"4K068"},"content":{"rendered":"<p>________________________________________________________________________________________________________________________________________________________<\/p>\n<p><strong>OEM Fren Lambas\u0131 Soketi :<\/strong> <span style=\"color: #ffffff;\">6098-0244 6098-0243 \/<\/span><\/p>\n<ul>\n<li>Honda Fren Lambas\u0131 Soketi<\/li>\n<\/ul>\n<p>________________________________________________________________________________________________________________________________________________________<\/p>\n<p><strong>OEM Ayna Ba\u011flant\u0131 Soketi :<\/strong><span style=\"color: #ffffff;\"> 8058772446252\/4052355149831\/<\/span><\/p>\n<ul>\n<li>HONDA Ayna Ba\u011flant\u0131 Soketi <span style=\"color: #ffffff;\">76200-S9A-E01<\/span><\/li>\n<\/ul>\n<p>________________________________________________________________________________________________________________________________________________________<\/p>\n<div class=\"node-name\"><strong>HONDA Ayna Ba\u011flant\u0131 Soketi<\/strong><\/div>\n<div class=\"node-name\">CR-V II (RD_) Ayna Ba\u011flant\u0131 Soketi<\/div>\n<div class=\"linkage-target-data-table linkage-target-data-table--passengerCar ng-star-inserted\">\n<table class=\"mat-mdc-table mdc-data-table__table cdk-table mat-sort vehicle-table ng-star-inserted\" role=\"table\" aria-label=\"Linkage Target Data Table\">\n<thead role=\"rowgroup\">\n<tr class=\"mat-mdc-header-row mdc-data-table__header-row cdk-header-row ng-star-inserted\" role=\"row\">\n<th class=\"mat-sort-header mat-mdc-header-cell mdc-data-table__header-cell cdk-header-cell ng-tns-c289-11032 cdk-column-linkageTarget mat-column-linkageTarget mat-sort-header-disabled ng-star-inserted mat-mdc-table-sticky mat-mdc-table-sticky-border-elem-top\" role=\"columnheader\" scope=\"col\" aria-sort=\"none\">\n<div class=\"mat-sort-header-container mat-focus-indicator ng-tns-c289-11032\" aria-describedby=\"cdk-describedby-message-rxpApp-1-2\">\n<div class=\"mat-sort-header-content ng-tns-c289-11032\">Bilgi<\/div>\n<\/div>\n<\/th>\n<th class=\"mat-sort-header mat-mdc-header-cell mdc-data-table__header-cell cdk-header-cell ng-tns-c289-11033 cdk-column-name mat-column-name ng-star-inserted mat-mdc-table-sticky mat-mdc-table-sticky-border-elem-top\" role=\"columnheader\" scope=\"col\" aria-sort=\"none\">\n<div class=\"mat-sort-header-container mat-focus-indicator ng-tns-c289-11033\" tabindex=\"0\" role=\"button\" aria-describedby=\"cdk-describedby-message-rxpApp-1-2\">\n<div class=\"mat-sort-header-content ng-tns-c289-11033\">Tip<\/div>\n<div class=\"mat-sort-header-arrow ng-trigger ng-trigger-arrowPosition ng-tns-c289-11033 ng-star-inserted\">\n<div class=\"mat-sort-header-stem ng-tns-c289-11033\"><\/div>\n<div class=\"mat-sort-header-indicator ng-tns-c289-11033 ng-trigger ng-trigger-indicator\">\n<div class=\"mat-sort-header-pointer-left ng-tns-c289-11033 ng-trigger ng-trigger-leftPointer\"><\/div>\n<div class=\"mat-sort-header-pointer-right ng-tns-c289-11033 ng-trigger ng-trigger-rightPointer\"><\/div>\n<div class=\"mat-sort-header-pointer-middle ng-tns-c289-11033\"><\/div>\n<\/div>\n<\/div>\n<\/div>\n<\/th>\n<th class=\"mat-sort-header mat-mdc-header-cell mdc-data-table__header-cell cdk-header-cell ng-tns-c289-11034 cdk-column-constructionYears mat-column-constructionYears ng-star-inserted mat-mdc-table-sticky mat-mdc-table-sticky-border-elem-top\" role=\"columnheader\" scope=\"col\" aria-sort=\"none\">\n<div class=\"mat-sort-header-container mat-focus-indicator ng-tns-c289-11034\" tabindex=\"0\" role=\"button\" aria-describedby=\"cdk-describedby-message-rxpApp-1-2\">\n<div class=\"mat-sort-header-content ng-tns-c289-11034\">\u00dcretim y\u0131l\u0131<\/div>\n<div class=\"mat-sort-header-arrow ng-trigger ng-trigger-arrowPosition ng-tns-c289-11034 ng-star-inserted\">\n<div class=\"mat-sort-header-stem ng-tns-c289-11034\"><\/div>\n<div class=\"mat-sort-header-indicator ng-tns-c289-11034 ng-trigger ng-trigger-indicator\">\n<div class=\"mat-sort-header-pointer-left ng-tns-c289-11034 ng-trigger ng-trigger-leftPointer\"><\/div>\n<div class=\"mat-sort-header-pointer-right ng-tns-c289-11034 ng-trigger ng-trigger-rightPointer\"><\/div>\n<div class=\"mat-sort-header-pointer-middle ng-tns-c289-11034\"><\/div>\n<\/div>\n<\/div>\n<\/div>\n<\/th>\n<th class=\"mat-sort-header mat-mdc-header-cell mdc-data-table__header-cell cdk-header-cell ng-tns-c289-11035 cdk-column-enginePowerKW mat-column-enginePowerKW ng-star-inserted mat-mdc-table-sticky mat-mdc-table-sticky-border-elem-top\" role=\"columnheader\" scope=\"col\" aria-sort=\"none\">\n<div class=\"mat-sort-header-container mat-focus-indicator ng-tns-c289-11035\" tabindex=\"0\" role=\"button\" aria-describedby=\"cdk-describedby-message-rxpApp-1-2\">\n<div class=\"mat-sort-header-content ng-tns-c289-11035\">kW<\/div>\n<div class=\"mat-sort-header-arrow ng-trigger ng-trigger-arrowPosition ng-tns-c289-11035 ng-star-inserted\">\n<div class=\"mat-sort-header-stem ng-tns-c289-11035\"><\/div>\n<div class=\"mat-sort-header-indicator ng-tns-c289-11035 ng-trigger ng-trigger-indicator\">\n<div class=\"mat-sort-header-pointer-left ng-tns-c289-11035 ng-trigger ng-trigger-leftPointer\"><\/div>\n<div class=\"mat-sort-header-pointer-right ng-tns-c289-11035 ng-trigger ng-trigger-rightPointer\"><\/div>\n<div class=\"mat-sort-header-pointer-middle ng-tns-c289-11035\"><\/div>\n<\/div>\n<\/div>\n<\/div>\n<\/th>\n<th class=\"mat-sort-header mat-mdc-header-cell mdc-data-table__header-cell cdk-header-cell ng-tns-c289-11036 cdk-column-enginePowerHP mat-column-enginePowerHP ng-star-inserted mat-mdc-table-sticky mat-mdc-table-sticky-border-elem-top\" role=\"columnheader\" scope=\"col\" aria-sort=\"none\">\n<div class=\"mat-sort-header-container mat-focus-indicator ng-tns-c289-11036\" tabindex=\"0\" role=\"button\" aria-describedby=\"cdk-describedby-message-rxpApp-1-2\">\n<div class=\"mat-sort-header-content ng-tns-c289-11036\">Beygir g\u00fcc\u00fc<\/div>\n<div class=\"mat-sort-header-arrow ng-trigger ng-trigger-arrowPosition ng-tns-c289-11036 ng-star-inserted\">\n<div class=\"mat-sort-header-stem ng-tns-c289-11036\"><\/div>\n<div class=\"mat-sort-header-indicator ng-tns-c289-11036 ng-trigger ng-trigger-indicator\">\n<div class=\"mat-sort-header-pointer-left ng-tns-c289-11036 ng-trigger ng-trigger-leftPointer\"><\/div>\n<div class=\"mat-sort-header-pointer-right ng-tns-c289-11036 ng-trigger ng-trigger-rightPointer\"><\/div>\n<div class=\"mat-sort-header-pointer-middle ng-tns-c289-11036\"><\/div>\n<\/div>\n<\/div>\n<\/div>\n<\/th>\n<th class=\"mat-sort-header mat-mdc-header-cell mdc-data-table__header-cell cdk-header-cell ng-tns-c289-11037 cdk-column-displacementCCM mat-column-displacementCCM ng-star-inserted mat-mdc-table-sticky mat-mdc-table-sticky-border-elem-top\" role=\"columnheader\" scope=\"col\" aria-sort=\"none\">\n<div class=\"mat-sort-header-container mat-focus-indicator ng-tns-c289-11037\" tabindex=\"0\" role=\"button\" aria-describedby=\"cdk-describedby-message-rxpApp-1-2\">\n<div class=\"mat-sort-header-content ng-tns-c289-11037\">cc<\/div>\n<div class=\"mat-sort-header-arrow ng-trigger ng-trigger-arrowPosition ng-tns-c289-11037 ng-star-inserted\">\n<div class=\"mat-sort-header-stem ng-tns-c289-11037\"><\/div>\n<div class=\"mat-sort-header-indicator ng-tns-c289-11037 ng-trigger ng-trigger-indicator\">\n<div class=\"mat-sort-header-pointer-left ng-tns-c289-11037 ng-trigger ng-trigger-leftPointer\"><\/div>\n<div class=\"mat-sort-header-pointer-right ng-tns-c289-11037 ng-trigger ng-trigger-rightPointer\"><\/div>\n<div class=\"mat-sort-header-pointer-middle ng-tns-c289-11037\"><\/div>\n<\/div>\n<\/div>\n<\/div>\n<\/th>\n<th class=\"mat-sort-header mat-mdc-header-cell mdc-data-table__header-cell cdk-header-cell ng-tns-c289-11038 cdk-column-engineCodes mat-column-engineCodes ng-star-inserted mat-mdc-table-sticky mat-mdc-table-sticky-border-elem-top\" role=\"columnheader\" scope=\"col\" aria-sort=\"none\">\n<div class=\"mat-sort-header-container mat-focus-indicator ng-tns-c289-11038\" tabindex=\"0\" role=\"button\" aria-describedby=\"cdk-describedby-message-rxpApp-1-2\">\n<div class=\"mat-sort-header-content ng-tns-c289-11038\">Motor kodu\/kodlar\u0131<\/div>\n<div class=\"mat-sort-header-arrow ng-trigger ng-trigger-arrowPosition ng-tns-c289-11038 ng-star-inserted\">\n<div class=\"mat-sort-header-stem ng-tns-c289-11038\"><\/div>\n<div class=\"mat-sort-header-indicator ng-tns-c289-11038 ng-trigger ng-trigger-indicator\">\n<div class=\"mat-sort-header-pointer-left ng-tns-c289-11038 ng-trigger ng-trigger-leftPointer\"><\/div>\n<div class=\"mat-sort-header-pointer-right ng-tns-c289-11038 ng-trigger ng-trigger-rightPointer\"><\/div>\n<div class=\"mat-sort-header-pointer-middle ng-tns-c289-11038\"><\/div>\n<\/div>\n<\/div>\n<\/div>\n<\/th>\n<th class=\"mat-sort-header mat-mdc-header-cell mdc-data-table__header-cell cdk-header-cell ng-tns-c289-11039 cdk-column-kbaNumbers mat-column-kbaNumbers ng-star-inserted mat-mdc-table-sticky mat-mdc-table-sticky-border-elem-top\" role=\"columnheader\" scope=\"col\" aria-sort=\"none\">\n<div class=\"mat-sort-header-container mat-focus-indicator ng-tns-c289-11039\" tabindex=\"0\" role=\"button\" aria-describedby=\"cdk-describedby-message-rxpApp-1-2\">\n<div class=\"mat-sort-header-content ng-tns-c289-11039\">KBA numaras\u0131 (Almanya)<\/div>\n<div class=\"mat-sort-header-arrow ng-trigger ng-trigger-arrowPosition ng-tns-c289-11039 ng-star-inserted\">\n<div class=\"mat-sort-header-stem ng-tns-c289-11039\"><\/div>\n<div class=\"mat-sort-header-indicator ng-tns-c289-11039 ng-trigger ng-trigger-indicator\">\n<div class=\"mat-sort-header-pointer-left ng-tns-c289-11039 ng-trigger ng-trigger-leftPointer\"><\/div>\n<div class=\"mat-sort-header-pointer-right ng-tns-c289-11039 ng-trigger ng-trigger-rightPointer\"><\/div>\n<div class=\"mat-sort-header-pointer-middle ng-tns-c289-11039\"><\/div>\n<\/div>\n<\/div>\n<\/div>\n<\/th>\n<\/tr>\n<\/thead>\n<tbody class=\"mdc-data-table__content\" role=\"rowgroup\">\n<tr class=\"mat-mdc-row mdc-data-table__row cdk-row ng-star-inserted\" tabindex=\"0\" role=\"row\">\n<td class=\"mat-mdc-cell mdc-data-table__cell cdk-cell cdk-column-linkageTarget mat-column-linkageTarget ng-star-inserted\" role=\"cell\"><\/td>\n<td class=\"mat-mdc-cell mdc-data-table__cell cdk-cell cdk-column-name mat-column-name ng-star-inserted\" role=\"cell\">2.2 CTDi (RD9)<\/td>\n<td class=\"mat-mdc-cell mdc-data-table__cell cdk-cell cdk-column-constructionYears mat-column-constructionYears ng-star-inserted\" role=\"cell\">02.2005 &#8211; 09.2006<\/td>\n<td class=\"mat-mdc-cell mdc-data-table__cell cdk-cell cdk-column-enginePowerKW mat-column-enginePowerKW ng-star-inserted\" role=\"cell\">103<\/td>\n<td class=\"mat-mdc-cell mdc-data-table__cell cdk-cell cdk-column-enginePowerHP mat-column-enginePowerHP ng-star-inserted\" role=\"cell\">140<\/td>\n<td class=\"mat-mdc-cell mdc-data-table__cell cdk-cell cdk-column-displacementCCM mat-column-displacementCCM ng-star-inserted\" role=\"cell\">2204<\/td>\n<td class=\"mat-mdc-cell mdc-data-table__cell cdk-cell cdk-column-engineCodes mat-column-engineCodes ng-star-inserted\" role=\"cell\">\n<div class=\"saam-cell--line-clamp ng-star-inserted\"><span class=\"csv ng-star-inserted\">N22A2<\/span><\/div>\n<\/td>\n<td class=\"mat-mdc-cell mdc-data-table__cell cdk-cell cdk-column-kbaNumbers mat-column-kbaNumbers ng-star-inserted\" role=\"cell\">\n<div class=\"saam-cell--line-clamp ng-star-inserted\"><span class=\"csv ng-star-inserted\">2131355\u00a0<\/span><span class=\"csv ng-star-inserted\">2131AAD<\/span><\/div>\n<\/td>\n<\/tr>\n<\/tbody>\n<\/table>\n<\/div>\n<div class=\"node-name\">CR-V III (RE_) Ayna Ba\u011flant\u0131 Soketi<\/div>\n<div class=\"linkage-target-data-table linkage-target-data-table--passengerCar ng-star-inserted\">\n<table class=\"mat-mdc-table mdc-data-table__table cdk-table mat-sort vehicle-table ng-star-inserted\" role=\"table\" aria-label=\"Linkage Target Data Table\">\n<thead role=\"rowgroup\">\n<tr class=\"mat-mdc-header-row mdc-data-table__header-row cdk-header-row ng-star-inserted\" role=\"row\">\n<th class=\"mat-sort-header mat-mdc-header-cell mdc-data-table__header-cell cdk-header-cell ng-tns-c289-11040 cdk-column-linkageTarget mat-column-linkageTarget mat-sort-header-disabled ng-star-inserted mat-mdc-table-sticky mat-mdc-table-sticky-border-elem-top\" role=\"columnheader\" scope=\"col\" aria-sort=\"none\">\n<div class=\"mat-sort-header-container mat-focus-indicator ng-tns-c289-11040\" aria-describedby=\"cdk-describedby-message-rxpApp-1-2\">\n<div class=\"mat-sort-header-content ng-tns-c289-11040\">Bilgi<\/div>\n<\/div>\n<\/th>\n<th class=\"mat-sort-header mat-mdc-header-cell mdc-data-table__header-cell cdk-header-cell ng-tns-c289-11041 cdk-column-name mat-column-name ng-star-inserted mat-mdc-table-sticky mat-mdc-table-sticky-border-elem-top\" role=\"columnheader\" scope=\"col\" aria-sort=\"none\">\n<div class=\"mat-sort-header-container mat-focus-indicator ng-tns-c289-11041\" tabindex=\"0\" role=\"button\" aria-describedby=\"cdk-describedby-message-rxpApp-1-2\">\n<div class=\"mat-sort-header-content ng-tns-c289-11041\">Tip<\/div>\n<div class=\"mat-sort-header-arrow ng-trigger ng-trigger-arrowPosition ng-tns-c289-11041 ng-star-inserted\">\n<div class=\"mat-sort-header-stem ng-tns-c289-11041\"><\/div>\n<div class=\"mat-sort-header-indicator ng-tns-c289-11041 ng-trigger ng-trigger-indicator\">\n<div class=\"mat-sort-header-pointer-left ng-tns-c289-11041 ng-trigger ng-trigger-leftPointer\"><\/div>\n<div class=\"mat-sort-header-pointer-right ng-tns-c289-11041 ng-trigger ng-trigger-rightPointer\"><\/div>\n<div class=\"mat-sort-header-pointer-middle ng-tns-c289-11041\"><\/div>\n<\/div>\n<\/div>\n<\/div>\n<\/th>\n<th class=\"mat-sort-header mat-mdc-header-cell mdc-data-table__header-cell cdk-header-cell ng-tns-c289-11042 cdk-column-constructionYears mat-column-constructionYears ng-star-inserted mat-mdc-table-sticky mat-mdc-table-sticky-border-elem-top\" role=\"columnheader\" scope=\"col\" aria-sort=\"none\">\n<div class=\"mat-sort-header-container mat-focus-indicator ng-tns-c289-11042\" tabindex=\"0\" role=\"button\" aria-describedby=\"cdk-describedby-message-rxpApp-1-2\">\n<div class=\"mat-sort-header-content ng-tns-c289-11042\">\u00dcretim y\u0131l\u0131<\/div>\n<div class=\"mat-sort-header-arrow ng-trigger ng-trigger-arrowPosition ng-tns-c289-11042 ng-star-inserted\">\n<div class=\"mat-sort-header-stem ng-tns-c289-11042\"><\/div>\n<div class=\"mat-sort-header-indicator ng-tns-c289-11042 ng-trigger ng-trigger-indicator\">\n<div class=\"mat-sort-header-pointer-left ng-tns-c289-11042 ng-trigger ng-trigger-leftPointer\"><\/div>\n<div class=\"mat-sort-header-pointer-right ng-tns-c289-11042 ng-trigger ng-trigger-rightPointer\"><\/div>\n<div class=\"mat-sort-header-pointer-middle ng-tns-c289-11042\"><\/div>\n<\/div>\n<\/div>\n<\/div>\n<\/th>\n<th class=\"mat-sort-header mat-mdc-header-cell mdc-data-table__header-cell cdk-header-cell ng-tns-c289-11043 cdk-column-enginePowerKW mat-column-enginePowerKW ng-star-inserted mat-mdc-table-sticky mat-mdc-table-sticky-border-elem-top\" role=\"columnheader\" scope=\"col\" aria-sort=\"none\">\n<div class=\"mat-sort-header-container mat-focus-indicator ng-tns-c289-11043\" tabindex=\"0\" role=\"button\" aria-describedby=\"cdk-describedby-message-rxpApp-1-2\">\n<div class=\"mat-sort-header-content ng-tns-c289-11043\">kW<\/div>\n<div class=\"mat-sort-header-arrow ng-trigger ng-trigger-arrowPosition ng-tns-c289-11043 ng-star-inserted\">\n<div class=\"mat-sort-header-stem ng-tns-c289-11043\"><\/div>\n<div class=\"mat-sort-header-indicator ng-tns-c289-11043 ng-trigger ng-trigger-indicator\">\n<div class=\"mat-sort-header-pointer-left ng-tns-c289-11043 ng-trigger ng-trigger-leftPointer\"><\/div>\n<div class=\"mat-sort-header-pointer-right ng-tns-c289-11043 ng-trigger ng-trigger-rightPointer\"><\/div>\n<div class=\"mat-sort-header-pointer-middle ng-tns-c289-11043\"><\/div>\n<\/div>\n<\/div>\n<\/div>\n<\/th>\n<th class=\"mat-sort-header mat-mdc-header-cell mdc-data-table__header-cell cdk-header-cell ng-tns-c289-11044 cdk-column-enginePowerHP mat-column-enginePowerHP ng-star-inserted mat-mdc-table-sticky mat-mdc-table-sticky-border-elem-top\" role=\"columnheader\" scope=\"col\" aria-sort=\"none\">\n<div class=\"mat-sort-header-container mat-focus-indicator ng-tns-c289-11044\" tabindex=\"0\" role=\"button\" aria-describedby=\"cdk-describedby-message-rxpApp-1-2\">\n<div class=\"mat-sort-header-content ng-tns-c289-11044\">Beygir g\u00fcc\u00fc<\/div>\n<div class=\"mat-sort-header-arrow ng-trigger ng-trigger-arrowPosition ng-tns-c289-11044 ng-star-inserted\">\n<div class=\"mat-sort-header-stem ng-tns-c289-11044\"><\/div>\n<div class=\"mat-sort-header-indicator ng-tns-c289-11044 ng-trigger ng-trigger-indicator\">\n<div class=\"mat-sort-header-pointer-left ng-tns-c289-11044 ng-trigger ng-trigger-leftPointer\"><\/div>\n<div class=\"mat-sort-header-pointer-right ng-tns-c289-11044 ng-trigger ng-trigger-rightPointer\"><\/div>\n<div class=\"mat-sort-header-pointer-middle ng-tns-c289-11044\"><\/div>\n<\/div>\n<\/div>\n<\/div>\n<\/th>\n<th class=\"mat-sort-header mat-mdc-header-cell mdc-data-table__header-cell cdk-header-cell ng-tns-c289-11045 cdk-column-displacementCCM mat-column-displacementCCM ng-star-inserted mat-mdc-table-sticky mat-mdc-table-sticky-border-elem-top\" role=\"columnheader\" scope=\"col\" aria-sort=\"none\">\n<div class=\"mat-sort-header-container mat-focus-indicator ng-tns-c289-11045\" tabindex=\"0\" role=\"button\" aria-describedby=\"cdk-describedby-message-rxpApp-1-2\">\n<div class=\"mat-sort-header-content ng-tns-c289-11045\">cc<\/div>\n<div class=\"mat-sort-header-arrow ng-trigger ng-trigger-arrowPosition ng-tns-c289-11045 ng-star-inserted\">\n<div class=\"mat-sort-header-stem ng-tns-c289-11045\"><\/div>\n<div class=\"mat-sort-header-indicator ng-tns-c289-11045 ng-trigger ng-trigger-indicator\">\n<div class=\"mat-sort-header-pointer-left ng-tns-c289-11045 ng-trigger ng-trigger-leftPointer\"><\/div>\n<div class=\"mat-sort-header-pointer-right ng-tns-c289-11045 ng-trigger ng-trigger-rightPointer\"><\/div>\n<div class=\"mat-sort-header-pointer-middle ng-tns-c289-11045\"><\/div>\n<\/div>\n<\/div>\n<\/div>\n<\/th>\n<th class=\"mat-sort-header mat-mdc-header-cell mdc-data-table__header-cell cdk-header-cell ng-tns-c289-11046 cdk-column-engineCodes mat-column-engineCodes ng-star-inserted mat-mdc-table-sticky mat-mdc-table-sticky-border-elem-top\" role=\"columnheader\" scope=\"col\" aria-sort=\"none\">\n<div class=\"mat-sort-header-container mat-focus-indicator ng-tns-c289-11046\" tabindex=\"0\" role=\"button\" aria-describedby=\"cdk-describedby-message-rxpApp-1-2\">\n<div class=\"mat-sort-header-content ng-tns-c289-11046\">Motor kodu\/kodlar\u0131<\/div>\n<div class=\"mat-sort-header-arrow ng-trigger ng-trigger-arrowPosition ng-tns-c289-11046 ng-star-inserted\">\n<div class=\"mat-sort-header-stem ng-tns-c289-11046\"><\/div>\n<div class=\"mat-sort-header-indicator ng-tns-c289-11046 ng-trigger ng-trigger-indicator\">\n<div class=\"mat-sort-header-pointer-left ng-tns-c289-11046 ng-trigger ng-trigger-leftPointer\"><\/div>\n<div class=\"mat-sort-header-pointer-right ng-tns-c289-11046 ng-trigger ng-trigger-rightPointer\"><\/div>\n<div class=\"mat-sort-header-pointer-middle ng-tns-c289-11046\"><\/div>\n<\/div>\n<\/div>\n<\/div>\n<\/th>\n<th class=\"mat-sort-header mat-mdc-header-cell mdc-data-table__header-cell cdk-header-cell ng-tns-c289-11047 cdk-column-kbaNumbers mat-column-kbaNumbers ng-star-inserted mat-mdc-table-sticky mat-mdc-table-sticky-border-elem-top\" role=\"columnheader\" scope=\"col\" aria-sort=\"none\">\n<div class=\"mat-sort-header-container mat-focus-indicator ng-tns-c289-11047\" tabindex=\"0\" role=\"button\" aria-describedby=\"cdk-describedby-message-rxpApp-1-2\">\n<div class=\"mat-sort-header-content ng-tns-c289-11047\">KBA numaras\u0131 (Almanya)<\/div>\n<div class=\"mat-sort-header-arrow ng-trigger ng-trigger-arrowPosition ng-tns-c289-11047 ng-star-inserted\">\n<div class=\"mat-sort-header-stem ng-tns-c289-11047\"><\/div>\n<div class=\"mat-sort-header-indicator ng-tns-c289-11047 ng-trigger ng-trigger-indicator\">\n<div class=\"mat-sort-header-pointer-left ng-tns-c289-11047 ng-trigger ng-trigger-leftPointer\"><\/div>\n<div class=\"mat-sort-header-pointer-right ng-tns-c289-11047 ng-trigger ng-trigger-rightPointer\"><\/div>\n<div class=\"mat-sort-header-pointer-middle ng-tns-c289-11047\"><\/div>\n<\/div>\n<\/div>\n<\/div>\n<\/th>\n<\/tr>\n<\/thead>\n<tbody class=\"mdc-data-table__content\" role=\"rowgroup\">\n<tr class=\"mat-mdc-row mdc-data-table__row cdk-row ng-star-inserted\" tabindex=\"0\" role=\"row\">\n<td class=\"mat-mdc-cell mdc-data-table__cell cdk-cell cdk-column-linkageTarget mat-column-linkageTarget ng-star-inserted\" role=\"cell\"><\/td>\n<td class=\"mat-mdc-cell mdc-data-table__cell cdk-cell cdk-column-name mat-column-name ng-star-inserted\" role=\"cell\">2.0 i-VTEC 4WD (RE5, RE2)<\/td>\n<td class=\"mat-mdc-cell mdc-data-table__cell cdk-cell cdk-column-constructionYears mat-column-constructionYears ng-star-inserted\" role=\"cell\">10.2006 &#8211; 06.2012<\/td>\n<td class=\"mat-mdc-cell mdc-data-table__cell cdk-cell cdk-column-enginePowerKW mat-column-enginePowerKW ng-star-inserted\" role=\"cell\">110<\/td>\n<td class=\"mat-mdc-cell mdc-data-table__cell cdk-cell cdk-column-enginePowerHP mat-column-enginePowerHP ng-star-inserted\" role=\"cell\">150<\/td>\n<td class=\"mat-mdc-cell mdc-data-table__cell cdk-cell cdk-column-displacementCCM mat-column-displacementCCM ng-star-inserted\" role=\"cell\">1997<\/td>\n<td class=\"mat-mdc-cell mdc-data-table__cell cdk-cell cdk-column-engineCodes mat-column-engineCodes ng-star-inserted\" role=\"cell\">\n<div class=\"saam-cell--line-clamp ng-star-inserted\"><span class=\"csv ng-star-inserted\">R20A2\u00a0<\/span><span class=\"csv ng-star-inserted\">R20A1<\/span><\/div>\n<\/td>\n<td class=\"mat-mdc-cell mdc-data-table__cell cdk-cell cdk-column-kbaNumbers mat-column-kbaNumbers ng-star-inserted\" role=\"cell\">\n<div class=\"saam-cell--line-clamp ng-star-inserted\"><span class=\"csv ng-star-inserted\">2131AAG<\/span><\/div>\n<\/td>\n<\/tr>\n<tr class=\"mat-mdc-row mdc-data-table__row cdk-row ng-star-inserted\" tabindex=\"0\" role=\"row\">\n<td class=\"mat-mdc-cell mdc-data-table__cell cdk-cell cdk-column-linkageTarget mat-column-linkageTarget ng-star-inserted\" role=\"cell\"><\/td>\n<td class=\"mat-mdc-cell mdc-data-table__cell cdk-cell cdk-column-name mat-column-name ng-star-inserted\" role=\"cell\">2.4 i-VTEC 4WD (RE4)<\/td>\n<td class=\"mat-mdc-cell mdc-data-table__cell cdk-cell cdk-column-constructionYears mat-column-constructionYears ng-star-inserted\" role=\"cell\">Ba\u015flang\u0131\u00e7 10.2006<\/td>\n<td class=\"mat-mdc-cell mdc-data-table__cell cdk-cell cdk-column-enginePowerKW mat-column-enginePowerKW ng-star-inserted\" role=\"cell\">118<\/td>\n<td class=\"mat-mdc-cell mdc-data-table__cell cdk-cell cdk-column-enginePowerHP mat-column-enginePowerHP ng-star-inserted\" role=\"cell\">160<\/td>\n<td class=\"mat-mdc-cell mdc-data-table__cell cdk-cell cdk-column-displacementCCM mat-column-displacementCCM ng-star-inserted\" role=\"cell\">2354<\/td>\n<td class=\"mat-mdc-cell mdc-data-table__cell cdk-cell cdk-column-engineCodes mat-column-engineCodes ng-star-inserted\" role=\"cell\">\n<div class=\"saam-cell--line-clamp ng-star-inserted\"><span class=\"csv ng-star-inserted\">K24Z1<\/span><\/div>\n<\/td>\n<\/tr>\n<\/tbody>\n<\/table>\n<\/div>\n<p>________________________________________________________________________________________________________________________________________________________<\/p>\n","protected":false},"excerpt":{"rendered":"<ul>\n<li><strong>STOP SOKET\u0130<\/strong><\/li>\n<li><strong>AYNA BA\u011eLANTI SOKET\u0130<\/strong><\/li>\n<\/ul>\n","protected":false},"featured_media":63353,"template":"","meta":[],"product_brand":[],"product_cat":[93,111],"product_tag":[],"class_list":{"0":"post-60627","1":"product","2":"type-product","3":"status-publish","4":"has-post-thumbnail","6":"product_cat-4-kablolu-soketler","7":"product_cat-honda","9":"first","10":"instock","11":"taxable","12":"shipping-taxable","13":"purchasable","14":"product-type-simple"},"_links":{"self":[{"href":"https:\/\/otosoket.com\/index.php\/wp-json\/wp\/v2\/product\/60627","targetHints":{"allow":["GET"]}}],"collection":[{"href":"https:\/\/otosoket.com\/index.php\/wp-json\/wp\/v2\/product"}],"about":[{"href":"https:\/\/otosoket.com\/index.php\/wp-json\/wp\/v2\/types\/product"}],"wp:featuredmedia":[{"embeddable":true,"href":"https:\/\/otosoket.com\/index.php\/wp-json\/wp\/v2\/media\/63353"}],"wp:attachment":[{"href":"https:\/\/otosoket.com\/index.php\/wp-json\/wp\/v2\/media?parent=60627"}],"wp:term":[{"taxonomy":"product_brand","embeddable":true,"href":"https:\/\/otosoket.com\/index.php\/wp-json\/wp\/v2\/product_brand?post=60627"},{"taxonomy":"product_cat","embeddable":true,"href":"https:\/\/otosoket.com\/index.php\/wp-json\/wp\/v2\/product_cat?post=60627"},{"taxonomy":"product_tag","embeddable":true,"href":"https:\/\/otosoket.com\/index.php\/wp-json\/wp\/v2\/product_tag?post=60627"}],"curies":[{"name":"wp","href":"https:\/\/api.w.org\/{rel}","templated":true}]}}