{"id":60644,"date":"2025-07-01T07:57:27","date_gmt":"2025-07-01T07:57:27","guid":{"rendered":"https:\/\/otosoket.com\/?post_type=product&#038;p=60644"},"modified":"2026-03-12T07:26:12","modified_gmt":"2026-03-12T07:26:12","slug":"6k038","status":"publish","type":"product","link":"https:\/\/otosoket.com\/index.php\/product\/6k038\/","title":{"rendered":"6K038"},"content":{"rendered":"<p>__________________<span style=\"color: #000000;\">______________________________________________________________________________________________________________________________________<\/span><\/p>\n<p><span style=\"color: #000000;\"><strong>OEM Ana Sinyal Soketi : <\/strong><span style=\"color: #ffffff;\">33471-0606 \/33471-0601\/9U2Z-14S411-NA, 9U2Z14S411NA, WPT-944, R3Z-13201-C, R3Z-13201-B\/33471-0601\/9U2Z-14S411-NA, 9U2Z14S411NA, WPT-944, R3Z-13201-C, R3Z-13201-B\/<\/span><\/span><\/p>\n<ul>\n<li>Ford Mustang Sinyal Soketi<\/li>\n<li>Lincoln Sinyal Soketi<\/li>\n<\/ul>\n<p>________________________________________________________________________________________________________________________________________________________<\/p>\n<p><strong>Oem \u015eanz\u0131man Ya\u011f\u0131 S\u0131cakl\u0131k Sens\u00f6r\u00fc Soketi :<\/strong> <span style=\"color: #ffffff;\">9U2Z14S411NA \/<\/span><\/p>\n<p>________________________________________________________________________________________________________________________________________________________<\/p>\n<p>&nbsp;<\/p>\n","protected":false},"excerpt":{"rendered":"<ul>\n<li><strong>ANA Sinyal Ba\u011flant\u0131 Soketi<\/strong><\/li>\n<li><strong>\u015eanz\u0131man Ya\u011f\u0131 S\u0131cakl\u0131k Sens\u00f6r\u00fc Soketi<\/strong><\/li>\n<li><strong>Geri Vites Kameras\u0131 Ba\u011flant\u0131 Soketi<\/strong><\/li>\n<\/ul>\n","protected":false},"featured_media":63488,"template":"","meta":[],"product_brand":[],"product_cat":[94,106,179],"product_tag":[],"class_list":{"0":"post-60644","1":"product","2":"type-product","3":"status-publish","4":"has-post-thumbnail","6":"product_cat-6-kablolu-soketler","7":"product_cat-ford","8":"product_cat-gmc","10":"first","11":"instock","12":"taxable","13":"shipping-taxable","14":"purchasable","15":"product-type-simple"},"_links":{"self":[{"href":"https:\/\/otosoket.com\/index.php\/wp-json\/wp\/v2\/product\/60644","targetHints":{"allow":["GET"]}}],"collection":[{"href":"https:\/\/otosoket.com\/index.php\/wp-json\/wp\/v2\/product"}],"about":[{"href":"https:\/\/otosoket.com\/index.php\/wp-json\/wp\/v2\/types\/product"}],"wp:featuredmedia":[{"embeddable":true,"href":"https:\/\/otosoket.com\/index.php\/wp-json\/wp\/v2\/media\/63488"}],"wp:attachment":[{"href":"https:\/\/otosoket.com\/index.php\/wp-json\/wp\/v2\/media?parent=60644"}],"wp:term":[{"taxonomy":"product_brand","embeddable":true,"href":"https:\/\/otosoket.com\/index.php\/wp-json\/wp\/v2\/product_brand?post=60644"},{"taxonomy":"product_cat","embeddable":true,"href":"https:\/\/otosoket.com\/index.php\/wp-json\/wp\/v2\/product_cat?post=60644"},{"taxonomy":"product_tag","embeddable":true,"href":"https:\/\/otosoket.com\/index.php\/wp-json\/wp\/v2\/product_tag?post=60644"}],"curies":[{"name":"wp","href":"https:\/\/api.w.org\/{rel}","templated":true}]}}